{"id":106096,"date":"2017-02-26T23:48:20","date_gmt":"2017-02-26T22:48:20","guid":{"rendered":"https:\/\/cdiffprom.ch\/produit\/presse-wandleitern\/"},"modified":"2017-02-26T23:48:20","modified_gmt":"2017-02-26T22:48:20","slug":"presse-wandleitern","status":"publish","type":"product","link":"https:\/\/cdiffprom.ch\/de\/produit\/presse-wandleitern\/","title":{"rendered":"Presse-Wandleitern"},"content":{"rendered":"<h3><strong><span style=\"color: #993300;\">Wandleitern von Presse<\/span><\/strong><\/h3>\n<p>M\u00f6chten Sie ein Maximum an Pr\u00e4sentationen auf einem Minimum an Fl\u00e4che haben? Dann sind diese Wandleitern von Presse sicherlich genau das Richtige f\u00fcr Sie und eine ideale L\u00f6sung f\u00fcr Ihre Pr\u00e4sentationseinrichtung. <\/p>\n<p>Diese Wandleitern von Presse sind in verschiedenen Gr\u00f6\u00dfen erh\u00e4ltlich, mit 5, 10 oder 15 Feldern oder 5 B\u00f6den.<\/p>\n<p>Dar\u00fcber hinaus ist es bei Bedarf auch m\u00f6glich, eine Anordnung f\u00fcr Titel im Halbformat zu erhalten.<\/p>\n<p>Au\u00dferdem k\u00f6nnen Sie bis zu 30 Tageszeitungen aufstellen, wenn Sie sie in der H\u00f6he positionieren. Dank des verzinkten Stahldrahtes, der sie vor Korrosion sch\u00fctzt, k\u00f6nnen Sie sie auch problemlos im Freien aufstellen. Au\u00dferdem k\u00f6nnen Sie die Presse-Wandleitern ganz einfach an der Wand oder einem Regal befestigen.  <\/p>\n<p>Auf diese Weise kann jede Ausgabe f\u00fcr jeden Leser oder potenziellen K\u00e4ufer, der in Ihr Gesch\u00e4ft oder Ihre Verkaufsstelle kommt, m\u00fchelos hervorgehoben und sichtbar gemacht werden.<\/p>\n<p>Sie k\u00f6nnen diese Presse-Wandleitern problemlos an vielen \u00f6ffentlichen Orten wie Hotels, Kiosken, Gesch\u00e4ften oder anderen Einrichtungen, die diese Art der Pr\u00e4sentation ben\u00f6tigen, aufstellen.<\/p>\n<p>Auf der 5-teiligen Skala empfehlen wir Ihnen, mindestens 10 Publikationen zu pr\u00e4sentieren, 2 pro Fach, um eine optimale Sichtbarkeit zu gew\u00e4hrleisten.<\/p>\n<h4><strong><span style=\"color: #993300;\">Verf\u00fcgbare Gr\u00f6\u00dfen :<br \/>\n<\/span><\/strong><\/h4>\n<ul>\n<li>  5 F\u00e4cher, H\u00f6he 89 cm, Breite 45 cm x Tiefe 16 cm<\/li>\n<li>10 F\u00e4cher, H\u00f6he 170 cm x Breite 45 cm x Tiefe 16 cm<\/li>\n<li>15 F\u00e4cher, H\u00f6he 170 cm x Breite 45 cm x Tiefe 16 cm<\/li>\n<li>  5 Tabletts, H\u00f6he 170 cm x Breite 46 cm x Tiefe 25 cm<\/li>\n<\/ul>\n<h4><span style=\"color: #800000;\"><strong>Lieferbedingungen :<br \/>\n<\/strong><\/span><\/h4>\n<p>Zu Ihrer Information: Nach Eingang Ihres Auftrags sind unsere Produkte innerhalb von etwa zehn Tagen lieferbar.<\/p>\n<p>Z\u00f6gern Sie nicht <span style=\"color: #800000;\"><u><a style=\"color: #800000;\" href=\"https:\/\/cdiffprom.ch\/elements\/contactez-nous\/\">kontaktieren Sie uns bitte.<\/a><\/u><\/span> Wenn Sie einen dringenderen Bedarf haben, haben wir immer eine schnellere L\u00f6sung f\u00fcr Sie und k\u00f6nnen Sie auch \u00fcber Rabatte bei Mengenbestellungen informieren.<\/p>\n<p>Einige Artikel k\u00f6nnen eine l\u00e4ngere Lieferzeit in Anspruch nehmen, da sie nicht auf Lager unseres Lieferanten sind. In diesem Fall werden Sie nach Eingang Ihrer Bestellung benachrichtigt. <\/p>\n<p>Wir liefern versandkostenfrei ab einem Bestellwert von CHF. 500.-. Unterhalb dieses Betrags wird eine Pauschale von CHF. 15,90 zu entrichten. <\/p>\n<p>Bei allen Online-Bestellungen f\u00fchren wir immer einen Telefonanruf durch, um sicherzustellen, dass Sie das richtige Produkt f\u00fcr Ihre Bed\u00fcrfnisse ausgew\u00e4hlt haben. So k\u00f6nnen Sie sicher sein, dass Sie die richtige Wahl treffen. <\/p>\n<p>Bitte beachten Sie, dass die Promo-Codes nicht kumulierbar sind und der Rabatt auf Ihrer Bestellung sichtbar ist.<\/p>\n<p>&nbsp;<\/p>\n","protected":false},"excerpt":{"rendered":"<p>Wandleitern von Presse M\u00f6chten Sie ein Maximum an Pr\u00e4sentationen auf einem Minimum an Fl\u00e4che haben? Dann sind diese Wandleitern von Presse sicherlich genau das Richtige f\u00fcr Sie und eine ideale L\u00f6sung f\u00fcr Ihre Pr\u00e4sentationseinrichtung. Diese Wandleitern von Presse sind in verschiedenen Gr\u00f6\u00dfen erh\u00e4ltlich, mit 5, 10 oder 15 Feldern oder 5 B\u00f6den. Dar\u00fcber hinaus ist&#8230;<\/p>\n","protected":false},"featured_media":103540,"template":"","meta":{"slim_seo":{"title":"Presse-Wandleitern - Suisse - C.Diff-Prom","description":"Wandleitern von Presse M\u00f6chten Sie ein Maximum an Pr\u00e4sentationen auf einem Minimum an Fl\u00e4che haben? Dann sind diese Wandleitern von Presse sicherlich genau das"}},"product_brand":[],"product_cat":[6475,6401],"product_tag":[],"class_list":{"0":"post-106096","1":"product","2":"type-product","3":"status-publish","4":"has-post-thumbnail","6":"product_cat-leitern-fur-presse-und-zeitungen","7":"product_cat-zeitungsstander","9":"first","10":"instock","11":"taxable","12":"shipping-taxable","13":"purchasable","14":"product-type-variable"},"_links":{"self":[{"href":"https:\/\/cdiffprom.ch\/de\/wp-json\/wp\/v2\/product\/106096","targetHints":{"allow":["GET"]}}],"collection":[{"href":"https:\/\/cdiffprom.ch\/de\/wp-json\/wp\/v2\/product"}],"about":[{"href":"https:\/\/cdiffprom.ch\/de\/wp-json\/wp\/v2\/types\/product"}],"wp:featuredmedia":[{"embeddable":true,"href":"https:\/\/cdiffprom.ch\/de\/wp-json\/wp\/v2\/media\/103540"}],"wp:attachment":[{"href":"https:\/\/cdiffprom.ch\/de\/wp-json\/wp\/v2\/media?parent=106096"}],"wp:term":[{"taxonomy":"product_brand","embeddable":true,"href":"https:\/\/cdiffprom.ch\/de\/wp-json\/wp\/v2\/product_brand?post=106096"},{"taxonomy":"product_cat","embeddable":true,"href":"https:\/\/cdiffprom.ch\/de\/wp-json\/wp\/v2\/product_cat?post=106096"},{"taxonomy":"product_tag","embeddable":true,"href":"https:\/\/cdiffprom.ch\/de\/wp-json\/wp\/v2\/product_tag?post=106096"}],"curies":[{"name":"wp","href":"https:\/\/api.w.org\/{rel}","templated":true}]}}