{"id":106102,"date":"2017-03-01T17:18:37","date_gmt":"2017-03-01T16:18:37","guid":{"rendered":"https:\/\/cdiffprom.ch\/produit\/doppelseitige-plakatrahmen\/"},"modified":"2017-03-01T17:18:37","modified_gmt":"2017-03-01T16:18:37","slug":"doppelseitige-plakatrahmen","status":"publish","type":"product","link":"https:\/\/cdiffprom.ch\/de\/produit\/doppelseitige-plakatrahmen\/","title":{"rendered":"Doppelseitige Plakatrahmen"},"content":{"rendered":"<h3><span style=\"color: #800000;\"><strong>Doppelseitige Plakatrahmen<\/strong><\/span><\/h3>\n<p>Unsere doppelseitigen Plakatrahmen heben Ihre Kommunikation sowohl am Eingang als auch am Ausgang Ihres Gesch\u00e4fts hervor.<\/p>\n<p>Dar\u00fcber hinaus verdeckt der \u00e4u\u00dfere Rahmen die R\u00fcckseite des inneren Rahmens.<\/p>\n<p>Es besteht die M\u00f6glichkeit, einen Karton zwischen Ihre beiden Poster einzuf\u00fcgen, um eine m\u00f6gliche Transparenz zu beseitigen.<\/p>\n<p>Dar\u00fcber hinaus ist die Installation im Hoch- oder Querformat m\u00f6glich.<\/p>\n<p>Die Montage ist auch auf Plexiglasplatten m\u00f6glich, wenn Sie diese nicht auf Ihr Schaufenster kleben m\u00f6chten.<\/p>\n<p>Verf\u00fcgbar von A5 bis A0 und auch in 60 x 80 cm.<\/p>\n<p>Die \u00d6ffnung mit dem Clic Clac-Verfahren erm\u00f6glicht Ihnen einen einfachen Wechsel Ihrer Poster.<\/p>\n<p>Degressiver Preis auf Anfrage, ab dem f\u00fcnften bestellten Rahmen im selben Format.<\/p>\n<h4><strong><span style=\"color: #800000;\">Lieferbedingungen :<br \/>\n<\/span><\/strong><\/h4>\n<p>Alle unsere Produkte sind innerhalb von 10 Tagen nach Eingang Ihrer Bestellung lieferbar. Bitte z\u00f6gern Sie nicht, uns zu kontaktieren. <u><a href=\"https:\/\/cdiffprom.ch\/elements\/contactez-nous\/\"><span style=\"color: #800000;\">uns zu kontaktieren.<\/span><\/a><\/u> Wenn Sie einen dringenderen Bedarf haben, k\u00f6nnen wir Ihnen immer eine schnellere L\u00f6sung anbieten. <\/p>\n<p>Einige Artikel k\u00f6nnen eine l\u00e4ngere Lieferzeit in Anspruch nehmen, da sie nicht auf Lager unseres Lieferanten sind. In diesem Fall werden Sie nach Eingang Ihrer Bestellung benachrichtigt. <\/p>\n<p>Wir liefern versandkostenfrei ab einem Bestellwert von CHF. 500.-. Unterhalb dieses Betrags wird eine Pauschale von CHF. 15,90 zu entrichten. <\/p>\n<p>Bei allen Online-Bestellungen f\u00fchren wir immer einen Telefonanruf durch, um sicherzustellen, dass Sie das richtige Produkt f\u00fcr Ihre Bed\u00fcrfnisse ausgew\u00e4hlt haben. So k\u00f6nnen Sie sicher sein, dass Sie die richtige Wahl treffen. <\/p>\n<p>Bitte beachten Sie, dass die Promo-Codes nicht kumulierbar sind und der Rabatt auf Ihrer Bestellung sichtbar ist.<\/p>\n","protected":false},"excerpt":{"rendered":"<p>Doppelseitige Plakatrahmen zum Aufstellen auf Vitrinen, selbstklebendes Clic-Clac-System mit beidseitigem Plexiglasschutz. Der Rahmen ist rundum mit Klebstoff versehen, um eine optimale Befestigung zu gew\u00e4hrleisten. <\/p>\n<p>Staffelpreis auf Anfrage ab 5 gekauften Rahmen<\/p>\n","protected":false},"featured_media":103590,"template":"","meta":{"slim_seo":{"title":"Doppelseitige Plakatrahmen - Suisse - C.Diff-Prom","description":"Doppelseitige Plakatrahmen zum Aufstellen auf Vitrinen, selbstklebendes Clic-Clac-System mit beidseitigem Plexiglasschutz. Der Rahmen ist rundum mit Klebstoff v"}},"product_brand":[],"product_cat":[6342,6339],"product_tag":[],"class_list":{"0":"post-106102","1":"product","2":"type-product","3":"status-publish","4":"has-post-thumbnail","6":"product_cat-anzeige","7":"product_cat-plakatrahmen","9":"first","10":"instock","11":"taxable","12":"shipping-taxable","13":"purchasable","14":"product-type-variable"},"_links":{"self":[{"href":"https:\/\/cdiffprom.ch\/de\/wp-json\/wp\/v2\/product\/106102","targetHints":{"allow":["GET"]}}],"collection":[{"href":"https:\/\/cdiffprom.ch\/de\/wp-json\/wp\/v2\/product"}],"about":[{"href":"https:\/\/cdiffprom.ch\/de\/wp-json\/wp\/v2\/types\/product"}],"wp:featuredmedia":[{"embeddable":true,"href":"https:\/\/cdiffprom.ch\/de\/wp-json\/wp\/v2\/media\/103590"}],"wp:attachment":[{"href":"https:\/\/cdiffprom.ch\/de\/wp-json\/wp\/v2\/media?parent=106102"}],"wp:term":[{"taxonomy":"product_brand","embeddable":true,"href":"https:\/\/cdiffprom.ch\/de\/wp-json\/wp\/v2\/product_brand?post=106102"},{"taxonomy":"product_cat","embeddable":true,"href":"https:\/\/cdiffprom.ch\/de\/wp-json\/wp\/v2\/product_cat?post=106102"},{"taxonomy":"product_tag","embeddable":true,"href":"https:\/\/cdiffprom.ch\/de\/wp-json\/wp\/v2\/product_tag?post=106102"}],"curies":[{"name":"wp","href":"https:\/\/api.w.org\/{rel}","templated":true}]}}