{"id":106103,"date":"2017-02-27T14:30:43","date_gmt":"2017-02-27T13:30:43","guid":{"rendered":"https:\/\/cdiffprom.ch\/produit\/bordsteinstopper-mit-federbasis\/"},"modified":"2017-02-27T14:30:43","modified_gmt":"2017-02-27T13:30:43","slug":"bordsteinstopper-mit-federbasis","status":"publish","type":"product","link":"https:\/\/cdiffprom.ch\/de\/produit\/bordsteinstopper-mit-federbasis\/","title":{"rendered":"Bordsteinstopper mit Federbasis"},"content":{"rendered":"<h3><span style=\"color: #800000;\">Bordsteinstopper mit Federbasis<\/span><\/h3>\n<p>Der Bordsteinstopper auf Federbasis ist ein ideales Modell f\u00fcr Ihren Verkaufsort! Au\u00dferdem k\u00f6nnen Wind und Wetter diesem St\u00e4nder nichts anhaben. <\/p>\n<p>Der wasserdichte Rahmen mit einer umlaufenden Dichtung ist bei Regen sehr n\u00fctzlich.<\/p>\n<p>Er ist in allen g\u00e4ngigen Formaten erh\u00e4ltlich und ist die ideale L\u00f6sung f\u00fcr sein Gegenst\u00fcck.<span style=\"color: #800000;\"> <a style=\"color: #800000;\" href=\"https:\/\/cdiffprom.ch\/produit\/stop-trottoir-base-lestee\/\">Alter Ego auf beschwerter Basis<\/a><\/span> die Sie ebenfalls auf unseren Seiten finden k\u00f6nnen.<br \/>\nAu\u00dferdem ist dieser St\u00e4nder jetzt auch in schwarz und alu-grau zum gleichen Preis erh\u00e4ltlich, sowohl f\u00fcr den Rahmen als auch f\u00fcr die Basis.<\/p>\n<p>Dar\u00fcber hinaus ist der Klick-Klack-Plakatrahmen sehr einfach zu bedienen. Er l\u00e4sst sich an allen vier Seiten \u00f6ffnen. <\/p>\n<h4><span style=\"color: #800000;\">Empfohlene Nutzungstypen<\/span><\/h4>\n<p>Auf der Stra\u00dfe, in Restaurants, bei Kfz-Dienstleistungen, wie z.B. Reifen- und Batterieaktionen, oder bei allen Arten von Gesch\u00e4ften, bei denen Sie weithin sichtbar sein m\u00fcssen.<br \/>\nAchten Sie darauf, dass Sie die Richtlinien f\u00fcr Au\u00dfenwerbung Ihrer Gemeinde beachten, da einige Gemeinden die H\u00f6he auf 120 cm begrenzen.<\/p>\n<p>Da die gefederte Metallbasis leichter ist als die beschwerte Basis, kann dieser federbelastete Bordsteinstopper bei Bedarf leicht bewegt werden.<\/p>\n<h4><span style=\"color: #800000;\">Technische Spezifikationen<\/span><\/h4>\n<p>Posterformat und Gesamtabmessungen 84 x 59,4 cm, H120 x B71 x T106 cm und 12 kg f\u00fcr A1,<br \/>\n118,8 x 84 cm, Gesamtabmessungen H155 x B90 x T142 cm f\u00fcr 17 kg f\u00fcr den A0 und<br \/>\nH136 x B90 x T126 cm f\u00fcr 14 kg f\u00fcr 100 x 70<\/p>\n","protected":false},"excerpt":{"rendered":"<p>Bordsteinstopper auf wasserfester Metallbasis mit Blend- und UV-Schutz<br \/>\nJetzt erh\u00e4ltlich in Schwarz und Alu-Grau<\/p>\n<p>Mengenrabatt ab 5 St\u00fcck<\/p>\n","protected":false},"featured_media":103548,"template":"","meta":{"slim_seo":{"title":"Bordsteinstopper mit Federbasis - Suisse - C.Diff-Prom","description":"Bordsteinstopper auf wasserfester Metallbasis mit Blend- und UV-Schutz Jetzt erh\u00e4ltlich in Schwarz und Alu-Grau Mengenrabatt ab 5 St\u00fcck"}},"product_brand":[],"product_cat":[6570,6342,6343],"product_tag":[],"class_list":{"0":"post-106103","1":"product","2":"type-product","3":"status-publish","4":"has-post-thumbnail","6":"product_cat-100-wasserdicht","7":"product_cat-anzeige","8":"product_cat-staffeleien-gehwegstopper","10":"first","11":"instock","12":"taxable","13":"shipping-taxable","14":"purchasable","15":"product-type-variable"},"_links":{"self":[{"href":"https:\/\/cdiffprom.ch\/de\/wp-json\/wp\/v2\/product\/106103","targetHints":{"allow":["GET"]}}],"collection":[{"href":"https:\/\/cdiffprom.ch\/de\/wp-json\/wp\/v2\/product"}],"about":[{"href":"https:\/\/cdiffprom.ch\/de\/wp-json\/wp\/v2\/types\/product"}],"wp:featuredmedia":[{"embeddable":true,"href":"https:\/\/cdiffprom.ch\/de\/wp-json\/wp\/v2\/media\/103548"}],"wp:attachment":[{"href":"https:\/\/cdiffprom.ch\/de\/wp-json\/wp\/v2\/media?parent=106103"}],"wp:term":[{"taxonomy":"product_brand","embeddable":true,"href":"https:\/\/cdiffprom.ch\/de\/wp-json\/wp\/v2\/product_brand?post=106103"},{"taxonomy":"product_cat","embeddable":true,"href":"https:\/\/cdiffprom.ch\/de\/wp-json\/wp\/v2\/product_cat?post=106103"},{"taxonomy":"product_tag","embeddable":true,"href":"https:\/\/cdiffprom.ch\/de\/wp-json\/wp\/v2\/product_tag?post=106103"}],"curies":[{"name":"wp","href":"https:\/\/api.w.org\/{rel}","templated":true}]}}