{"id":106119,"date":"2017-03-01T09:08:46","date_gmt":"2017-03-01T08:08:46","guid":{"rendered":"https:\/\/cdiffprom.ch\/produit\/an-kabeln-aufgehaengte-leuchtanzeigen\/"},"modified":"2017-03-01T09:08:46","modified_gmt":"2017-03-01T08:08:46","slug":"an-kabeln-aufgehaengte-leuchtanzeigen","status":"publish","type":"product","link":"https:\/\/cdiffprom.ch\/de\/produit\/an-kabeln-aufgehaengte-leuchtanzeigen\/","title":{"rendered":"An Kabeln aufgeh\u00e4ngte Leuchtanzeigen"},"content":{"rendered":"<h3><strong><span style=\"color: #780505;\">An Kabeln aufgeh\u00e4ngte Leuchtanzeigen<\/span><\/strong><\/h3>\n<p>W\u00e4hlen Sie unsere H\u00e4ngende Leuchtwerbung, um Ihre Angebote zu pr\u00e4sentieren, die eine mehrfache Sichtbarkeit erfordern.<br \/>\nIdeal f\u00fcr Immobilienmakler, Reiseb\u00fcros, Arbeitsvermittlungsagenturen und viele andere, um Ihre verschiedenen Angebote optimal zu pr\u00e4sentieren.<br \/>\nErh\u00e4ltlich in den Standardformaten A4 und A3, ein- oder doppelseitig. Andere Gr\u00f6\u00dfen sind auf Anfrage erh\u00e4ltlich. <\/p>\n<h4><strong><span style=\"color: #780505;\">Montageoptionen H\u00e4ngende Leuchtanzeige an Kabeln<\/span><\/strong><\/h4>\n<p>Wir haben zahlreiche Optionen f\u00fcr die Installation auf einer oder mehreren S\u00e4ulen, aber auch in bogenf\u00f6rmigen Vitrinen und auch einzeln (siehe Fotos).<br \/>\nAu\u00dferdem erfolgt die Montage meist auf einer Schiene, die an der Decke und am Boden Ihres Schaufensters angebracht wird. Es ist auch m\u00f6glich, eine S\u00e4ule allein zu installieren.<br \/>\nWenn es nicht m\u00f6glich ist, eine Schiene am Boden zu installieren, kann das Kabel auch mit Hilfe von Ballastgewichten gespannt werden.<br \/>\nDas Schienenprinzip ist ideal, da Sie die Rahmen nach links oder rechts verschieben k\u00f6nnen, was eine einfache Reinigung Ihrer Vitrine erm\u00f6glicht. <\/p>\n<p>Die an Kabeln aufgeh\u00e4ngten Display-Leuchtrahmen sind im Hoch- und Querformat verstellbar.<br \/>\nDie Stromversorgung erfolgt \u00fcber einen Transformator, der an 220 Volt angeschlossen ist. Au\u00dferdem ist die Beleuchtung f\u00fcr mehr als 60.000 Stunden garantiert. <\/p>\n<h4><strong><span style=\"color: #780505;\">Empfohlener Papiertyp<\/span><\/strong><\/h4>\n<p>Die Helligkeit des Rahmens erm\u00f6glicht die Verwendung von allen Standardpapieren, aber auch von Pauspapier oder Transparentpapier. W\u00e4hlen Sie vorzugsweise ein hochwei\u00dfes Glossy-Papier f\u00fcr eine optimale Darstellung.<br \/>\nAu\u00dferdem ist die beste Option ein &#8222;Backlight&#8220;-Papier, das speziell f\u00fcr die Hintergrundbeleuchtung entwickelt wurde. <\/p>\n<p>Vergessen Sie nicht, unsere <a href=\"https:\/\/cdiffprom.ch\/de\/produit\/zubehoer-fuer-leuchtplakate\/\">Zubeh\u00f6rseiten <\/a>zu besuchen, um die Artikel f\u00fcr Ihre Installation zu sehen und zu kalkulieren, z.B. <a href=\"https:\/\/cdiffprom.ch\/de\/produit\/vm-montagezubehoer\/\">Montagekabel<\/a>.<\/p>\n<h4><strong><span style=\"color: #780505;\">Installation und Montage<\/span><\/strong><\/h4>\n<p>Wenn Sie die Installation nicht selbst vornehmen m\u00f6chten, k\u00f6nnen Sie sie gerne zu einem angemessenen Preis durchf\u00fchren.<br \/>\nZ\u00f6gern Sie nicht, sich f\u00fcr eine pers\u00f6nliche Beratung und einen auf Ihre Situation zugeschnittenen Kostenvoranschlag zu erkundigen! Wir kommen zu Ihnen, um Ihnen die Montageparameter zu zeigen, und das ohne jegliche Kaufverpflichtung. <\/p>\n<p>Schneller Service nach dem Verkauf. 2 Jahre Garantie auf den Plakatrahmen ab dem Tag der Installation. <\/p>\n<p>Ben\u00f6tigen Sie Unterst\u00fctzung bei der Gestaltung Ihrer Plakate? Kontaktieren Sie <a href=\"https:\/\/impactpub.ch\/\">Impact Pub<\/a>, wenn Sie in Genf ans\u00e4ssig sind, und <a href=\"http:\/\/www.kontrast-publicite.ch\/\">Kontrast Publicit\u00e9<\/a>, wenn Sie in Neuch\u00e2tel &#8211; Chaux de Fonds ans\u00e4ssig sind. <\/p>\n<p><strong><span style=\"color: #780505;\">Technische Spezifikationen:<\/span><\/strong><br \/>\nFunktioniert mit 220 Volt und 12-Volt-Transformator.<br \/>\nTangentiale Led-Hintergrundbeleuchtung, die \u00fcber die gesamte Fl\u00e4che verteilt ist.<br \/>\nDicke des Rahmens: 15 mm<br \/>\nGesamtabmessungen:<br \/>\nA4 vertikal 37 x 26,7 cm<br \/>\nA4 horizontal 29 x 35,2 cm<br \/>\nA3 vertikal 49,5 x 35,2 cm<br \/>\nA3 horizontal 38 x 47,7 cm<\/p>\n<p>&nbsp;<\/p>\n<p>&nbsp;<\/p>\n","protected":false},"excerpt":{"rendered":"<p>Ein an Kabeln aufgeh\u00e4ngtes, beleuchtetes Plakatsystem mit erstklassiger Leuchtkraft f\u00fcr 60.000 Stunden, auf Wunsch auch doppelseitig erh\u00e4ltlich. Anbringen und Abnehmen der Plakate durch einfaches Kippen des magnetischen Frontrahmens.<br \/>\nIdeal f\u00fcr Immobilienmakler und Reiseb\u00fcros. <\/p>\n<h4>Fordern Sie ein detailliertes Angebot f\u00fcr eine komplette Installation an, indem Sie hier klicken. <a href=\"https:\/\/cdiffprom.ch\/elements\/contactez-nous\/\"><span style=\"color: #bd1111;\"><strong> HIER<\/strong><\/span><\/a><\/h4>\n","protected":false},"featured_media":104130,"template":"","meta":{"slim_seo":{"title":"An Kabeln aufgeh\u00e4ngte Leuchtanzeigen - Suisse - C.Diff-Prom","description":"Ein an Kabeln aufgeh\u00e4ngtes, beleuchtetes Plakatsystem mit erstklassiger Leuchtkraft f\u00fcr 60.000 Stunden, auf Wunsch auch doppelseitig erh\u00e4ltlich. Anbringen und A"}},"product_brand":[],"product_cat":[6342,6373],"product_tag":[],"class_list":{"0":"post-106119","1":"product","2":"type-product","3":"status-publish","4":"has-post-thumbnail","6":"product_cat-anzeige","7":"product_cat-leuchtanzeige","9":"first","10":"instock","11":"taxable","12":"shipping-taxable","13":"purchasable","14":"product-type-variable"},"_links":{"self":[{"href":"https:\/\/cdiffprom.ch\/de\/wp-json\/wp\/v2\/product\/106119","targetHints":{"allow":["GET"]}}],"collection":[{"href":"https:\/\/cdiffprom.ch\/de\/wp-json\/wp\/v2\/product"}],"about":[{"href":"https:\/\/cdiffprom.ch\/de\/wp-json\/wp\/v2\/types\/product"}],"wp:featuredmedia":[{"embeddable":true,"href":"https:\/\/cdiffprom.ch\/de\/wp-json\/wp\/v2\/media\/104130"}],"wp:attachment":[{"href":"https:\/\/cdiffprom.ch\/de\/wp-json\/wp\/v2\/media?parent=106119"}],"wp:term":[{"taxonomy":"product_brand","embeddable":true,"href":"https:\/\/cdiffprom.ch\/de\/wp-json\/wp\/v2\/product_brand?post=106119"},{"taxonomy":"product_cat","embeddable":true,"href":"https:\/\/cdiffprom.ch\/de\/wp-json\/wp\/v2\/product_cat?post=106119"},{"taxonomy":"product_tag","embeddable":true,"href":"https:\/\/cdiffprom.ch\/de\/wp-json\/wp\/v2\/product_tag?post=106119"}],"curies":[{"name":"wp","href":"https:\/\/api.w.org\/{rel}","templated":true}]}}