{"id":106139,"date":"2017-03-01T11:28:46","date_gmt":"2017-03-01T10:28:46","guid":{"rendered":"https:\/\/cdiffprom.ch\/produit\/spezielles-presentoir-1-3a4-gross\/"},"modified":"2017-03-01T11:28:46","modified_gmt":"2017-03-01T10:28:46","slug":"spezielles-presentoir-1-3a4-gross","status":"publish","type":"product","link":"https:\/\/cdiffprom.ch\/de\/produit\/spezielles-presentoir-1-3a4-gross\/","title":{"rendered":"Spezielles Presentoir 1\/3a4 gro\u00df"},"content":{"rendered":"<h3><span style=\"color: #800000;\"><strong>Spezialdisplay 1\/3A4 gro\u00df<br \/>\n<\/strong><\/span><\/h3>\n<p>Um alle Ihre Brosch\u00fcren aufzustellen, ist dieses spezielle 1\/3A4-Display in gro\u00df ideal.<\/p>\n<p>Mit diesem Display k\u00f6nnen Sie Ihren Empfangsbereich neu gestalten. Er wird es Ihren Besuchern erleichtern, Ihre Brosch\u00fcren zu finden und Ihre Partnerschaft mit den wichtigsten touristischen Attraktionen in Ihrer Region zu verbessern. <\/p>\n<p>Dieser St\u00e4nder mit 42 F\u00e4chern im Format 1\/3 A4, das am h\u00e4ufigsten von Ihren Gesch\u00e4ftsanbietern verwendet wird, l\u00e4sst die darin enthaltenen Brosch\u00fcren gut sichtbar erscheinen.<\/p>\n<p>Der permanente sichtbare Rand von 15 cm bietet Ihren Besuchern gen\u00fcgend Sichtbarkeit, um die Attraktivit\u00e4t der Brosch\u00fcre zu steigern.<\/p>\n<p>Wenn Sie nicht genug Platz haben, k\u00f6nnen Sie den <span style=\"color: #800000;\"><a style=\"color: #800000;\" href=\"https:\/\/cdiffprom.ch\/produit\/presentoir-special-13-a4-petit-modele\/\">kleineres Modell<\/a><\/span> besser geeignet.<\/p>\n<h4><strong><span style=\"color: #800000;\">Lieferbedingungen<\/span>:<br \/>\n<\/strong><\/h4>\n<p>Zu Ihrer Information: Nach Eingang Ihres Auftrags sind unsere Produkte innerhalb von etwa zehn Tagen lieferbar.<\/p>\n<p>Z\u00f6gern Sie nicht <u><a href=\"https:\/\/cdiffprom.ch\/elements\/contactez-nous\/\"><span style=\"color: #800000;\">uns zu kontaktieren.<\/span><\/a><\/u> Wenn Sie einen dringenderen Bedarf haben, k\u00f6nnen wir Ihnen immer eine schnellere L\u00f6sung anbieten.<\/p>\n<p>Wir sind auch gerne bereit, Ihnen Informationen \u00fcber Mengenrabatte zu geben.<\/p>\n<p>Einige Artikel k\u00f6nnen eine l\u00e4ngere Lieferzeit in Anspruch nehmen, da sie nicht auf Lager unseres Lieferanten sind. In diesem Fall werden Sie nach Eingang Ihrer Bestellung benachrichtigt. <\/p>\n<p>Wir liefern versandkostenfrei ab einem Bestellwert von CHF. 500.-. Unterhalb dieses Betrags wird eine Pauschale von CHF. 15,90 zu entrichten. <\/p>\n<p>Bei allen Online-Bestellungen f\u00fchren wir immer einen Telefonanruf durch, um sicherzustellen, dass Sie das richtige Produkt f\u00fcr Ihre Bed\u00fcrfnisse ausgew\u00e4hlt haben. So k\u00f6nnen Sie sicher sein, dass Sie die richtige Wahl treffen. <\/p>\n<p>Bitte beachten Sie, dass die Promo-Codes nicht kumulierbar sind und der Rabatt auf Ihrer Bestellung sichtbar ist.<\/p>\n<p>&nbsp;<\/p>\n","protected":false},"excerpt":{"rendered":"<p>Mehrere Boxen f\u00fcr touristische Brosch\u00fcren im Format 1\/3 A4, 42 Boxen auf 7 Ebenen, Abmessungen H 119 x B 72 x T 57 cm, Kapazit\u00e4t 5 cm pro Box<\/p>\n<p>Idealer St\u00e4nder f\u00fcr touristische Brosch\u00fcren.<\/p>\n<p>Staffelpreis auf Anfrage ab 2 St\u00fcck.<\/p>\n","protected":false},"featured_media":103576,"template":"","meta":{"slim_seo":{"title":"Spezielles Presentoir 1\/3a4 gro\u00df - Suisse - C.Diff-Prom","description":"Mehrere Boxen f\u00fcr touristische Brosch\u00fcren im Format 1\/3 A4, 42 Boxen auf 7 Ebenen, Abmessungen H 119 x B 72 x T 57 cm, Kapazit\u00e4t 5 cm pro Box Idealer St\u00e4nder f\u00fc"}},"product_brand":[],"product_cat":[6478,6401],"product_tag":[],"class_list":{"0":"post-106139","1":"product","2":"type-product","3":"status-publish","4":"has-post-thumbnail","6":"product_cat-broschuren-und-zeitungsstander","7":"product_cat-zeitungsstander","9":"first","10":"instock","11":"taxable","12":"shipping-taxable","13":"purchasable","14":"product-type-simple"},"_links":{"self":[{"href":"https:\/\/cdiffprom.ch\/de\/wp-json\/wp\/v2\/product\/106139","targetHints":{"allow":["GET"]}}],"collection":[{"href":"https:\/\/cdiffprom.ch\/de\/wp-json\/wp\/v2\/product"}],"about":[{"href":"https:\/\/cdiffprom.ch\/de\/wp-json\/wp\/v2\/types\/product"}],"wp:featuredmedia":[{"embeddable":true,"href":"https:\/\/cdiffprom.ch\/de\/wp-json\/wp\/v2\/media\/103576"}],"wp:attachment":[{"href":"https:\/\/cdiffprom.ch\/de\/wp-json\/wp\/v2\/media?parent=106139"}],"wp:term":[{"taxonomy":"product_brand","embeddable":true,"href":"https:\/\/cdiffprom.ch\/de\/wp-json\/wp\/v2\/product_brand?post=106139"},{"taxonomy":"product_cat","embeddable":true,"href":"https:\/\/cdiffprom.ch\/de\/wp-json\/wp\/v2\/product_cat?post=106139"},{"taxonomy":"product_tag","embeddable":true,"href":"https:\/\/cdiffprom.ch\/de\/wp-json\/wp\/v2\/product_tag?post=106139"}],"curies":[{"name":"wp","href":"https:\/\/api.w.org\/{rel}","templated":true}]}}