{"id":106140,"date":"2017-03-08T21:08:42","date_gmt":"2017-03-08T20:08:42","guid":{"rendered":"https:\/\/cdiffprom.ch\/produit\/muelleimer-und-aschenbecher-mit-rost\/"},"modified":"2017-03-08T21:08:42","modified_gmt":"2017-03-08T20:08:42","slug":"muelleimer-und-aschenbecher-mit-rost","status":"publish","type":"product","link":"https:\/\/cdiffprom.ch\/de\/produit\/muelleimer-und-aschenbecher-mit-rost\/","title":{"rendered":"M\u00fclleimer und Aschenbecher mit Rost"},"content":{"rendered":"<h3><span style=\"color: #993300;\">M\u00fclleimer und Aschenbecher mit Rost<\/span><\/h3>\n<p>Dieser Abfallbeh\u00e4lter und Aschenbecher mit Rost hat ein gl\u00e4nzendes Chromfinish. Er passt zu jeder Einrichtung und jedem Ort. <\/p>\n<p>Dieses Produkt hat zwei Funktionen: Sie k\u00f6nnen damit Ihren Abfall und Zigarettenkippen entsorgen.<\/p>\n<p>Dar\u00fcber hinaus verf\u00fcgt er \u00fcber eine Aschenschale und einen Rost im oberen Teil.<\/p>\n<p>Au\u00dferdem befindet sich im unteren Teil eine 10 x 15 cm gro\u00dfe \u00d6ffnung. So k\u00f6nnen Kunden oder Durchreisende, die ihn ben\u00f6tigen, ihren Abfall einfach entsorgen. Dieser Abfalleimer sorgt f\u00fcr Sauberkeit in allen \u00f6ffentlichen Bereichen.  <\/p>\n<p>Es ist ein ideales System f\u00fcr die Ausstattung von Empfangsbereichen, sowohl im Innen- als auch im Au\u00dfenbereich.<\/p>\n<h4><span style=\"color: #993300;\">Technische Details<\/span><\/h4>\n<p>Dieses Modell hat einen herausnehmbaren Inneneimer, der mit einem Henkel versehen ist, so dass das Entleeren und Reinigen des Eimers sehr einfach ist. Er hat ein Fassungsverm\u00f6gen von 18 Litern und ist aus verzinktem Stahl gefertigt. <\/p>\n<p>Der Durchmesser betr\u00e4gt 25 cm bei einer H\u00f6he von 60 cm.<\/p>\n<p>Was das Gewicht betrifft, so wiegt dieser M\u00fclleimer nur 3 kg und kann daher bei Bedarf leicht bewegt werden.<\/p>\n<p>M\u00f6chten Sie ein anderes Modell? Wir k\u00f6nnen es Ihnen mit D\u00e4mpfer anbieten. Bitte schauen Sie sich das Modell an. <span style=\"color: #993300;\"><a style=\"color: #993300;\" href=\"https:\/\/cdiffprom.ch\/de\/produit\/aschenbecher-mit-daempfer\/\">hier<\/a><\/span>.  <\/p>\n<p>&nbsp;<\/p>\n","protected":false},"excerpt":{"rendered":"<p>Abfallbeh\u00e4lter mit Ascherschale und leicht zu reinigendem Rost, Inneneimer aus verzinktem Stahl, Au\u00dfenseite verchromt.<\/p>\n<p>Staffelpreis auf Anfrage ab 5 St\u00fcck.<\/p>\n","protected":false},"featured_media":103612,"template":"","meta":{"slim_seo":{"title":"M\u00fclleimer und Aschenbecher mit Rost - Suisse - C.Diff-Prom","description":"Abfallbeh\u00e4lter mit Ascherschale und leicht zu reinigendem Rost, Inneneimer aus verzinktem Stahl, Au\u00dfenseite verchromt. Staffelpreis auf Anfrage ab 5 St\u00fcck."}},"product_brand":[],"product_cat":[6391,6390],"product_tag":[6392],"class_list":{"0":"post-106140","1":"product","2":"type-product","3":"status-publish","4":"has-post-thumbnail","6":"product_cat-burozubehor","7":"product_cat-ranking","8":"product_tag-burozubehor","10":"first","11":"instock","12":"taxable","13":"shipping-taxable","14":"purchasable","15":"product-type-simple"},"_links":{"self":[{"href":"https:\/\/cdiffprom.ch\/de\/wp-json\/wp\/v2\/product\/106140","targetHints":{"allow":["GET"]}}],"collection":[{"href":"https:\/\/cdiffprom.ch\/de\/wp-json\/wp\/v2\/product"}],"about":[{"href":"https:\/\/cdiffprom.ch\/de\/wp-json\/wp\/v2\/types\/product"}],"wp:featuredmedia":[{"embeddable":true,"href":"https:\/\/cdiffprom.ch\/de\/wp-json\/wp\/v2\/media\/103612"}],"wp:attachment":[{"href":"https:\/\/cdiffprom.ch\/de\/wp-json\/wp\/v2\/media?parent=106140"}],"wp:term":[{"taxonomy":"product_brand","embeddable":true,"href":"https:\/\/cdiffprom.ch\/de\/wp-json\/wp\/v2\/product_brand?post=106140"},{"taxonomy":"product_cat","embeddable":true,"href":"https:\/\/cdiffprom.ch\/de\/wp-json\/wp\/v2\/product_cat?post=106140"},{"taxonomy":"product_tag","embeddable":true,"href":"https:\/\/cdiffprom.ch\/de\/wp-json\/wp\/v2\/product_tag?post=106140"}],"curies":[{"name":"wp","href":"https:\/\/api.w.org\/{rel}","templated":true}]}}