{"id":106144,"date":"2017-03-08T21:58:43","date_gmt":"2017-03-08T20:58:43","guid":{"rendered":"https:\/\/cdiffprom.ch\/produit\/vitaffiche\/"},"modified":"2017-03-08T21:58:43","modified_gmt":"2017-03-08T20:58:43","slug":"vitaffiche","status":"publish","type":"product","link":"https:\/\/cdiffprom.ch\/de\/produit\/vitaffiche\/","title":{"rendered":"Vit&#8217;affiche"},"content":{"rendered":"<h3><strong><span style=\"color: #800000;\">Vit&#8217;Affiche<\/span><\/strong><\/h3>\n<p>Vit&#8217;Affiche ist ein ideales Medium f\u00fcr Ihre Schaufenster oder auf allen glatten Oberfl\u00e4chen.<\/p>\n<p>Mit diesem System k\u00f6nnen Sie endlich das Klebeband loswerden, wenn Sie Ihre Poster an T\u00fcren oder Schaufenstern austauschen.<\/p>\n<p>Der Rand des St\u00e4nders ist mit Magnetklebeband versehen, um sicherzustellen, dass Ihre Botschaft perfekt h\u00e4lt. So k\u00f6nnen Sie Ihre Botschaften beliebig oft austauschen. <\/p>\n<p>Sie haben die M\u00f6glichkeit, ein Poster von au\u00dfen und eines von innen zu pr\u00e4sentieren. So k\u00f6nnen Sie z.B. eine Willkommensnachricht mit \u00d6ffnungszeiten und eine Danksagung f\u00fcr den Besuch anbringen. <\/p>\n<p>Dieser Artikel ist in den Formaten A4 und A3 erh\u00e4ltlich, wobei Sie die Farbe Silbergrau oder Schwarz w\u00e4hlen k\u00f6nnen. Daher ist er sehr einfach zu installieren. <\/p>\n<h4><strong><span style=\"color: #800000;\">Tipps und Vorschl\u00e4ge zur Nutzung von Vit&#8217;Affiche<br \/>\n<\/span><\/strong><\/h4>\n<p>Vit&#8217;Affiche ist ein perfektes System, wenn Sie Ihre Kommunikation regelm\u00e4\u00dfig erneuern m\u00f6chten.<br \/>\nAn Ihrer Eingangst\u00fcr f\u00fcr Ihre \u00d6ffnungszeiten, an Ihren Schaufenstern f\u00fcr Ihre Sonderangebote, aber auch f\u00fcr Ihre Gebrauchtwagen, wenn Sie eine Werkstatt betreiben.<\/p>\n<p>Vit&#8216; Affiche ist die ideale L\u00f6sung, um allen Ihren Partnern eine perfekte und \u00e4sthetische Sichtbarkeit zu bieten.<br \/>\nIhre saisonalen Sonderangebote, Ihre Men\u00fcs und Ihre Weine werden f\u00fcr Ihre Kunden gut sichtbar sein.<\/p>\n<p>Bei Schaufenstern ist es m\u00f6glich, Vit&#8217;Poster einige Male zu entfernen und wieder anzubringen, der Aufkleber auf dem Tr\u00e4ger ist f\u00fcr diesen Zweck vorgesehen.<\/p>\n<h4><strong><span style=\"color: #800000;\">Besondere Bedingungen<\/span><\/strong><\/h4>\n<p><a href=\"https:\/\/cdiffprom.ch\/elements\/contactez-nous\/\"><span style=\"color: #800000;\">Informieren Sie sich unter<\/span><\/a> \u00fcber unsere Staffelpreise ab 25 St\u00fcck, unabh\u00e4ngig vom Format. Au\u00dferdem \u00fcbernehmen wir gerne die Anbringung auf Ihrem Untergrund, wenn Ihnen die Inspiration f\u00fcr Ihre Texte fehlt, unsere Partner,<span style=\"color: #800000;\"> <a style=\"color: #800000;\" href=\"http:\/\/www.vinyldeco.ch\/\">Vinyl Deco<\/a><\/span> und <span style=\"color: #800000;\"><a style=\"color: #800000;\" href=\"https:\/\/impactpub.ch\/\">Impact Pub<\/a><\/span> Ihnen gerne behilflich sein.<\/p>\n","protected":false},"excerpt":{"rendered":"<p>Vit&#8217;Affiches, der ideale Plakatst\u00e4nder, der Sie von Klebeband an Ihren T\u00fcren und Schaufenstern befreit, doppelseitige Plakate und Plakate in allen Ausrichtungen, sehr einfach auf allen glatten und sauberen Oberfl\u00e4chen anzubringen.<\/p>\n<p>Plakat leicht austauschbar dank des magnetischen Gurts an 3 Seiten.<\/p>\n<p>Staffelpreis auf Anfrage ab 25 bestellten St\u00fcck.<\/p>\n<p>&nbsp;<\/p>\n","protected":false},"featured_media":103614,"template":"","meta":{"slim_seo":{"title":"Vit'affiche - Suisse - C.Diff-Prom","description":"Vit'Affiches, der ideale Plakatst\u00e4nder, der Sie von Klebeband an Ihren T\u00fcren und Schaufenstern befreit, doppelseitige Plakate und Plakate in allen Ausrichtungen"}},"product_brand":[],"product_cat":[6342,6339],"product_tag":[6573],"class_list":{"0":"post-106144","1":"product","2":"type-product","3":"status-publish","4":"has-post-thumbnail","6":"product_cat-anzeige","7":"product_cat-plakatrahmen","8":"product_tag-wandklapprahmen-mit-klick-klack-funktion","10":"first","11":"instock","12":"taxable","13":"shipping-taxable","14":"purchasable","15":"product-type-variable"},"_links":{"self":[{"href":"https:\/\/cdiffprom.ch\/de\/wp-json\/wp\/v2\/product\/106144","targetHints":{"allow":["GET"]}}],"collection":[{"href":"https:\/\/cdiffprom.ch\/de\/wp-json\/wp\/v2\/product"}],"about":[{"href":"https:\/\/cdiffprom.ch\/de\/wp-json\/wp\/v2\/types\/product"}],"wp:featuredmedia":[{"embeddable":true,"href":"https:\/\/cdiffprom.ch\/de\/wp-json\/wp\/v2\/media\/103614"}],"wp:attachment":[{"href":"https:\/\/cdiffprom.ch\/de\/wp-json\/wp\/v2\/media?parent=106144"}],"wp:term":[{"taxonomy":"product_brand","embeddable":true,"href":"https:\/\/cdiffprom.ch\/de\/wp-json\/wp\/v2\/product_brand?post=106144"},{"taxonomy":"product_cat","embeddable":true,"href":"https:\/\/cdiffprom.ch\/de\/wp-json\/wp\/v2\/product_cat?post=106144"},{"taxonomy":"product_tag","embeddable":true,"href":"https:\/\/cdiffprom.ch\/de\/wp-json\/wp\/v2\/product_tag?post=106144"}],"curies":[{"name":"wp","href":"https:\/\/api.w.org\/{rel}","templated":true}]}}