{"id":106156,"date":"2017-03-05T13:57:59","date_gmt":"2017-03-05T12:57:59","guid":{"rendered":"https:\/\/cdiffprom.ch\/produit\/leuchtender-rahmen-zum-aufhaengen\/"},"modified":"2017-03-05T13:57:59","modified_gmt":"2017-03-05T12:57:59","slug":"leuchtender-rahmen-zum-aufhaengen","status":"publish","type":"product","link":"https:\/\/cdiffprom.ch\/de\/produit\/leuchtender-rahmen-zum-aufhaengen\/","title":{"rendered":"Leuchtender Rahmen zum Aufh\u00e4ngen"},"content":{"rendered":"<h3><span style=\"color: #800000;\"><strong>Leuchtender Rahmen zum Aufh\u00e4ngen<br \/>\n<\/strong><\/span><\/h3>\n<p>Mit diesem Leuchtrahmen zum Aufh\u00e4ngen wird Ihr Schaufenster schon von weitem wahrgenommen! Ihre Plakate\/Poster werden durch die gro\u00dfe Helligkeit hervorgehoben. <\/p>\n<p>Dieser St\u00e4nder wird mit einem Transformator und einem Anschlusskabel geliefert und kann sofort in Ihrem Schaufenster oder in Ihrem Raum aufgestellt werden.<\/p>\n<p>Der Wechsel des Plakats dieses Rahmens ist mit der Klick\u00f6ffnung an den Seiten sehr einfach.<\/p>\n<p>Was die Nutzung betrifft, so ist diese nur innerhalb Ihres Raumes m\u00f6glich. Au\u00dferdem k\u00f6nnen Sie den Rahmen sowohl im Hoch- als auch im Querformat aufstellen. <\/p>\n<p>Bringen Sie mit diesem Rahmen Glanz in Ihre Kommunikation!<\/p>\n<h4><span style=\"color: #800000;\"><strong>Merkmale :<\/strong><\/span><\/h4>\n<ul>\n<li>doppelseitig<\/li>\n<li>in vielen Formaten von A4 bis A0 erh\u00e4ltlich<\/li>\n<li>Profil mit einer Breite von 25 mm, Gesamtdicke 30 mm<\/li>\n<li>geringer Verbrauch (garantierte Leuchtdauer \u00fcber 60.000 Stunden)<\/li>\n<li>12-V-Adapter + 3 m langes Kabel f\u00fcr den Anschluss an das 220-V-Netz, im Lieferumfang enthalten<\/li>\n<li>einstellbare Kabelh\u00f6he, max. L\u00e4nge 2 m, Deckenbefestigung + D\u00fcbel + Schrauben im Lieferumfang enthalten<\/li>\n<\/ul>\n<h4><strong><span style=\"color: #800000;\">Lieferbedingungen :<\/span><br \/>\n<\/strong><\/h4>\n<p>Alle unsere Produkte sind innerhalb von 10 Tagen nach Eingang Ihrer Bestellung lieferbar. Bitte z\u00f6gern Sie nicht, uns zu kontaktieren. <u><a href=\"https:\/\/cdiffprom.ch\/elements\/contactez-nous\/\"><span style=\"color: #800000;\">uns zu kontaktieren.<\/span><\/a><\/u> Wenn Sie einen dringenderen Bedarf haben, k\u00f6nnen wir Ihnen immer eine schnellere L\u00f6sung anbieten. <\/p>\n<p>Einige Artikel k\u00f6nnen eine l\u00e4ngere Lieferzeit in Anspruch nehmen, da sie nicht auf Lager unseres Lieferanten sind. In diesem Fall werden Sie nach Eingang Ihrer Bestellung benachrichtigt. <\/p>\n<p>Wir liefern versandkostenfrei ab einem Bestellwert von CHF. 500.-. Unterhalb dieses Betrags wird eine Pauschale von CHF. 15,90 zu entrichten. <\/p>\n<p>Bei allen Online-Bestellungen f\u00fchren wir immer einen Telefonanruf durch, um sicherzustellen, dass Sie das richtige Produkt f\u00fcr Ihre Bed\u00fcrfnisse ausgew\u00e4hlt haben. So k\u00f6nnen Sie sicher sein, dass Sie die richtige Wahl treffen. <\/p>\n<p>Bitte beachten Sie, dass die Promo-Codes nicht kumulierbar sind und der Rabatt auf Ihrer Bestellung sichtbar ist.<\/p>\n<p>&nbsp;<\/p>\n","protected":false},"excerpt":{"rendered":"<p>Doppelseitiger, beleuchteter Plakatrahmen zum Aufh\u00e4ngen an der Decke Ihres Schaufensters, Typ Clic-Clac f\u00fcr einen einfachen Wechsel Ihrer Plakate. Der Rahmen ist 25 mm stark und die Gesamtst\u00e4rke betr\u00e4gt 30 mm. Nur zur Verwendung in Innenr\u00e4umen geeignet. Lieferung mit Montagekabeln, 12-V-Adapter und 3 m Elektrokabel.   <\/p>\n<p>Staffelpreis auf Anfrage ab 3 bestellten Artikeln.<\/p>\n","protected":false},"featured_media":103604,"template":"","meta":{"slim_seo":{"title":"Leuchtender Rahmen zum Aufh\u00e4ngen - Suisse - C.Diff-Prom","description":"Doppelseitiger, beleuchteter Plakatrahmen zum Aufh\u00e4ngen an der Decke Ihres Schaufensters, Typ Clic-Clac f\u00fcr einen einfachen Wechsel Ihrer Plakate. Der Rahmen is"}},"product_brand":[],"product_cat":[6342,6373],"product_tag":[6574],"class_list":{"0":"post-106156","1":"product","2":"type-product","3":"status-publish","4":"has-post-thumbnail","6":"product_cat-anzeige","7":"product_cat-leuchtanzeige","8":"product_tag-led-beleuchtete-plvs","10":"first","11":"instock","12":"taxable","13":"shipping-taxable","14":"purchasable","15":"product-type-variable"},"_links":{"self":[{"href":"https:\/\/cdiffprom.ch\/de\/wp-json\/wp\/v2\/product\/106156","targetHints":{"allow":["GET"]}}],"collection":[{"href":"https:\/\/cdiffprom.ch\/de\/wp-json\/wp\/v2\/product"}],"about":[{"href":"https:\/\/cdiffprom.ch\/de\/wp-json\/wp\/v2\/types\/product"}],"wp:featuredmedia":[{"embeddable":true,"href":"https:\/\/cdiffprom.ch\/de\/wp-json\/wp\/v2\/media\/103604"}],"wp:attachment":[{"href":"https:\/\/cdiffprom.ch\/de\/wp-json\/wp\/v2\/media?parent=106156"}],"wp:term":[{"taxonomy":"product_brand","embeddable":true,"href":"https:\/\/cdiffprom.ch\/de\/wp-json\/wp\/v2\/product_brand?post=106156"},{"taxonomy":"product_cat","embeddable":true,"href":"https:\/\/cdiffprom.ch\/de\/wp-json\/wp\/v2\/product_cat?post=106156"},{"taxonomy":"product_tag","embeddable":true,"href":"https:\/\/cdiffprom.ch\/de\/wp-json\/wp\/v2\/product_tag?post=106156"}],"curies":[{"name":"wp","href":"https:\/\/api.w.org\/{rel}","templated":true}]}}