{"id":106157,"date":"2017-03-11T22:12:24","date_gmt":"2017-03-11T21:12:24","guid":{"rendered":"https:\/\/cdiffprom.ch\/produit\/selbstklebende-klarsichthuellen\/"},"modified":"2017-03-11T22:12:24","modified_gmt":"2017-03-11T21:12:24","slug":"selbstklebende-klarsichthuellen","status":"publish","type":"product","link":"https:\/\/cdiffprom.ch\/de\/produit\/selbstklebende-klarsichthuellen\/","title":{"rendered":"Selbstklebende Klarsichth\u00fcllen"},"content":{"rendered":"<h3><strong><span style=\"color: #800000;\">Selbstklebende Klarsichth\u00fcllen<\/span><\/strong><\/h3>\n<p>Mit diesen selbstklebenden, transparenten H\u00fcllen k\u00f6nnen Sie Ihre Aush\u00e4nge an Schaufenstern oder anderen glatten Oberfl\u00e4chen anbringen, ohne Klebeband verwenden zu m\u00fcssen.<\/p>\n<p>Sie sind in den Formaten A3, A4, A5 und A6 erh\u00e4ltlich und werden in Beuteln mit 10 H\u00fcllen f\u00fcr die gr\u00f6\u00dferen und 12 St\u00fcck f\u00fcr die kleineren H\u00fcllen im Format A6 angeboten.<\/p>\n<p>Sie k\u00f6nnen sie alle doppelseitig verwenden, nur eine Seite hat eine farblose Klebeseite.<\/p>\n<p>Die Einf\u00fcgung Ihres Posters erfolgt von oben. Sie k\u00f6nnen sie jedoch sowohl im Hoch- als auch im Querformat aufstellen. <\/p>\n<p>Sie sind au\u00dferdem entspiegelt, so dass Sie auch in der Ferne gut sehen k\u00f6nnen.<\/p>\n<p>Unsere Preise sind auch degressiv, wenn Sie 5 Beutel pro Gr\u00f6\u00dfe bestellen.<\/p>\n<p><span style=\"color: #800000;\"><strong>Lieferbedingungen :<br \/>\n<\/strong><\/span><\/p>\n<p>Alle unsere Produkte sind innerhalb von 10 Tagen nach Eingang Ihrer Bestellung lieferbar. Bitte z\u00f6gern Sie nicht, uns zu kontaktieren. <span style=\"color: #800000;\"><u><a style=\"color: #800000;\" href=\"https:\/\/cdiffprom.ch\/elements\/contactez-nous\/\">uns zu kontaktieren.<\/a><\/u><\/span> Wenn Sie einen dringenderen Bedarf haben, k\u00f6nnen wir Ihnen immer eine schnellere L\u00f6sung anbieten. <\/p>\n<p>Einige Artikel k\u00f6nnen eine l\u00e4ngere Lieferzeit in Anspruch nehmen, da sie nicht auf Lager unseres Lieferanten sind. In diesem Fall werden Sie nach Eingang Ihrer Bestellung benachrichtigt. <\/p>\n<p>Wir liefern versandkostenfrei ab einem Bestellwert von CHF. 500.-. Unterhalb dieses Betrags wird eine Pauschale von CHF. 15,90 zu entrichten. <\/p>\n<p>Bei allen Online-Bestellungen f\u00fchren wir immer einen Telefonanruf durch, um sicherzustellen, dass Sie das richtige Produkt f\u00fcr Ihre Bed\u00fcrfnisse ausgew\u00e4hlt haben. So k\u00f6nnen Sie sicher sein, dass Sie die richtige Wahl treffen. <\/p>\n<p>Bitte beachten Sie, dass die Promo-Codes nicht kumulierbar sind und der Rabatt auf Ihrer Bestellung sichtbar ist.<\/p>\n<p>&nbsp;<\/p>\n","protected":false},"excerpt":{"rendered":"<p>Selbstklebende Klarsichth\u00fcllen Mit diesen selbstklebenden, transparenten H\u00fcllen k\u00f6nnen Sie Ihre Aush\u00e4nge an Schaufenstern oder anderen glatten Oberfl\u00e4chen anbringen, ohne Klebeband verwenden zu m\u00fcssen. Sie sind in den Formaten A3, A4, A5 und A6 erh\u00e4ltlich und werden in Beuteln mit 10 H\u00fcllen f\u00fcr die gr\u00f6\u00dferen und 12 St\u00fcck f\u00fcr die kleineren H\u00fcllen im Format A6 angeboten&#8230;.<\/p>\n","protected":false},"featured_media":103622,"template":"","meta":{"slim_seo":{"title":"Selbstklebende Klarsichth\u00fcllen - Suisse - C.Diff-Prom","description":"Selbstklebende Klarsichth\u00fcllen Mit diesen selbstklebenden, transparenten H\u00fcllen k\u00f6nnen Sie Ihre Aush\u00e4nge an Schaufenstern oder anderen glatten Oberfl\u00e4chen anbri"}},"product_brand":[],"product_cat":[6342,6339],"product_tag":[6573],"class_list":{"0":"post-106157","1":"product","2":"type-product","3":"status-publish","4":"has-post-thumbnail","6":"product_cat-anzeige","7":"product_cat-plakatrahmen","8":"product_tag-wandklapprahmen-mit-klick-klack-funktion","10":"first","11":"instock","12":"taxable","13":"shipping-taxable","14":"purchasable","15":"product-type-variable"},"_links":{"self":[{"href":"https:\/\/cdiffprom.ch\/de\/wp-json\/wp\/v2\/product\/106157","targetHints":{"allow":["GET"]}}],"collection":[{"href":"https:\/\/cdiffprom.ch\/de\/wp-json\/wp\/v2\/product"}],"about":[{"href":"https:\/\/cdiffprom.ch\/de\/wp-json\/wp\/v2\/types\/product"}],"wp:featuredmedia":[{"embeddable":true,"href":"https:\/\/cdiffprom.ch\/de\/wp-json\/wp\/v2\/media\/103622"}],"wp:attachment":[{"href":"https:\/\/cdiffprom.ch\/de\/wp-json\/wp\/v2\/media?parent=106157"}],"wp:term":[{"taxonomy":"product_brand","embeddable":true,"href":"https:\/\/cdiffprom.ch\/de\/wp-json\/wp\/v2\/product_brand?post=106157"},{"taxonomy":"product_cat","embeddable":true,"href":"https:\/\/cdiffprom.ch\/de\/wp-json\/wp\/v2\/product_cat?post=106157"},{"taxonomy":"product_tag","embeddable":true,"href":"https:\/\/cdiffprom.ch\/de\/wp-json\/wp\/v2\/product_tag?post=106157"}],"curies":[{"name":"wp","href":"https:\/\/api.w.org\/{rel}","templated":true}]}}