{"id":106170,"date":"2017-03-17T15:26:43","date_gmt":"2017-03-17T14:26:43","guid":{"rendered":"https:\/\/cdiffprom.ch\/produit\/roll-up-fuer-broschueren\/"},"modified":"2017-03-17T15:26:43","modified_gmt":"2017-03-17T14:26:43","slug":"roll-up-fuer-broschueren","status":"publish","type":"product","link":"https:\/\/cdiffprom.ch\/de\/produit\/roll-up-fuer-broschueren\/","title":{"rendered":"Roll-up f\u00fcr Brosch\u00fcren"},"content":{"rendered":"<h3><span style=\"color: #800000;\"><strong>Roll-up f\u00fcr Brosch\u00fcren<\/strong><\/span><\/h3>\n<p>Das Brosch\u00fcren-Roll-up ist eine dynamische Art, Ihre Unterlagen Ihren Kunden zur Verf\u00fcgung zu stellen!<\/p>\n<p>Dieses System mit 4 oder 8 H\u00fcllen im A4-Hochformat l\u00e4sst sich in wenigen Sekunden auf- und abbauen.<br \/>\nDas hellgraue Nylongewebe ist auf einem beschwerten Sockel montiert, der auch f\u00fcr Stabilit\u00e4t sorgt.<\/p>\n<p>Mit einer H\u00f6he von 146 cm und einer Tiefe von 35 cm ist er in 2 Breiten, 29 und 54 cm, erh\u00e4ltlich und der Mast ist aus natureloxiertem Aluminium.<\/p>\n<p>Die Transporttasche wird Ihnen mit jedem Artikel angeboten.<\/p>\n<h4><span style=\"color: #800000;\"><strong>Lieferbedingungen :<br \/>\n<\/strong><\/span><\/h4>\n<p>Zu Ihrer Information: Nach Eingang Ihres Auftrags sind unsere Produkte innerhalb von etwa zehn Tagen lieferbar.<\/p>\n<p>Z\u00f6gern Sie nicht <u><a href=\"https:\/\/cdiffprom.ch\/elements\/contactez-nous\/\"><span style=\"color: #800000;\">uns zu kontaktieren.<\/span><\/a><\/u> Wenn Sie einen dringenderen Bedarf haben, k\u00f6nnen wir Ihnen immer eine schnellere L\u00f6sung anbieten.<\/p>\n<p>Wir sind auch gerne bereit, Ihnen Informationen \u00fcber Mengenrabatte zu geben.<\/p>\n<p>Einige Artikel k\u00f6nnen eine l\u00e4ngere Lieferzeit in Anspruch nehmen, da sie nicht auf Lager unseres Lieferanten sind. In diesem Fall werden Sie nach Eingang Ihrer Bestellung benachrichtigt. <\/p>\n<p>Wir liefern versandkostenfrei ab einem Bestellwert von CHF. 500.-. Unterhalb dieses Betrags wird eine Pauschale von CHF. 15,90 zu entrichten. <\/p>\n<p>Bei allen Online-Bestellungen f\u00fchren wir immer einen Telefonanruf durch, um sicherzustellen, dass Sie das richtige Produkt f\u00fcr Ihre Bed\u00fcrfnisse ausgew\u00e4hlt haben. So k\u00f6nnen Sie sicher sein, dass Sie die richtige Wahl treffen. <\/p>\n<p>Bitte beachten Sie, dass die Promo-Codes nicht kumulierbar sind und der Rabatt auf Ihrer Bestellung sichtbar ist.<\/p>\n","protected":false},"excerpt":{"rendered":"<p>Roll-Up f\u00fcr Brosch\u00fcren und Dokumentationen, geliefert in einer Tragetasche. Ideal f\u00fcr Ihre Wanderausstellungen, leicht und platzsparend, kann beim Abbau auf einem beschwerten Sockel aufgerollt werden. <\/p>\n<p>&nbsp;<\/p>\n","protected":false},"featured_media":103632,"template":"","meta":{"slim_seo":{"title":"Roll-up f\u00fcr Brosch\u00fcren - Suisse - C.Diff-Prom","description":"Roll-Up f\u00fcr Brosch\u00fcren und Dokumentationen, geliefert in einer Tragetasche. Ideal f\u00fcr Ihre Wanderausstellungen, leicht und platzsparend, kann beim Abbau auf ein"}},"product_brand":[],"product_cat":[6342,6362,6340,6366,6341],"product_tag":[6364,6575],"class_list":{"0":"post-106170","1":"product","2":"type-product","3":"status-publish","4":"has-post-thumbnail","6":"product_cat-anzeige","7":"product_cat-ausstellungen","8":"product_cat-kakemonos","9":"product_cat-pos-supports","10":"product_cat-roll-up","11":"product_tag-pos-materialien","12":"product_tag-roll-up-kakemonos","14":"first","15":"instock","16":"taxable","17":"shipping-taxable","18":"purchasable","19":"product-type-variable"},"_links":{"self":[{"href":"https:\/\/cdiffprom.ch\/de\/wp-json\/wp\/v2\/product\/106170","targetHints":{"allow":["GET"]}}],"collection":[{"href":"https:\/\/cdiffprom.ch\/de\/wp-json\/wp\/v2\/product"}],"about":[{"href":"https:\/\/cdiffprom.ch\/de\/wp-json\/wp\/v2\/types\/product"}],"wp:featuredmedia":[{"embeddable":true,"href":"https:\/\/cdiffprom.ch\/de\/wp-json\/wp\/v2\/media\/103632"}],"wp:attachment":[{"href":"https:\/\/cdiffprom.ch\/de\/wp-json\/wp\/v2\/media?parent=106170"}],"wp:term":[{"taxonomy":"product_brand","embeddable":true,"href":"https:\/\/cdiffprom.ch\/de\/wp-json\/wp\/v2\/product_brand?post=106170"},{"taxonomy":"product_cat","embeddable":true,"href":"https:\/\/cdiffprom.ch\/de\/wp-json\/wp\/v2\/product_cat?post=106170"},{"taxonomy":"product_tag","embeddable":true,"href":"https:\/\/cdiffprom.ch\/de\/wp-json\/wp\/v2\/product_tag?post=106170"}],"curies":[{"name":"wp","href":"https:\/\/api.w.org\/{rel}","templated":true}]}}