{"id":106173,"date":"2017-03-06T10:51:26","date_gmt":"2017-03-06T09:51:26","guid":{"rendered":"https:\/\/cdiffprom.ch\/produit\/push-abfalleimer-mit-klappe\/"},"modified":"2017-03-06T10:51:26","modified_gmt":"2017-03-06T09:51:26","slug":"push-abfalleimer-mit-klappe","status":"publish","type":"product","link":"https:\/\/cdiffprom.ch\/de\/produit\/push-abfalleimer-mit-klappe\/","title":{"rendered":"Push-Abfalleimer mit Klappe"},"content":{"rendered":"<h3><span style=\"color: #993300;\">Push-Abfallbeh\u00e4lter mit Klappe<\/span><\/h3>\n<p>Dieser Push-Abfalleimer hat einen herausnehmbaren Eimer aus verzinktem Stahl mit einem Fassungsverm\u00f6gen von 35 Litern. Der Eimer ist mit einem Henkel ausgestattet, der das Entleeren des Inhalts erleichtert.<br \/>\nDie gro\u00dfe Klappe erm\u00f6glicht das Einwerfen von Abf\u00e4llen mit einem Durchmesser von mehr als 15 cm. <\/p>\n<p>Die Au\u00dfenschale aus geb\u00fcrstetem Chromstahl ist leicht zu reinigen und hinterl\u00e4sst keine Fingerabdr\u00fccke.<\/p>\n<p>Mit dem &#8222;Push&#8220;-Schriftzug auf der Klappe wird es jedem Passanten, der Abfall entsorgen muss, leicht gemacht, dies zu tun.<\/p>\n<p>Die automatische Schlie\u00dfung erfolgt durch eine Kippklappe mit R\u00fcckholfeder. Auf diese Weise ist er immer gut verschlossen und l\u00e4sst keine unangenehmen Ger\u00fcche entweichen. <\/p>\n<p>Es ist ein unentbehrlicher, praktischer und hygienischer Artikel, der an vielen Orten aufgestellt werden kann, wie z.B. in Eingangshallen oder Wartezimmern von Immobilienagenturen, Arztpraxen, B\u00fcros und vielen Verkaufsstellen.<\/p>\n<h4><span style=\"color: #993300;\">Technische Spezifikationen<\/span><\/h4>\n<p>Die Abmessungen betragen: Durchmesser 35 cm, H\u00f6he 76 cm. Das Gewicht betr\u00e4gt 6 kg.<br \/>\nDer abnehmbare Eimer fasst 35 Liter Abfall. <\/p>\n<p>Dieses Modell ist sehr praktisch und angenehm zu benutzen f\u00fcr alle, die verschiedene Verschmutzungen entfernen m\u00fcssen.<\/p>\n<p>Wenn Sie sich f\u00fcr ein anderes M\u00fclleimermodell interessieren, k\u00f6nnen Sie es w\u00e4hlen. <span style=\"color: #993300;\"><a style=\"color: #993300;\" href=\"https:\/\/cdiffprom.ch\/de\/produit\/aschenbecher-mit-daempfer\/\">hier<\/a><\/span>.<\/p>\n<p>C.Diff-Prom kann Ihnen viele andere Artikel f\u00fcr Ihre B\u00fcroeinrichtung anbieten, bitte nehmen Sie Kontakt mit uns auf. <span style=\"color: #993300;\"><a style=\"color: #993300;\" href=\"https:\/\/cdiffprom.ch\/elements\/contactez-nous\/\">uns<\/a><\/span>.<\/p>\n<p>Wir m\u00f6chten Sie daran erinnern, dass Sie f\u00fcr jede Bestellung keine Versandkosten zahlen. Die Lieferzeit betr\u00e4gt etwa 10 Tage ab Eingang Ihrer Bestellung.<\/p>\n<p>Sie k\u00f6nnen auch die Website unseres <a href=\"http:\/\/www.edimeta.fr\">Partners<\/a> besuchen, wo Sie weitere Modelle finden, die wir Ihnen schnell liefern k\u00f6nnen.<\/p>\n<p>&nbsp;<\/p>\n<p>&nbsp;<\/p>\n","protected":false},"excerpt":{"rendered":"<p>Push-Abfalleimer mit Inneneimer aus verzinktem Stahl mit einem Fassungsverm\u00f6gen von 50 Litern, Abmessungen: Durchmesser 35 cm H\u00f6he 76 cm, Push-Schriftzug auf der Klappe f\u00fcr einfaches \u00d6ffnen, verchromt.<\/p>\n","protected":false},"featured_media":103610,"template":"","meta":{"slim_seo":{"title":"Push-Abfalleimer mit Klappe - Suisse - C.Diff-Prom","description":"Push-Abfalleimer mit Inneneimer aus verzinktem Stahl mit einem Fassungsverm\u00f6gen von 50 Litern, Abmessungen: Durchmesser 35 cm H\u00f6he 76 cm, Push-Schriftzug auf de"}},"product_brand":[],"product_cat":[6391,6390],"product_tag":[6392],"class_list":{"0":"post-106173","1":"product","2":"type-product","3":"status-publish","4":"has-post-thumbnail","6":"product_cat-burozubehor","7":"product_cat-ranking","8":"product_tag-burozubehor","10":"first","11":"instock","12":"taxable","13":"shipping-taxable","14":"purchasable","15":"product-type-simple"},"_links":{"self":[{"href":"https:\/\/cdiffprom.ch\/de\/wp-json\/wp\/v2\/product\/106173","targetHints":{"allow":["GET"]}}],"collection":[{"href":"https:\/\/cdiffprom.ch\/de\/wp-json\/wp\/v2\/product"}],"about":[{"href":"https:\/\/cdiffprom.ch\/de\/wp-json\/wp\/v2\/types\/product"}],"wp:featuredmedia":[{"embeddable":true,"href":"https:\/\/cdiffprom.ch\/de\/wp-json\/wp\/v2\/media\/103610"}],"wp:attachment":[{"href":"https:\/\/cdiffprom.ch\/de\/wp-json\/wp\/v2\/media?parent=106173"}],"wp:term":[{"taxonomy":"product_brand","embeddable":true,"href":"https:\/\/cdiffprom.ch\/de\/wp-json\/wp\/v2\/product_brand?post=106173"},{"taxonomy":"product_cat","embeddable":true,"href":"https:\/\/cdiffprom.ch\/de\/wp-json\/wp\/v2\/product_cat?post=106173"},{"taxonomy":"product_tag","embeddable":true,"href":"https:\/\/cdiffprom.ch\/de\/wp-json\/wp\/v2\/product_tag?post=106173"}],"curies":[{"name":"wp","href":"https:\/\/api.w.org\/{rel}","templated":true}]}}