{"id":106174,"date":"2018-01-11T18:34:59","date_gmt":"2018-01-11T17:34:59","guid":{"rendered":"https:\/\/cdiffprom.ch\/produit\/deko-regenschirmstaender-aus-metall\/"},"modified":"2018-01-11T18:34:59","modified_gmt":"2018-01-11T17:34:59","slug":"deko-regenschirmstaender-aus-metall","status":"publish","type":"product","link":"https:\/\/cdiffprom.ch\/de\/produit\/deko-regenschirmstaender-aus-metall\/","title":{"rendered":"Deko-Regenschirmst\u00e4nder aus Metall"},"content":{"rendered":"<h3><span style=\"color: #993300;\"><strong>Deko-Regenschirmst\u00e4nder aus Metall<\/strong><br \/>\n<\/span><\/h3>\n<p>Dieser Deko-Regenschirmst\u00e4nder aus Metall mit Mikroperforation wird Ihre Kunden an Regentagen begeistern und findet leicht seinen Platz in verschiedenen Eingangsbereichen, Empfangshallen oder an Arbeitspl\u00e4tzen.<\/p>\n<p>Die Basis ist auf einem schwarzen PVC-Schutzring montiert, so dass Sie keine Spuren auf dem Boden hinterlassen, die bei der Reinigung von R\u00e4umen, in denen Sie unterwegs sind, unangenehm auffallen.<\/p>\n<p>Dank der silbergrauen Epoxydharzbeschichtung wird er nicht rosten.<\/p>\n<h4><span style=\"color: #800000;\"><strong>Abmessungen :<\/strong><\/span><\/h4>\n<ul>\n<li>60 cm H\u00f6he<\/li>\n<li>27 cm Durchmesser<\/li>\n<li>Gewicht 1,9 kg<\/li>\n<\/ul>\n<h4><span style=\"color: #800000;\"><strong>Lieferbedingungen :<br \/>\n<\/strong><\/span><\/h4>\n<p>Zu Ihrer Information: Nach Eingang Ihres Auftrags sind unsere Produkte innerhalb von etwa zehn Tagen lieferbar.<\/p>\n<p>Z\u00f6gern Sie nicht <u><a href=\"https:\/\/cdiffprom.ch\/elements\/contactez-nous\/\"><span style=\"color: #800000;\"><strong>uns zu kontaktieren.<\/strong><\/span><\/a><\/u> Wenn Sie einen dringenderen Bedarf haben, k\u00f6nnen wir Ihnen immer eine schnellere L\u00f6sung anbieten.<\/p>\n<p>Wir sind auch gerne bereit, Ihnen Informationen \u00fcber Mengenrabatte zu geben.<\/p>\n<p>Einige Artikel k\u00f6nnen eine l\u00e4ngere Lieferzeit in Anspruch nehmen, da sie nicht auf Lager unseres Lieferanten sind. In diesem Fall werden Sie nach Eingang Ihrer Bestellung benachrichtigt. <\/p>\n<p>Wir liefern versandkostenfrei ab einem Bestellwert von CHF. 500.-. Unterhalb dieses Betrags wird eine Pauschale von CHF. 15,90 zu entrichten. <\/p>\n<p>Bei allen Online-Bestellungen f\u00fchren wir immer einen Telefonanruf durch, um sicherzustellen, dass Sie das richtige Produkt f\u00fcr Ihre Bed\u00fcrfnisse ausgew\u00e4hlt haben. So k\u00f6nnen Sie sicher sein, dass Sie die richtige Wahl treffen. <\/p>\n<p>Bitte beachten Sie, dass die Promo-Codes nicht kumulierbar sind und der Rabatt auf Ihrer Bestellung sichtbar ist.<\/p>\n<p>&nbsp;<\/p>\n","protected":false},"excerpt":{"rendered":"<p>Ein unverzichtbares Zubeh\u00f6r bei Regenwetter! An der Basis mit einem schwarzen PVC-Schutzring ausgestattet, der Spuren auf dem Boden verhindert, wenn Sie unterwegs sind. Rostfrei.  <\/p>\n<p>Vervollst\u00e4ndigen Sie Ihre Einrichtung mit <strong><span style=\"color: #800000;\"><a style=\"color: #800000;\" href=\"https:\/\/cdiffprom.ch\/produit\/porte-manteaux-design\/\">einen Design-Garderobenst\u00e4nder<\/a><\/span><\/strong>.<\/p>\n","protected":false},"featured_media":103674,"template":"","meta":{"slim_seo":{"title":"Deko-Regenschirmst\u00e4nder aus Metall - Suisse - C.Diff-Prom","description":"Ein unverzichtbares Zubeh\u00f6r bei Regenwetter! An der Basis mit einem schwarzen PVC-Schutzring ausgestattet, der Spuren auf dem Boden verhindert, wenn Sie unterwe"}},"product_brand":[],"product_cat":[6391,6390],"product_tag":[6392],"class_list":{"0":"post-106174","1":"product","2":"type-product","3":"status-publish","4":"has-post-thumbnail","6":"product_cat-burozubehor","7":"product_cat-ranking","8":"product_tag-burozubehor","10":"first","11":"instock","12":"taxable","13":"shipping-taxable","14":"purchasable","15":"product-type-simple"},"_links":{"self":[{"href":"https:\/\/cdiffprom.ch\/de\/wp-json\/wp\/v2\/product\/106174","targetHints":{"allow":["GET"]}}],"collection":[{"href":"https:\/\/cdiffprom.ch\/de\/wp-json\/wp\/v2\/product"}],"about":[{"href":"https:\/\/cdiffprom.ch\/de\/wp-json\/wp\/v2\/types\/product"}],"wp:featuredmedia":[{"embeddable":true,"href":"https:\/\/cdiffprom.ch\/de\/wp-json\/wp\/v2\/media\/103674"}],"wp:attachment":[{"href":"https:\/\/cdiffprom.ch\/de\/wp-json\/wp\/v2\/media?parent=106174"}],"wp:term":[{"taxonomy":"product_brand","embeddable":true,"href":"https:\/\/cdiffprom.ch\/de\/wp-json\/wp\/v2\/product_brand?post=106174"},{"taxonomy":"product_cat","embeddable":true,"href":"https:\/\/cdiffprom.ch\/de\/wp-json\/wp\/v2\/product_cat?post=106174"},{"taxonomy":"product_tag","embeddable":true,"href":"https:\/\/cdiffprom.ch\/de\/wp-json\/wp\/v2\/product_tag?post=106174"}],"curies":[{"name":"wp","href":"https:\/\/api.w.org\/{rel}","templated":true}]}}