{"id":106175,"date":"2017-04-22T22:37:20","date_gmt":"2017-04-22T20:37:20","guid":{"rendered":"https:\/\/cdiffprom.ch\/produit\/weisser-und-farbiger-filz-kreide\/"},"modified":"2017-04-22T22:37:20","modified_gmt":"2017-04-22T20:37:20","slug":"weisser-und-farbiger-filz-kreide","status":"publish","type":"product","link":"https:\/\/cdiffprom.ch\/de\/produit\/weisser-und-farbiger-filz-kreide\/","title":{"rendered":"Wei\u00dfer und farbiger Filz\/Kreide"},"content":{"rendered":"<h3><span style=\"color: #800000;\"><strong>Wei\u00dfer und farbiger Filz\/Kreide<\/strong><\/span><\/h3>\n<p>Verwenden Sie unsere wei\u00dfen und farbigen Filzstifte\/Kreide, um Ihre Plakatw\u00e4nde und Flipcharts zu dekorieren.<\/p>\n<h4><span style=\"color: #800000;\"><strong>Filz\/Kreide wei\u00df<\/strong><\/span><\/h4>\n<p>Der wei\u00dfe Filz\/Kreide-Stift wird Ihnen in einer Packung mit 3 Stiften mit einer 10 mm breiten Spitze angeboten.<\/p>\n<h4><strong><span style=\"color: #800000;\">Farbige Filzstifte\/Kreide<\/span><\/strong><\/h4>\n<p>Die verschiedenfarbigen Kreidestifte sind in 5er-Packungen erh\u00e4ltlich, ebenfalls in einer Breite von 10 mm.<br \/>\nDie Farben sind rot, gelb, rosa, gr\u00fcn und orange.<\/p>\n<p>Alle unsere Stifte sind fluoreszierend und Sie k\u00f6nnen Ihre Botschaft einfach mit einem feuchten Tuch abwischen.<\/p>\n<p>Dar\u00fcber hinaus k\u00f6nnen Sie sie auch zum Schreiben auf Glas oder Kunststoff verwenden.<\/p>\n<p>Unsere Preise sind auf Anfrage ab 3 bestellten H\u00fcllen degressiv und gelten sowohl f\u00fcr wei\u00dfe als auch f\u00fcr farbige Filzstifte.<\/p>\n<p>Die folgenden Links f\u00fchren Sie zu unseren verschiedenen Staffeleien.<a href=\"https:\/\/cdiffprom.ch\/produit\/chevalet-ardoise-tableau-ardoise\/\"><span style=\"color: #800000;\"> Schiefer Staffeleien und Bilder<\/span><\/a><\/p>\n<h4><span style=\"color: #800000;\"><strong>Lieferbedingungen<\/strong><\/span><\/h4>\n<p>Alle unsere Produkte sind innerhalb von 10 Tagen nach Eingang Ihrer Bestellung lieferbar. Bitte z\u00f6gern Sie nicht, uns zu kontaktieren. <a href=\"https:\/\/cdiffprom.ch\/elements\/contactez-nous\/\"><span style=\"color: #800000;\">uns zu kontaktieren.<\/span><\/a> Wenn Sie einen dringenderen Bedarf haben, k\u00f6nnen wir Ihnen immer eine schnellere L\u00f6sung anbieten. <\/p>\n<p>Einige Artikel k\u00f6nnen eine l\u00e4ngere Lieferzeit in Anspruch nehmen, da sie nicht auf Lager unseres Lieferanten sind. In diesem Fall werden Sie nach Eingang Ihrer Bestellung benachrichtigt. <\/p>\n<p>Wir liefern versandkostenfrei ab einem Bestellwert von CHF. 500.-. Unterhalb dieses Betrags wird eine Pauschale von CHF. 15,90 zu entrichten. <\/p>\n<p>Bei allen Online-Bestellungen f\u00fchren wir immer einen Telefonanruf durch, um sicherzustellen, dass Sie das richtige Produkt f\u00fcr Ihre Bed\u00fcrfnisse ausgew\u00e4hlt haben. So k\u00f6nnen Sie sicher sein, dass Sie die richtige Wahl treffen. <\/p>\n<p>Bitte beachten Sie, dass die Promo-Codes nicht kumulierbar sind und der Rabatt auf Ihrer Bestellung sichtbar ist.<\/p>\n<p>&nbsp;<\/p>\n<p>&nbsp;<\/p>\n","protected":false},"excerpt":{"rendered":"<p>Kreidefilze f\u00fcr Ihre Botschaften auf unseren Schiefertafeln und Staffeleien, feuchte Reinigung<\/p>\n","protected":false},"featured_media":103638,"template":"","meta":{"slim_seo":{"title":"Wei\u00dfer und farbiger Filz\/Kreide - Suisse - C.Diff-Prom","description":"Kreidefilze f\u00fcr Ihre Botschaften auf unseren Schiefertafeln und Staffeleien, feuchte Reinigung"}},"product_brand":[],"product_cat":[6342,6343],"product_tag":[6576],"class_list":{"0":"post-106175","1":"product","2":"type-product","3":"status-publish","4":"has-post-thumbnail","6":"product_cat-anzeige","7":"product_cat-staffeleien-gehwegstopper","8":"product_tag-zubehor-fur-die-befestigung","10":"first","11":"instock","12":"taxable","13":"shipping-taxable","14":"purchasable","15":"product-type-variable"},"_links":{"self":[{"href":"https:\/\/cdiffprom.ch\/de\/wp-json\/wp\/v2\/product\/106175","targetHints":{"allow":["GET"]}}],"collection":[{"href":"https:\/\/cdiffprom.ch\/de\/wp-json\/wp\/v2\/product"}],"about":[{"href":"https:\/\/cdiffprom.ch\/de\/wp-json\/wp\/v2\/types\/product"}],"wp:featuredmedia":[{"embeddable":true,"href":"https:\/\/cdiffprom.ch\/de\/wp-json\/wp\/v2\/media\/103638"}],"wp:attachment":[{"href":"https:\/\/cdiffprom.ch\/de\/wp-json\/wp\/v2\/media?parent=106175"}],"wp:term":[{"taxonomy":"product_brand","embeddable":true,"href":"https:\/\/cdiffprom.ch\/de\/wp-json\/wp\/v2\/product_brand?post=106175"},{"taxonomy":"product_cat","embeddable":true,"href":"https:\/\/cdiffprom.ch\/de\/wp-json\/wp\/v2\/product_cat?post=106175"},{"taxonomy":"product_tag","embeddable":true,"href":"https:\/\/cdiffprom.ch\/de\/wp-json\/wp\/v2\/product_tag?post=106175"}],"curies":[{"name":"wp","href":"https:\/\/api.w.org\/{rel}","templated":true}]}}