{"id":106178,"date":"2018-01-13T17:24:20","date_gmt":"2018-01-13T16:24:20","guid":{"rendered":"https:\/\/cdiffprom.ch\/produit\/klassischer-kleiderstaender\/"},"modified":"2018-01-13T17:24:20","modified_gmt":"2018-01-13T16:24:20","slug":"klassischer-kleiderstaender","status":"publish","type":"product","link":"https:\/\/cdiffprom.ch\/de\/produit\/klassischer-kleiderstaender\/","title":{"rendered":"Klassischer Kleiderst\u00e4nder"},"content":{"rendered":"<h3><span style=\"color: #800000;\"><strong>Klassischer Garderobenst\u00e4nder<br \/>\n<\/strong><\/span><\/h3>\n<p>Ben\u00f6tigen Sie einen klassischen Garderobenst\u00e4nder f\u00fcr Ihr B\u00fcro? Dann ist dieses Modell genau das Richtige f\u00fcr Sie! <\/p>\n<p>Die Schirme werden von einem umlaufenden Metallring gehalten.<\/p>\n<h4><span style=\"color: #800000;\"><strong>Merkmale :<\/strong><\/span><\/h4>\n<ul>\n<li>Hellgraue Alu-Metallstruktur auf beschwertem Sockel<\/li>\n<li>Hohe Stabilit\u00e4t, aber leicht zu bewegen<\/li>\n<li>Integrierter Schirmst\u00e4nder<\/li>\n<li>Einfache Selbstmontage, mit Anleitung<\/li>\n<li>H\u00f6he 173 cm x Durchmesser der Basis 45 cm<\/li>\n<li>Gewicht 4 kg<\/li>\n<\/ul>\n<p><strong><span style=\"color: #800000;\">Lieferbedingungen :<\/span><br \/>\n<\/strong><\/p>\n<p>Zu Ihrer Information: Nach Eingang Ihres Auftrags sind unsere Produkte innerhalb von etwa zehn Tagen lieferbar.<\/p>\n<p>Z\u00f6gern Sie nicht <u><a href=\"https:\/\/cdiffprom.ch\/elements\/contactez-nous\/\"><span style=\"color: #800000;\">uns zu kontaktieren.<\/span><\/a><\/u> Wenn Sie einen dringenderen Bedarf haben, k\u00f6nnen wir Ihnen immer eine schnellere L\u00f6sung anbieten.<\/p>\n<p>Wir sind auch gerne bereit, Ihnen Informationen \u00fcber Mengenrabatte zu geben.<\/p>\n<p>Einige Artikel k\u00f6nnen eine l\u00e4ngere Lieferzeit in Anspruch nehmen, da sie nicht auf Lager unseres Lieferanten sind. In diesem Fall werden Sie nach Eingang Ihrer Bestellung benachrichtigt. <\/p>\n<p>Wir liefern versandkostenfrei ab einem Bestellwert von CHF. 500.-. Unterhalb dieses Betrags wird eine Pauschale von CHF. 15,90 zu entrichten. <\/p>\n<p>Bei allen Online-Bestellungen f\u00fchren wir immer einen Telefonanruf durch, um sicherzustellen, dass Sie das richtige Produkt f\u00fcr Ihre Bed\u00fcrfnisse ausgew\u00e4hlt haben. So k\u00f6nnen Sie sicher sein, dass Sie die richtige Wahl treffen. <\/p>\n<p>Bitte beachten Sie, dass die Promo-Codes nicht kumulierbar sind und der Rabatt auf Ihrer Bestellung sichtbar ist.<\/p>\n<p>&nbsp;<\/p>\n","protected":false},"excerpt":{"rendered":"<p>Klassischer Garderobenst\u00e4nder Ben\u00f6tigen Sie einen klassischen Garderobenst\u00e4nder f\u00fcr Ihr B\u00fcro? Dann ist dieses Modell genau das Richtige f\u00fcr Sie! Die Schirme werden von einem umlaufenden Metallring gehalten. Merkmale : Hellgraue Alu-Metallstruktur auf beschwertem Sockel Hohe Stabilit\u00e4t, aber leicht zu bewegen Integrierter Schirmst\u00e4nder Einfache Selbstmontage, mit Anleitung H\u00f6he 173 cm x Durchmesser der Basis 45 cm&#8230;<\/p>\n","protected":false},"featured_media":103678,"template":"","meta":{"slim_seo":{"title":"Klassischer Kleiderst\u00e4nder - Suisse - C.Diff-Prom","description":"Klassischer Garderobenst\u00e4nder Ben\u00f6tigen Sie einen klassischen Garderobenst\u00e4nder f\u00fcr Ihr B\u00fcro? Dann ist dieses Modell genau das Richtige f\u00fcr Sie! Die Schirme wer"}},"product_brand":[],"product_cat":[6391,6390],"product_tag":[6392],"class_list":{"0":"post-106178","1":"product","2":"type-product","3":"status-publish","4":"has-post-thumbnail","6":"product_cat-burozubehor","7":"product_cat-ranking","8":"product_tag-burozubehor","10":"first","11":"instock","12":"taxable","13":"shipping-taxable","14":"purchasable","15":"product-type-simple"},"_links":{"self":[{"href":"https:\/\/cdiffprom.ch\/de\/wp-json\/wp\/v2\/product\/106178","targetHints":{"allow":["GET"]}}],"collection":[{"href":"https:\/\/cdiffprom.ch\/de\/wp-json\/wp\/v2\/product"}],"about":[{"href":"https:\/\/cdiffprom.ch\/de\/wp-json\/wp\/v2\/types\/product"}],"wp:featuredmedia":[{"embeddable":true,"href":"https:\/\/cdiffprom.ch\/de\/wp-json\/wp\/v2\/media\/103678"}],"wp:attachment":[{"href":"https:\/\/cdiffprom.ch\/de\/wp-json\/wp\/v2\/media?parent=106178"}],"wp:term":[{"taxonomy":"product_brand","embeddable":true,"href":"https:\/\/cdiffprom.ch\/de\/wp-json\/wp\/v2\/product_brand?post=106178"},{"taxonomy":"product_cat","embeddable":true,"href":"https:\/\/cdiffprom.ch\/de\/wp-json\/wp\/v2\/product_cat?post=106178"},{"taxonomy":"product_tag","embeddable":true,"href":"https:\/\/cdiffprom.ch\/de\/wp-json\/wp\/v2\/product_tag?post=106178"}],"curies":[{"name":"wp","href":"https:\/\/api.w.org\/{rel}","templated":true}]}}