{"id":106179,"date":"2017-07-01T11:29:00","date_gmt":"2017-07-01T09:29:00","guid":{"rendered":"https:\/\/cdiffprom.ch\/produit\/plakatrahmen-clic-clac-farben\/"},"modified":"2017-07-01T11:29:00","modified_gmt":"2017-07-01T09:29:00","slug":"plakatrahmen-clic-clac-farben","status":"publish","type":"product","link":"https:\/\/cdiffprom.ch\/de\/produit\/plakatrahmen-clic-clac-farben\/","title":{"rendered":"Plakatrahmen clic-clac Farben"},"content":{"rendered":"<h3><span style=\"color: #800000;\"><strong>Bilderrahmen Clic-Clac Farben<\/strong><\/span><\/h3>\n<p>Bringen Sie Farbe in Ihre Aush\u00e4nge mit unseren farbigen Clic-Clac-Plakatrahmen. Sie haben die M\u00f6glichkeit, 8 Grundfarben zu w\u00e4hlen, die mit hochfestem Epoxydharz lackiert werden k\u00f6nnen. <\/p>\n<p>Antireflex- und UV-gesch\u00fctztes Plexiglas f\u00fcr eine garantiert lange Nutzungsdauer. Au\u00dferdem ist die Verwendung im Hoch- oder Querformat m\u00f6glich. <\/p>\n<p>Mit einer Klick-Klack-\u00d6ffnung auf allen vier Seiten k\u00f6nnen Sie Ihre Botschaft einfach einf\u00fcgen.<\/p>\n<p>Unsichtbare Wandbefestigung im Rahmen mit den mitgelieferten Schrauben.<\/p>\n<p>Staffelpreis auf Anfrage ab 5 St\u00fcck, die im gleichen Format und in der gleichen Farbe bestellt werden.<\/p>\n<p>Dar\u00fcber hinaus ist dieses Modell nicht wasserdicht und eignet sich f\u00fcr die Installation im Innen- oder gesch\u00fctzten Au\u00dfenbereich.<\/p>\n<p>Wenn Sie spezielle Anforderungen an Farben und Abmessungen haben, kontaktieren Sie uns bitte. <a href=\"https:\/\/cdiffprom.ch\/elements\/contactez-nous\/\"><span style=\"color: #800000;\">kontaktieren Sie bitte<\/span><\/a>.<\/p>\n<p><span style=\"color: #800000;\"><strong>Lieferbedingungen<\/strong><\/span><\/p>\n<p>Alle unsere Produkte sind innerhalb von 10 Tagen nach Eingang Ihrer Bestellung lieferbar. Bitte z\u00f6gern Sie nicht, uns zu kontaktieren. <u><a href=\"https:\/\/cdiffprom.ch\/elements\/contactez-nous\/\"><span style=\"color: #800000;\">uns zu kontaktieren.<\/span><\/a><\/u> Wenn Sie einen dringenderen Bedarf haben, k\u00f6nnen wir Ihnen immer eine schnellere L\u00f6sung anbieten. <\/p>\n<p>Einige Artikel k\u00f6nnen eine l\u00e4ngere Lieferzeit in Anspruch nehmen, da sie nicht auf Lager unseres Lieferanten sind. In diesem Fall werden Sie nach Eingang Ihrer Bestellung benachrichtigt. <\/p>\n<p>Wir liefern versandkostenfrei ab einem Bestellwert von CHF. 500.-. Unterhalb dieses Betrags wird eine Pauschale von CHF. 15,90 zu entrichten. <\/p>\n<p>Bei allen Online-Bestellungen f\u00fchren wir immer einen Telefonanruf durch, um sicherzustellen, dass Sie das richtige Produkt f\u00fcr Ihre Bed\u00fcrfnisse ausgew\u00e4hlt haben. So k\u00f6nnen Sie sicher sein, dass Sie die richtige Wahl treffen. <\/p>\n<p>Bitte beachten Sie, dass die Promo-Codes nicht kumulierbar sind und der Rabatt auf Ihrer Bestellung sichtbar ist.<\/p>\n<p>&nbsp;<\/p>\n","protected":false},"excerpt":{"rendered":"<p>Bringen Sie Farbe in Ihre Anzeige mit unseren farbigen Cli-Clac-Rahmen, die mit einem entspiegelten Plexiglasschutz ge\u00f6ffnet werden k\u00f6nnen und sowohl im Hoch- als auch im Querformat verwendet werden k\u00f6nnen.<\/p>\n","protected":false},"featured_media":103652,"template":"","meta":{"slim_seo":{"title":"Plakatrahmen clic-clac Farben - Suisse - C.Diff-Prom","description":"Bringen Sie Farbe in Ihre Anzeige mit unseren farbigen Cli-Clac-Rahmen, die mit einem entspiegelten Plexiglasschutz ge\u00f6ffnet werden k\u00f6nnen und sowohl im Hoch- a"}},"product_brand":[],"product_cat":[6342,6339],"product_tag":[6573],"class_list":{"0":"post-106179","1":"product","2":"type-product","3":"status-publish","4":"has-post-thumbnail","6":"product_cat-anzeige","7":"product_cat-plakatrahmen","8":"product_tag-wandklapprahmen-mit-klick-klack-funktion","10":"first","11":"instock","12":"taxable","13":"shipping-taxable","14":"purchasable","15":"product-type-variable"},"_links":{"self":[{"href":"https:\/\/cdiffprom.ch\/de\/wp-json\/wp\/v2\/product\/106179","targetHints":{"allow":["GET"]}}],"collection":[{"href":"https:\/\/cdiffprom.ch\/de\/wp-json\/wp\/v2\/product"}],"about":[{"href":"https:\/\/cdiffprom.ch\/de\/wp-json\/wp\/v2\/types\/product"}],"wp:featuredmedia":[{"embeddable":true,"href":"https:\/\/cdiffprom.ch\/de\/wp-json\/wp\/v2\/media\/103652"}],"wp:attachment":[{"href":"https:\/\/cdiffprom.ch\/de\/wp-json\/wp\/v2\/media?parent=106179"}],"wp:term":[{"taxonomy":"product_brand","embeddable":true,"href":"https:\/\/cdiffprom.ch\/de\/wp-json\/wp\/v2\/product_brand?post=106179"},{"taxonomy":"product_cat","embeddable":true,"href":"https:\/\/cdiffprom.ch\/de\/wp-json\/wp\/v2\/product_cat?post=106179"},{"taxonomy":"product_tag","embeddable":true,"href":"https:\/\/cdiffprom.ch\/de\/wp-json\/wp\/v2\/product_tag?post=106179"}],"curies":[{"name":"wp","href":"https:\/\/api.w.org\/{rel}","templated":true}]}}