{"id":106180,"date":"2018-05-21T11:12:17","date_gmt":"2018-05-21T09:12:17","guid":{"rendered":"https:\/\/cdiffprom.ch\/produit\/empfangsstaender-fuer-broschueren\/"},"modified":"2018-05-21T11:12:17","modified_gmt":"2018-05-21T09:12:17","slug":"empfangsstaender-fuer-broschueren","status":"publish","type":"product","link":"https:\/\/cdiffprom.ch\/de\/produit\/empfangsstaender-fuer-broschueren\/","title":{"rendered":"Empfangsst\u00e4nder f\u00fcr Brosch\u00fcren"},"content":{"rendered":"<h3><strong><span style=\"color: #993300;\">Empfangsst\u00e4nder f\u00fcr Brosch\u00fcren<\/span><\/strong><\/h3>\n<p>Mit diesem Empfangsst\u00e4nder f\u00fcr Brosch\u00fcren bieten Sie Ihren Kunden die M\u00f6glichkeit, Ihre verschiedenen Publikationen oder Werbeangebote auf einfache und praktische Weise zu erfassen.<\/p>\n<p>Au\u00dferdem verf\u00fcgt es \u00fcber eine Frontseite mit 2 Plexiglasplatten 10 x 22 cm, so dass Sie z.B. ein Blatt mit Ihrem Logo einf\u00fcgen k\u00f6nnen.<\/p>\n<p>Daher kann es leicht in Ihrem Empfangsbereich oder vor Ihrem Gesch\u00e4ft platziert werden.<\/p>\n<p>Dieses Display ist in 2 Modellen erh\u00e4ltlich, n\u00e4mlich :<\/p>\n<ul>\n<li>  2 Regale, H\u00f6he 99 cm<\/li>\n<li>  3 Regale, H\u00f6he 128 cm<\/li>\n<\/ul>\n<p>Die schr\u00e4gen Plexiglasb\u00f6den sind 33 cm hoch und 22 cm breit und erm\u00f6glichen Ihnen eine 4 cm dicke Dokumentation.<\/p>\n<h4><strong><span style=\"color: #800000;\">Lieferbedingungen :<br \/>\n<\/span><\/strong><\/h4>\n<p>Zu Ihrer Information: Nach Eingang Ihres Auftrags sind unsere Produkte innerhalb von etwa zehn Tagen lieferbar.<\/p>\n<p>Z\u00f6gern Sie nicht <u><a href=\"https:\/\/cdiffprom.ch\/elements\/contactez-nous\/\"><span style=\"color: #800000;\"><strong>uns zu kontaktieren.<\/strong><\/span><\/a><\/u> Wenn Sie einen dringenderen Bedarf haben, k\u00f6nnen wir Ihnen immer eine schnellere L\u00f6sung anbieten.<\/p>\n<p>Wir sind auch gerne bereit, Ihnen Informationen \u00fcber Mengenrabatte zu geben.<\/p>\n<p>Einige Artikel k\u00f6nnen eine l\u00e4ngere Lieferzeit in Anspruch nehmen, da sie nicht auf Lager unseres Lieferanten sind. In diesem Fall werden Sie nach Eingang Ihrer Bestellung benachrichtigt. <\/p>\n<p>Wir liefern versandkostenfrei ab einem Bestellwert von CHF. 500.-. Unterhalb dieses Betrags wird eine Pauschale von CHF. 15,90 zu entrichten. <\/p>\n<p>Bei allen Online-Bestellungen f\u00fchren wir immer einen Telefonanruf durch, um sicherzustellen, dass Sie das richtige Produkt f\u00fcr Ihre Bed\u00fcrfnisse ausgew\u00e4hlt haben. So k\u00f6nnen Sie sicher sein, dass Sie die richtige Wahl treffen. <\/p>\n<h4>Bitte beachten Sie, dass die Promo-Codes nicht kumulierbar sind und der Rabatt auf Ihrer Bestellung sichtbar ist.<\/h4>\n<p>&nbsp;<\/p>\n<p>&nbsp;<\/p>\n","protected":false},"excerpt":{"rendered":"<p>Display mit 2 oder 3 Regalen und einem Giebel zum Einf\u00fcgen des von Ihnen gew\u00e4hlten Bildes.<\/p>\n","protected":false},"featured_media":102548,"template":"","meta":{"slim_seo":{"title":"Empfangsst\u00e4nder f\u00fcr Brosch\u00fcren - Suisse - C.Diff-Prom","description":"Display mit 2 oder 3 Regalen und einem Giebel zum Einf\u00fcgen des von Ihnen gew\u00e4hlten Bildes."}},"product_brand":[],"product_cat":[6362,6478,6401],"product_tag":[6479],"class_list":{"0":"post-106180","1":"product","2":"type-product","3":"status-publish","4":"has-post-thumbnail","6":"product_cat-ausstellungen","7":"product_cat-broschuren-und-zeitungsstander","8":"product_cat-zeitungsstander","9":"product_tag-broschuren-und-zeitungsstander","11":"first","12":"instock","13":"taxable","14":"shipping-taxable","15":"purchasable","16":"product-type-variable"},"_links":{"self":[{"href":"https:\/\/cdiffprom.ch\/de\/wp-json\/wp\/v2\/product\/106180","targetHints":{"allow":["GET"]}}],"collection":[{"href":"https:\/\/cdiffprom.ch\/de\/wp-json\/wp\/v2\/product"}],"about":[{"href":"https:\/\/cdiffprom.ch\/de\/wp-json\/wp\/v2\/types\/product"}],"wp:featuredmedia":[{"embeddable":true,"href":"https:\/\/cdiffprom.ch\/de\/wp-json\/wp\/v2\/media\/102548"}],"wp:attachment":[{"href":"https:\/\/cdiffprom.ch\/de\/wp-json\/wp\/v2\/media?parent=106180"}],"wp:term":[{"taxonomy":"product_brand","embeddable":true,"href":"https:\/\/cdiffprom.ch\/de\/wp-json\/wp\/v2\/product_brand?post=106180"},{"taxonomy":"product_cat","embeddable":true,"href":"https:\/\/cdiffprom.ch\/de\/wp-json\/wp\/v2\/product_cat?post=106180"},{"taxonomy":"product_tag","embeddable":true,"href":"https:\/\/cdiffprom.ch\/de\/wp-json\/wp\/v2\/product_tag?post=106180"}],"curies":[{"name":"wp","href":"https:\/\/api.w.org\/{rel}","templated":true}]}}