{"id":106195,"date":"2017-09-17T14:31:37","date_gmt":"2017-09-17T12:31:37","guid":{"rendered":"https:\/\/cdiffprom.ch\/produit\/cadro-klick-anzeigestapel\/"},"modified":"2017-09-17T14:31:37","modified_gmt":"2017-09-17T12:31:37","slug":"cadro-klick-anzeigestapel","status":"publish","type":"product","link":"https:\/\/cdiffprom.ch\/de\/produit\/cadro-klick-anzeigestapel\/","title":{"rendered":"Cadro-Klick-Anzeigestapel"},"content":{"rendered":"<h3><strong><span style=\"color: #800000;\">Cadro-Clic Staffelei<\/span><\/strong><\/h3>\n<p>Die Cadro-Clic Plakatstaffelei ist das ideale Medium f\u00fcr doppelseitige Stra\u00dfenwerbung. Er erm\u00f6glicht es Ihnen, Ihre potenziellen Kunden in beide Richtungen des Fu\u00dfg\u00e4ngerverkehrs auf Ihrer Stra\u00dfe anzusprechen. Ideal f\u00fcr alle Arten von Gesch\u00e4ften! Ihre Kommunikation wird dadurch aufgewertet und kann mit Hilfe des Clic-Clac-Systems leicht ausgetauscht werden, um Ihr Plakat zu halten.   <\/p>\n<h4><strong><span style=\"color: #800000;\">Technische Spezifikationen und Abmessungen<\/span><\/strong><\/h4>\n<p>Die Cadro-Clic Plakatstaffelei ist mit einem Aluminiumrahmen und einem Metallboden ausgestattet, der ihr eine gute Stabilit\u00e4t verleiht, ohne sie zu schwer zu machen. Die unzerbrechlichen, entspiegelten Plexiglasscheiben bieten eine perfekte Sicht und die verchromten, abgerundeten Ecken verhindern Verletzungen bei Kindern.<br \/>\nBez\u00fcglich der verschiedenen Gewichte und Plakatformate gelten folgende Angaben:<br \/>\nA2, 59,4 x 42 &#8211; 8kg<br \/>\nA1, 84 x 59,4 &#8211; 10 kg<br \/>\n100 x 70 &#8211; 12 kg<br \/>\nA0, 118,8 x 84 &#8211; 16 kg <\/p>\n<h4><strong><span style=\"color: #800000;\">Verschiedene Anpassungen<\/span><\/strong><\/h4>\n<p>Es ist m\u00f6glich, einen Briefkopf mit Ihrem Logo und K\u00f6rbe f\u00fcr die Verteilung von Flyern einzuf\u00fcgen. Wenn Sie Hilfe bei der Erstellung oder Personalisierung Ihrer Poster ben\u00f6tigen, wenden Sie sich bitte an <span style=\"color: #800000;\"><a style=\"color: #800000;\" href=\"https:\/\/impactpub.ch\/\">Impact Pub<\/a><\/span> wenn Sie in Genf ans\u00e4ssig sind, oder <a href=\"http:\/\/www.kontrast-publicite.ch\/\"><span style=\"color: #800000;\">Kontrast Publicit\u00e9<\/span><\/a> wenn Sie in Neuch\u00e2tel &#8211; Chaux de Fonds ans\u00e4ssig sind. Es ist auch m\u00f6glich, ein selbstklebendes, auf Ihr Gesch\u00e4ft zugeschnittenes Poster in den Boden einzuf\u00fcgen und so mehrere Anzeigen nach Bedarf zu schalten.<br \/>\nBesuchen Sie auch unsere Seite \u00fcber Staffeleien. <span style=\"color: #800000;\"><a style=\"color: #800000;\" href=\"https:\/\/cdiffprom.ch\/produit\/tableaux-chevalets-ardoise-noire-ecriture-a-la-craie\/\">Schiefertafeln <\/a><\/span>wenn Sie Ihr kreatives Talent zum Ausdruck bringen m\u00f6chten.  <\/p>\n<p>Au\u00dferdem sind alle diese verschiedenen Modelle leicht zusammenklappbar. Sie sind daher ideal f\u00fcr den Transport geeignet. F\u00fcr den Fall eines b\u00f6swilligen Aktes sind Ersatz-Plexis erh\u00e4ltlich.  <\/p>\n<p>Der Preis ist degressiv, wenn Sie 3 Bilder in der gleichen Gr\u00f6\u00dfe bestellen. Bitte z\u00f6gern Sie nicht, uns zu<span style=\"color: #800000;\"> <a style=\"color: #800000;\" href=\"https:\/\/cdiffprom.ch\/elements\/contactez-nous\/\">kontaktieren<\/a><\/span>, um unsere besten Angebote f\u00fcr gr\u00f6\u00dfere Mengen anzufordern oder wenn Sie weitere Fragen haben. <\/p>\n","protected":false},"excerpt":{"rendered":"<p>Plakatst\u00e4nder in 4 Formaten, robuste Ausf\u00fchrung aus naturfarbenem eloxiertem Aluminium, abgerundete verchromte Ecken.<\/p>\n<p>Jetzt auch in Schwarz in allen Gr\u00f6\u00dfen erh\u00e4ltlich.<\/p>\n<p>Besuchen Sie auch unsere Seite. <strong><span style=\"color: #800000;\"><a style=\"color: #800000;\" href=\"https:\/\/cdiffprom.ch\/produit\/stop-trottoir-base-lestee\/\">Gehwegaufsteller auf beschwerter Basis<\/a><\/span><\/strong> Dort finden Sie auch andere windfeste Modelle.<\/p>\n","protected":false},"featured_media":103654,"template":"","meta":{"slim_seo":{"title":"Cadro-Klick-Anzeigestapel - Suisse - C.Diff-Prom","description":"Plakatst\u00e4nder in 4 Formaten, robuste Ausf\u00fchrung aus naturfarbenem eloxiertem Aluminium, abgerundete verchromte Ecken. Jetzt auch in Schwarz in allen Gr\u00f6\u00dfen erh\u00e4"}},"product_brand":[],"product_cat":[6342,6343],"product_tag":[6579],"class_list":{"0":"post-106195","1":"product","2":"type-product","3":"status-publish","4":"has-post-thumbnail","6":"product_cat-anzeige","7":"product_cat-staffeleien-gehwegstopper","8":"product_tag-stelzen-und-gehwegstopper","10":"first","11":"instock","12":"taxable","13":"shipping-taxable","14":"purchasable","15":"product-type-variable"},"_links":{"self":[{"href":"https:\/\/cdiffprom.ch\/de\/wp-json\/wp\/v2\/product\/106195","targetHints":{"allow":["GET"]}}],"collection":[{"href":"https:\/\/cdiffprom.ch\/de\/wp-json\/wp\/v2\/product"}],"about":[{"href":"https:\/\/cdiffprom.ch\/de\/wp-json\/wp\/v2\/types\/product"}],"wp:featuredmedia":[{"embeddable":true,"href":"https:\/\/cdiffprom.ch\/de\/wp-json\/wp\/v2\/media\/103654"}],"wp:attachment":[{"href":"https:\/\/cdiffprom.ch\/de\/wp-json\/wp\/v2\/media?parent=106195"}],"wp:term":[{"taxonomy":"product_brand","embeddable":true,"href":"https:\/\/cdiffprom.ch\/de\/wp-json\/wp\/v2\/product_brand?post=106195"},{"taxonomy":"product_cat","embeddable":true,"href":"https:\/\/cdiffprom.ch\/de\/wp-json\/wp\/v2\/product_cat?post=106195"},{"taxonomy":"product_tag","embeddable":true,"href":"https:\/\/cdiffprom.ch\/de\/wp-json\/wp\/v2\/product_tag?post=106195"}],"curies":[{"name":"wp","href":"https:\/\/api.w.org\/{rel}","templated":true}]}}