{"id":106214,"date":"2018-08-30T11:48:16","date_gmt":"2018-08-30T09:48:16","guid":{"rendered":"https:\/\/cdiffprom.ch\/produit\/doppelseitiger-beleuchteter-totem\/"},"modified":"2018-08-30T11:48:16","modified_gmt":"2018-08-30T09:48:16","slug":"doppelseitiger-beleuchteter-totem","status":"publish","type":"product","link":"https:\/\/cdiffprom.ch\/de\/produit\/doppelseitiger-beleuchteter-totem\/","title":{"rendered":"Doppelseitiger beleuchteter Totem"},"content":{"rendered":"<h3><span style=\"color: #800000;\">Doppelseitiger beleuchteter Totem<\/span><\/h3>\n<p>Um von weitem sichtbar zu sein, wird Ihnen unsere doppelseitige Totem-Leuchte gute Dienste leisten. Sie steht auf einem beschwerten Sockel und bietet Ihrer Botschaft eine hohe Stabilit\u00e4t, so dass sie gut sichtbar ist. <\/p>\n<h4><span style=\"color: #800000;\">Technische Spezifikationen<\/span><\/h4>\n<p>Er ist in drei verschiedenen Breiten erh\u00e4ltlich, 60, 70 und 80 cm bei einer H\u00f6he von 170 cm. Der Totempfahl verf\u00fcgt auch \u00fcber eine Hintergrundbeleuchtung, die mit energiesparenden Neonr\u00f6hren erfolgt. Das Gesamtgewicht betr\u00e4gt 28 kg f\u00fcr die 60 cm, 31 kg f\u00fcr die 70 cm und 37 kg f\u00fcr die 80 cm.<br \/>\nDie Beleuchtung betr\u00e4gt 1 x 58 W f\u00fcr die beiden kleineren und 2 x 58 W f\u00fcr das breitere Modell.  <\/p>\n<p>Nachdem Sie Ihr Poster hinter dem Antireflexionsschutz eingef\u00fcgt haben, k\u00f6nnen Sie es mit Hilfe des Clic-Clac-Systems einfach austauschen.<br \/>\nAu\u00dferdem ist das hintere Plexiglas diffus, d.h. die gleichm\u00e4\u00dfige Beleuchtung ist \u00fcber die gesamte Fl\u00e4che gew\u00e4hrleistet.<\/p>\n<h4><span style=\"color: #800000;\">Empfohlene Nutzung<\/span><\/h4>\n<p>In einer Einkaufspassage, um ein oder mehrere Ihrer Angebote zu pr\u00e4sentieren.<br \/>\nIn der Automobilbranche, um ein bestimmtes Modell auf originelle Weise hervorzuheben.<br \/>\nIn Ihrem Kundenempfangsbereich.<\/p>\n<p>Sehen Sie auch unsere <a href=\"https:\/\/cdiffprom.ch\/produit\/caisson-lumineux-4-dimensions\/\"><span style=\"color: #800000;\">konvexe Leuchtk\u00e4sten<\/span><\/a> f\u00fcr Wandinstallationen.<\/p>\n","protected":false},"excerpt":{"rendered":"<p>Sie sind in 3 verschiedenen Breiten und einer H\u00f6he von 1,70 m erh\u00e4ltlich.<\/p>\n","protected":false},"featured_media":103696,"template":"","meta":{"slim_seo":{"title":"Doppelseitiger beleuchteter Totem - Suisse - C.Diff-Prom","description":"Sie sind in 3 verschiedenen Breiten und einer H\u00f6he von 1,70 m erh\u00e4ltlich."}},"product_brand":[],"product_cat":[6342,6362,6373,6418],"product_tag":[6580],"class_list":{"0":"post-106214","1":"product","2":"type-product","3":"status-publish","4":"has-post-thumbnail","6":"product_cat-anzeige","7":"product_cat-ausstellungen","8":"product_cat-leuchtanzeige","9":"product_cat-totems-fur-werbung","10":"product_tag-totems-fur-werbung","12":"first","13":"instock","14":"taxable","15":"shipping-taxable","16":"purchasable","17":"product-type-variable"},"_links":{"self":[{"href":"https:\/\/cdiffprom.ch\/de\/wp-json\/wp\/v2\/product\/106214","targetHints":{"allow":["GET"]}}],"collection":[{"href":"https:\/\/cdiffprom.ch\/de\/wp-json\/wp\/v2\/product"}],"about":[{"href":"https:\/\/cdiffprom.ch\/de\/wp-json\/wp\/v2\/types\/product"}],"wp:featuredmedia":[{"embeddable":true,"href":"https:\/\/cdiffprom.ch\/de\/wp-json\/wp\/v2\/media\/103696"}],"wp:attachment":[{"href":"https:\/\/cdiffprom.ch\/de\/wp-json\/wp\/v2\/media?parent=106214"}],"wp:term":[{"taxonomy":"product_brand","embeddable":true,"href":"https:\/\/cdiffprom.ch\/de\/wp-json\/wp\/v2\/product_brand?post=106214"},{"taxonomy":"product_cat","embeddable":true,"href":"https:\/\/cdiffprom.ch\/de\/wp-json\/wp\/v2\/product_cat?post=106214"},{"taxonomy":"product_tag","embeddable":true,"href":"https:\/\/cdiffprom.ch\/de\/wp-json\/wp\/v2\/product_tag?post=106214"}],"curies":[{"name":"wp","href":"https:\/\/api.w.org\/{rel}","templated":true}]}}