{"id":106217,"date":"2017-09-17T16:29:17","date_gmt":"2017-09-17T14:29:17","guid":{"rendered":"https:\/\/cdiffprom.ch\/produit\/pfosten-fuer-gitter-waende\/"},"modified":"2017-09-17T16:29:17","modified_gmt":"2017-09-17T14:29:17","slug":"pfosten-fuer-gitter-waende","status":"publish","type":"product","link":"https:\/\/cdiffprom.ch\/de\/produit\/pfosten-fuer-gitter-waende\/","title":{"rendered":"Pfosten f\u00fcr Gitter\/W\u00e4nde"},"content":{"rendered":"","protected":false},"excerpt":{"rendered":"<p>T-Pfahl auf Stabilisierungsst\u00fctzen, H\u00f6he 194 cm bei einem Durchmesser von 3 cm oder auf rundem Sockel<\/p>\n","protected":false},"featured_media":103662,"template":"","meta":{"slim_seo":{"title":"Pfosten f\u00fcr Gitter\/W\u00e4nde - Suisse - C.Diff-Prom","description":"T-Pfahl auf Stabilisierungsst\u00fctzen, H\u00f6he 194 cm bei einem Durchmesser von 3 cm oder auf rundem Sockel"}},"product_brand":[],"product_cat":[6362,6408],"product_tag":[6581],"class_list":{"0":"post-106217","1":"product","2":"type-product","3":"status-publish","4":"has-post-thumbnail","6":"product_cat-ausstellungen","7":"product_cat-zubehor-fur-gitter","8":"product_tag-mobile-displays","10":"first","11":"instock","12":"taxable","13":"shipping-taxable","14":"purchasable","15":"product-type-variable"},"_links":{"self":[{"href":"https:\/\/cdiffprom.ch\/de\/wp-json\/wp\/v2\/product\/106217","targetHints":{"allow":["GET"]}}],"collection":[{"href":"https:\/\/cdiffprom.ch\/de\/wp-json\/wp\/v2\/product"}],"about":[{"href":"https:\/\/cdiffprom.ch\/de\/wp-json\/wp\/v2\/types\/product"}],"wp:featuredmedia":[{"embeddable":true,"href":"https:\/\/cdiffprom.ch\/de\/wp-json\/wp\/v2\/media\/103662"}],"wp:attachment":[{"href":"https:\/\/cdiffprom.ch\/de\/wp-json\/wp\/v2\/media?parent=106217"}],"wp:term":[{"taxonomy":"product_brand","embeddable":true,"href":"https:\/\/cdiffprom.ch\/de\/wp-json\/wp\/v2\/product_brand?post=106217"},{"taxonomy":"product_cat","embeddable":true,"href":"https:\/\/cdiffprom.ch\/de\/wp-json\/wp\/v2\/product_cat?post=106217"},{"taxonomy":"product_tag","embeddable":true,"href":"https:\/\/cdiffprom.ch\/de\/wp-json\/wp\/v2\/product_tag?post=106217"}],"curies":[{"name":"wp","href":"https:\/\/api.w.org\/{rel}","templated":true}]}}