{"id":106227,"date":"2019-01-03T15:02:25","date_gmt":"2019-01-03T14:02:25","guid":{"rendered":"https:\/\/cdiffprom.ch\/produit\/standfuss-fuer-ein-buecherregal\/"},"modified":"2019-01-03T15:02:25","modified_gmt":"2019-01-03T14:02:25","slug":"standfuss-fuer-ein-buecherregal","status":"publish","type":"product","link":"https:\/\/cdiffprom.ch\/de\/produit\/standfuss-fuer-ein-buecherregal\/","title":{"rendered":"Standfu\u00df f\u00fcr ein B\u00fccherregal"},"content":{"rendered":"<h3><span style=\"color: #800000;\">Standfu\u00df f\u00fcr ein B\u00fccherregal<\/span><\/h3>\n<p>Dieser elegante Tablet-St\u00e4nder auf einem gebogenen Fu\u00df mit Diebstahlsicherung wird in Ihrem Empfangsbereich oder auf Ihrem Messestand einen guten Platz finden.<\/p>\n<p>Dieser St\u00e4nder ist f\u00fcr alle Tablets wie I-Pad &#8211; Samsung &#8211; Asus und viele andere geeignet und bietet Ihrem Tablet eine Sichtbarkeit von 220 x 160 mm.<br \/>\nDank des unsichtbaren Home-Buttons des Tablets k\u00f6nnen Ihre potenziellen Kunden nicht auf andere als die vordefinierten Anwendungen zugreifen.<\/p>\n<p>Die Diebstahlsicherung ist mit einem Sicherheitsschloss abschlie\u00dfbar, das mit zwei Schl\u00fcsseln geliefert wird.<\/p>\n<p>Die Ausrichtung Ihres Tablets ist sowohl im Hoch- als auch im Querformat m\u00f6glich. Das nicht im Lieferumfang enthaltene Kabel l\u00e4sst sich problemlos in den Fu\u00df einf\u00fchren. <\/p>\n<p>Die Gesamtabmessungen dieses St\u00e4nders betragen 120 cm H\u00f6he, er steht auf einem 5 kg schweren, beschwerten Fu\u00df und hat einen Durchmesser von 36 cm, was ihm eine perfekte Stabilit\u00e4t verleiht.<\/p>\n<p>Die mattschwarze Oberfl\u00e4che ist lackiert und wirkt dadurch besonders elegant.<\/p>\n<p>Ein digitaler Tablet-PC ist in vielen Bereichen n\u00fctzlich, um Ihre Kunden zu informieren. Es eignet sich gut f\u00fcr Wartezeiten im Wartezimmer oder zur Vorf\u00fchrung von Modellen in Friseursalons oder Kosmetikstudios. Bei Ausstellungen, Messen und Pr\u00e4sentationen ist es ein hervorragendes Mittel, um neue Kunden zu gewinnen. In Reiseb\u00fcros zum Beispiel ist dies eine Gelegenheit, Ihre K\u00e4ufer von fernen Reisezielen tr\u00e4umen zu lassen. In der Automobilbranche k\u00f6nnen Sie auf diese Weise Ihren gesamten Gebrauchtwagenbestand pr\u00e4sentieren.    <\/p>\n<h4><span style=\"color: #800000;\">Technische Spezifikationen<\/span><\/h4>\n<p>Mindestgr\u00f6\u00dfe Ihres Regals: 225 x 165 x 5 mm, H\u00f6chstgr\u00f6\u00dfe: 255 x 188 x 11 mm.<br \/>\nGesamtgewicht mit Tablet: 7kg<\/p>\n<p><a href=\"https:\/\/cdiffprom.ch\/elements\/contact\/\"><span style=\"color: #800000;\">Besuchen Sie uns auf<\/span><\/a> um unsere g\u00fcnstigen Preise ab 3 bestellten Medien zu erfahren.<\/p>\n<p>&nbsp;<\/p>\n","protected":false},"excerpt":{"rendered":"<p>Dieser elegante digitale Tablet-Halter ist f\u00fcr alle Tablet-Gr\u00f6\u00dfen geeignet, Fu\u00dfh\u00f6he 120 cm auf einem mit 5 kg beschwerten Sockel<br \/>\nmattschwarzes Finish<\/p>\n","protected":false},"featured_media":103702,"template":"","meta":{"slim_seo":{"title":"Standfu\u00df f\u00fcr ein B\u00fccherregal - Suisse - C.Diff-Prom","description":"Dieser elegante digitale Tablet-Halter ist f\u00fcr alle Tablet-Gr\u00f6\u00dfen geeignet, Fu\u00dfh\u00f6he 120 cm auf einem mit 5 kg beschwerten Sockel mattschwarzes Finish"}},"product_brand":[],"product_cat":[6359,6376],"product_tag":[6378],"class_list":{"0":"post-106227","1":"product","2":"type-product","3":"status-publish","4":"has-post-thumbnail","6":"product_cat-multimedia-de","7":"product_cat-tablethalter","8":"product_tag-tablet-stander","10":"first","11":"instock","12":"taxable","13":"shipping-taxable","14":"purchasable","15":"product-type-variable"},"_links":{"self":[{"href":"https:\/\/cdiffprom.ch\/de\/wp-json\/wp\/v2\/product\/106227","targetHints":{"allow":["GET"]}}],"collection":[{"href":"https:\/\/cdiffprom.ch\/de\/wp-json\/wp\/v2\/product"}],"about":[{"href":"https:\/\/cdiffprom.ch\/de\/wp-json\/wp\/v2\/types\/product"}],"wp:featuredmedia":[{"embeddable":true,"href":"https:\/\/cdiffprom.ch\/de\/wp-json\/wp\/v2\/media\/103702"}],"wp:attachment":[{"href":"https:\/\/cdiffprom.ch\/de\/wp-json\/wp\/v2\/media?parent=106227"}],"wp:term":[{"taxonomy":"product_brand","embeddable":true,"href":"https:\/\/cdiffprom.ch\/de\/wp-json\/wp\/v2\/product_brand?post=106227"},{"taxonomy":"product_cat","embeddable":true,"href":"https:\/\/cdiffprom.ch\/de\/wp-json\/wp\/v2\/product_cat?post=106227"},{"taxonomy":"product_tag","embeddable":true,"href":"https:\/\/cdiffprom.ch\/de\/wp-json\/wp\/v2\/product_tag?post=106227"}],"curies":[{"name":"wp","href":"https:\/\/api.w.org\/{rel}","templated":true}]}}