{"id":106228,"date":"2019-03-20T15:56:23","date_gmt":"2019-03-20T14:56:23","guid":{"rendered":"https:\/\/cdiffprom.ch\/produit\/triptychon-visualhalter\/"},"modified":"2019-03-20T15:56:23","modified_gmt":"2019-03-20T14:56:23","slug":"triptychon-visualhalter","status":"publish","type":"product","link":"https:\/\/cdiffprom.ch\/de\/produit\/triptychon-visualhalter\/","title":{"rendered":"Triptychon-Visualhalter"},"content":{"rendered":"<h3><span style=\"color: #800000;\"><strong>Triptychon-Visualhalter<\/strong><\/span><\/h3>\n<p>Dieser dreiteilige Visitenkartenhalter erm\u00f6glicht es Ihnen, Ihre verschiedenen Angebote f\u00fcr Ihre Kunden zu pr\u00e4sentieren. Au\u00dferdem k\u00f6nnen Sie auf den drei Seiten drei verschiedene Angebote pr\u00e4sentieren. <\/p>\n<p>Dieses Bild eignet sich f\u00fcr viele Bereiche, z.B. :<\/p>\n<ul>\n<li>verschiedene Empfangstheken oder B\u00fcros<\/li>\n<li>Fitness: einmalige Veranstaltungen, Werbeangebote<\/li>\n<li>Restaurants: Tages- oder Wochenmen\u00fcs<\/li>\n<li>Institute: Vorschl\u00e4ge f\u00fcr Sch\u00f6nheitsprogramme, Angebote f\u00fcr Produkte\/Pflegeprodukte<\/li>\n<\/ul>\n<p>Mit einem Einwurf von unten oder von oben werden Ihre Botschaften von allen Ihren Kunden gesehen. Dar\u00fcber hinaus ist dieses Medium sehr stabil <\/p>\n<p>Bei den Abmessungen gibt es 3 M\u00f6glichkeiten: 21 x 15 cm, 21 x 21 cm und 30 x 21 cm aus 2 mm dickem Plexiglas.<\/p>\n<p>Bei Bedarf k\u00f6nnen Sie sich auch ein Modell ansehen. <span style=\"color: #800000;\"><a style=\"color: #800000;\" href=\"https:\/\/cdiffprom.ch\/produit\/tourniquet-visuel-de-comptoir\/\">Drehkreuz<\/a><\/span>mit 3 Seiten.<\/p>\n<p><span style=\"color: #800000;\"><strong>Lieferbedingungen :<br \/>\n<\/strong><\/span><\/p>\n<p>Alle unsere Produkte sind innerhalb von 10 Tagen nach Eingang Ihrer Bestellung lieferbar. Bitte z\u00f6gern Sie nicht, uns zu kontaktieren. <u><a href=\"https:\/\/cdiffprom.ch\/elements\/contactez-nous\/\"><span style=\"color: #800000;\">uns zu kontaktieren.<\/span><\/a><\/u> Wenn Sie einen dringenderen Bedarf haben, k\u00f6nnen wir Ihnen immer eine schnellere L\u00f6sung anbieten. <\/p>\n<p>Einige Artikel k\u00f6nnen eine l\u00e4ngere Lieferzeit in Anspruch nehmen, da sie nicht auf Lager unseres Lieferanten sind. In diesem Fall werden Sie nach Eingang Ihrer Bestellung benachrichtigt. <\/p>\n<p>Wir liefern versandkostenfrei ab einem Bestellwert von CHF. 500.-. Unterhalb dieses Betrags wird eine Pauschale von CHF. 15,90 zu entrichten. <\/p>\n<p>Bei allen Online-Bestellungen f\u00fchren wir immer einen Telefonanruf durch, um sicherzustellen, dass Sie das richtige Produkt f\u00fcr Ihre Bed\u00fcrfnisse ausgew\u00e4hlt haben. So k\u00f6nnen Sie sicher sein, dass Sie die richtige Wahl treffen. <\/p>\n<p>Bitte beachten Sie, dass die Promo-Codes nicht kumulierbar sind und der Rabatt auf Ihrer Bestellung sichtbar ist.<\/p>\n<p>&nbsp;<\/p>\n<p>&nbsp;<\/p>\n<p>&nbsp;<\/p>\n","protected":false},"excerpt":{"rendered":"<p>Triptychon-Visualhalter Dieser dreiteilige Visitenkartenhalter erm\u00f6glicht es Ihnen, Ihre verschiedenen Angebote f\u00fcr Ihre Kunden zu pr\u00e4sentieren. Au\u00dferdem k\u00f6nnen Sie auf den drei Seiten drei verschiedene Angebote pr\u00e4sentieren. Dieses Bild eignet sich f\u00fcr viele Bereiche, z.B. : verschiedene Empfangstheken oder B\u00fcros Fitness: einmalige Veranstaltungen, Werbeangebote Restaurants: Tages- oder Wochenmen\u00fcs Institute: Vorschl\u00e4ge f\u00fcr Sch\u00f6nheitsprogramme, Angebote f\u00fcr Produkte\/Pflegeprodukte Mit&#8230;<\/p>\n","protected":false},"featured_media":103726,"template":"","meta":{"slim_seo":{"title":"Triptychon-Visualhalter - Suisse - C.Diff-Prom","description":"Triptychon-Visualhalter Dieser dreiteilige Visitenkartenhalter erm\u00f6glicht es Ihnen, Ihre verschiedenen Angebote f\u00fcr Ihre Kunden zu pr\u00e4sentieren. Au\u00dferdem k\u00f6nnen"}},"product_brand":[],"product_cat":[6342,6355,6344,6345],"product_tag":[6582],"class_list":{"0":"post-106228","1":"product","2":"type-product","3":"status-publish","4":"has-post-thumbnail","6":"product_cat-anzeige","7":"product_cat-konferenz","8":"product_cat-visitenkartenhalter-theken","9":"product_cat-visitenkartenhalter-theken-de","10":"product_tag-visitenkartenhalter-theken","12":"first","13":"instock","14":"taxable","15":"shipping-taxable","16":"purchasable","17":"product-type-variable"},"_links":{"self":[{"href":"https:\/\/cdiffprom.ch\/de\/wp-json\/wp\/v2\/product\/106228","targetHints":{"allow":["GET"]}}],"collection":[{"href":"https:\/\/cdiffprom.ch\/de\/wp-json\/wp\/v2\/product"}],"about":[{"href":"https:\/\/cdiffprom.ch\/de\/wp-json\/wp\/v2\/types\/product"}],"wp:featuredmedia":[{"embeddable":true,"href":"https:\/\/cdiffprom.ch\/de\/wp-json\/wp\/v2\/media\/103726"}],"wp:attachment":[{"href":"https:\/\/cdiffprom.ch\/de\/wp-json\/wp\/v2\/media?parent=106228"}],"wp:term":[{"taxonomy":"product_brand","embeddable":true,"href":"https:\/\/cdiffprom.ch\/de\/wp-json\/wp\/v2\/product_brand?post=106228"},{"taxonomy":"product_cat","embeddable":true,"href":"https:\/\/cdiffprom.ch\/de\/wp-json\/wp\/v2\/product_cat?post=106228"},{"taxonomy":"product_tag","embeddable":true,"href":"https:\/\/cdiffprom.ch\/de\/wp-json\/wp\/v2\/product_tag?post=106228"}],"curies":[{"name":"wp","href":"https:\/\/api.w.org\/{rel}","templated":true}]}}