{"id":106233,"date":"2019-02-28T18:00:54","date_gmt":"2019-02-28T17:00:54","guid":{"rendered":"https:\/\/cdiffprom.ch\/produit\/fuss-und-zubehoer-fuer-ausstellungsgitter\/"},"modified":"2019-02-28T18:00:54","modified_gmt":"2019-02-28T17:00:54","slug":"fuss-und-zubehoer-fuer-ausstellungsgitter","status":"publish","type":"product","link":"https:\/\/cdiffprom.ch\/de\/produit\/fuss-und-zubehoer-fuer-ausstellungsgitter\/","title":{"rendered":"Fu\u00df und Zubeh\u00f6r f\u00fcr Ausstellungsgitter"},"content":{"rendered":"<h3><span style=\"color: #993300;\">Fu\u00df f\u00fcr Ausstellungsgitter<\/span><\/h3>\n<p>Verwenden Sie unsere Standf\u00fc\u00dfe f\u00fcr Ausstellungsgitter, um sie gerade und ohne Sturzgefahr zu halten, wenn Sie sie einzeln aufstellen.<br \/>\nWenn Sie Ihre Gitter einzeln oder nacheinander aufstellen m\u00f6chten, ben\u00f6tigen Sie diese F\u00fc\u00dfe.<\/p>\n<p>Passend f\u00fcr alle Gitter mit einer maximalen Drahtst\u00e4rke von 11 mm an den Seiten.<br \/>\nDiese F\u00fc\u00dfe sind glanzverzinkt und sehr stabil mit 2 Fl\u00fcgelschrauben zur einfachen Montage.<\/p>\n<p>Die F\u00fc\u00dfe haben eine L\u00e4nge von 50 cm und eine H\u00f6he von 30 cm.<br \/>\nBei einer durchgehenden Installation muss mindestens ein Fu\u00df pro Gitter vorgesehen werden, unabh\u00e4ngig von der Breite des Gitters.<\/p>\n<h4><span style=\"color: #993300;\">Zubeh\u00f6r f\u00fcr die Montage Ihrer Gitter<\/span><\/h4>\n<p>Unter der Abbildung des Fu\u00dfes finden Sie weiteres Zubeh\u00f6r f\u00fcr die Installation Ihrer Gitter.<br \/>\nDie Befestigungen von Gitter zu Gitter im 3er-Pack.<br \/>\nDie Aufh\u00e4ngehaken sind in Beuteln mit 10 Haken verpackt.<br \/>\nS-Haken in Schachteln mit 50 Haken<\/p>\n<p>W\u00e4hlen Sie Ihr Gitter, indem Sie auf diesen <a href=\"https:\/\/cdiffprom.ch\/produit\/panneau-grille-mobile-sur-roulettes\/\">Link<\/a> klicken.<\/p>\n","protected":false},"excerpt":{"rendered":"<p>Fu\u00df f\u00fcr Gitter f\u00fcr alle Gitter mit einer maximalen H\u00f6he von 11 mm<\/p>\n","protected":false},"featured_media":103704,"template":"","meta":{"slim_seo":{"title":"Fu\u00df und Zubeh\u00f6r f\u00fcr Ausstellungsgitter - Suisse - C.Diff-Prom","description":"Fu\u00df f\u00fcr Gitter f\u00fcr alle Gitter mit einer maximalen H\u00f6he von 11 mm"}},"product_brand":[],"product_cat":[6362,6408],"product_tag":[6539],"class_list":{"0":"post-106233","1":"product","2":"type-product","3":"status-publish","4":"has-post-thumbnail","6":"product_cat-ausstellungen","7":"product_cat-zubehor-fur-gitter","8":"product_tag-zubehor-fur-gitter","10":"first","11":"instock","12":"taxable","13":"shipping-taxable","14":"purchasable","15":"product-type-variable"},"_links":{"self":[{"href":"https:\/\/cdiffprom.ch\/de\/wp-json\/wp\/v2\/product\/106233","targetHints":{"allow":["GET"]}}],"collection":[{"href":"https:\/\/cdiffprom.ch\/de\/wp-json\/wp\/v2\/product"}],"about":[{"href":"https:\/\/cdiffprom.ch\/de\/wp-json\/wp\/v2\/types\/product"}],"wp:featuredmedia":[{"embeddable":true,"href":"https:\/\/cdiffprom.ch\/de\/wp-json\/wp\/v2\/media\/103704"}],"wp:attachment":[{"href":"https:\/\/cdiffprom.ch\/de\/wp-json\/wp\/v2\/media?parent=106233"}],"wp:term":[{"taxonomy":"product_brand","embeddable":true,"href":"https:\/\/cdiffprom.ch\/de\/wp-json\/wp\/v2\/product_brand?post=106233"},{"taxonomy":"product_cat","embeddable":true,"href":"https:\/\/cdiffprom.ch\/de\/wp-json\/wp\/v2\/product_cat?post=106233"},{"taxonomy":"product_tag","embeddable":true,"href":"https:\/\/cdiffprom.ch\/de\/wp-json\/wp\/v2\/product_tag?post=106233"}],"curies":[{"name":"wp","href":"https:\/\/api.w.org\/{rel}","templated":true}]}}