{"id":106234,"date":"2019-04-27T16:50:37","date_gmt":"2019-04-27T14:50:37","guid":{"rendered":"https:\/\/cdiffprom.ch\/produit\/glas-magnet-und-schrifttafeln\/"},"modified":"2019-04-27T16:50:37","modified_gmt":"2019-04-27T14:50:37","slug":"glas-magnet-und-schrifttafeln","status":"publish","type":"product","link":"https:\/\/cdiffprom.ch\/de\/produit\/glas-magnet-und-schrifttafeln\/","title":{"rendered":"Glas-, Magnet- und Schrifttafeln"},"content":{"rendered":"<h3><span style=\"color: #993300;\">Glas-, Magnet- und Schrifttafeln<\/span><\/h3>\n<p>Magnetische und beschreibbare Glastafeln sind der aktuelle Ersatz f\u00fcr die traditionellen Kunststoff- und Metalltafeln.<\/p>\n<p>Unsere wei\u00dfen oder roten Glastafeln sind 4 mm dick und bestehen aus geh\u00e4rtetem Sicherheitsglas mit einer langen Lebensdauer. Diese Tafeln sind zweifellos die haltbarsten Schreibtafeln auf dem heutigen Markt. <\/p>\n<p>Die Tafeln sind magnetisch und eignen sich daher perfekt f\u00fcr eine Umgebung, in der Sie sowohl schreiben als auch Dokumente mit Hilfe von Magneten platzieren m\u00f6chten.<\/p>\n<p>Die glatte, rahmenlose Oberfl\u00e4che bietet Ihnen eine hohe Schreibqualit\u00e4t und ein extrem einfaches Abwischen.<\/p>\n<p>Beachten Sie auch, dass unsere Tabellen gedruckt werden k\u00f6nnen, entweder als Ganzes oder nur mit einem Raster, um Bereiche auf der Tabelle zu definieren.<\/p>\n<p>Unsere Glasbilder sind \u00e4u\u00dferst vielseitig in Bezug auf die Pr\u00e4sentationsformeln, die Sie ben\u00f6tigen.<\/p>\n<h4><span style=\"color: #993300;\">Beispiele f\u00fcr die Nutzung<\/span><\/h4>\n<p>Im Schulbereich f\u00fcr sich \u00e4ndernde Anweisungen. Im Krankenhausbereich f\u00fcr die Planung von Personal, Medikamenten oder Mahlzeiten. In der Gastronomie zur Pr\u00e4sentation von wechselnden Men\u00fcs oder zur Planung Ihres Personals.  <\/p>\n<p>Sie sind in zwei Farben, wei\u00df und rot, sowie in drei Gr\u00f6\u00dfen erh\u00e4ltlich und werden mit 4 starken Magneten, 1 Schreibstift sowie Schrauben und D\u00fcbeln f\u00fcr eine unsichtbare Befestigung geliefert. Sie k\u00f6nnen sie auch nach Ma\u00df anfertigen lassen, in Ihren Abmessungen und Farben nach Wahl. <\/p>\n<p>Fragen Sie uns nach unseren g\u00fcnstigen Preisen ab 3 bestellten Rahmen in derselben Gr\u00f6\u00dfe. Alle unsere Glas- und Magnetbilder sind innerhalb von 8 bis 10 Tagen nach Erhalt Ihrer Bestellung lieferbar. F\u00fcr spezielle Gr\u00f6\u00dfen und Farben erstellen wir Ihnen gerne ein Angebot mit Lieferzeiten.  <\/p>\n<p>Ben\u00f6tigen Sie weitere Informationen \u00fcber diese Art der Unterst\u00fctzung? <span style=\"color: #993300;\"><a style=\"color: #993300;\" href=\"https:\/\/cdiffprom.ch\/elements\/contact\/\">kontaktieren Sie uns bitte<\/a><\/span>und wir garantieren Ihnen eine Antwort innerhalb von 24 Stunden.<\/p>\n<p>&nbsp;<\/p>\n","protected":false},"excerpt":{"rendered":"<p>Eine neue Art der Anzeige mit mehreren Optionen f\u00fcr die Texteinf\u00fcgung, magnetisch mit Magneten, Handschrift mit speziellen Stiften und Druck.<\/p>\n","protected":false},"featured_media":103728,"template":"","meta":{"slim_seo":{"title":"Glas-, Magnet- und Schrifttafeln - Suisse - C.Diff-Prom","description":"Eine neue Art der Anzeige mit mehreren Optionen f\u00fcr die Texteinf\u00fcgung, magnetisch mit Magneten, Handschrift mit speziellen Stiften und Druck."}},"product_brand":[],"product_cat":[6342,6339],"product_tag":[6573],"class_list":{"0":"post-106234","1":"product","2":"type-product","3":"status-publish","4":"has-post-thumbnail","6":"product_cat-anzeige","7":"product_cat-plakatrahmen","8":"product_tag-wandklapprahmen-mit-klick-klack-funktion","10":"first","11":"instock","12":"taxable","13":"shipping-taxable","14":"purchasable","15":"product-type-variable"},"_links":{"self":[{"href":"https:\/\/cdiffprom.ch\/de\/wp-json\/wp\/v2\/product\/106234","targetHints":{"allow":["GET"]}}],"collection":[{"href":"https:\/\/cdiffprom.ch\/de\/wp-json\/wp\/v2\/product"}],"about":[{"href":"https:\/\/cdiffprom.ch\/de\/wp-json\/wp\/v2\/types\/product"}],"wp:featuredmedia":[{"embeddable":true,"href":"https:\/\/cdiffprom.ch\/de\/wp-json\/wp\/v2\/media\/103728"}],"wp:attachment":[{"href":"https:\/\/cdiffprom.ch\/de\/wp-json\/wp\/v2\/media?parent=106234"}],"wp:term":[{"taxonomy":"product_brand","embeddable":true,"href":"https:\/\/cdiffprom.ch\/de\/wp-json\/wp\/v2\/product_brand?post=106234"},{"taxonomy":"product_cat","embeddable":true,"href":"https:\/\/cdiffprom.ch\/de\/wp-json\/wp\/v2\/product_cat?post=106234"},{"taxonomy":"product_tag","embeddable":true,"href":"https:\/\/cdiffprom.ch\/de\/wp-json\/wp\/v2\/product_tag?post=106234"}],"curies":[{"name":"wp","href":"https:\/\/api.w.org\/{rel}","templated":true}]}}