{"id":106255,"date":"2019-07-26T06:59:26","date_gmt":"2019-07-26T04:59:26","guid":{"rendered":"https:\/\/cdiffprom.ch\/produit\/broschuerenstaender-bogen-3000-formate-a4-a5-1-3a4\/"},"modified":"2019-07-26T06:59:26","modified_gmt":"2019-07-26T04:59:26","slug":"broschuerenstaender-bogen-3000-formate-a4-a5-1-3a4","status":"publish","type":"product","link":"https:\/\/cdiffprom.ch\/de\/produit\/broschuerenstaender-bogen-3000-formate-a4-a5-1-3a4\/","title":{"rendered":"Brosch\u00fcrenst\u00e4nder Bogen 3000 Formate a4-a5-1\/3a4"},"content":{"rendered":"<ul>\n<li>7 Ebenen f\u00fcr Brosch\u00fcren, Dokumentationen, Flyer Dicke der F\u00e4cher: 3 cm Dokumente<\/li>\n<li>Feldteiler (Anzahl = 7) f\u00fcr A5 und 1\/3 A4 bereitgestellt<\/li>\n<li>Kapazit\u00e4t: 7 x A4 oder 7 x A5 oder 14 x 1\/3 A4 oder eine Mischung aus allen drei Formaten<\/li>\n<li>Permanente Sichtbarkeit der Brosch\u00fcren: 7 bis 10 cm H\u00f6he<\/li>\n<li>Mittelgrau lackierter Stahl mit hochfestem Epoxydharz<\/li>\n<li>Unterer Teil 75 x 32 cm f\u00fcr eventuelle Werbung 1. Feld 70 cm \u00fcber dem Boden<\/li>\n<li>H\u00f6he 132 x Breite 32 x Tiefe 33 cm<\/li>\n<li>Installiertes Gesamtgewicht: 11 kg<\/li>\n<\/ul>\n","protected":false},"excerpt":{"rendered":"<p>Elegante, geschwungene Form und Design<\/p>\n","protected":false},"featured_media":101966,"template":"","meta":{"slim_seo":{"title":"Brosch\u00fcrenst\u00e4nder Bogen 3000 Formate a4-a5-1\/3a4 - Suisse - C.Diff-Prom","description":"Elegante, geschwungene Form und Design"}},"product_brand":[],"product_cat":[6342,6583,6366,6388],"product_tag":[6584,6364],"class_list":{"0":"post-106255","1":"product","2":"type-product","3":"status-publish","4":"has-post-thumbnail","6":"product_cat-anzeige","7":"product_cat-bodendisplays","8":"product_cat-pos-supports","9":"product_cat-presentoirs","10":"product_tag-bodendisplays","11":"product_tag-pos-materialien","13":"first","14":"instock","15":"taxable","16":"shipping-taxable","17":"purchasable","18":"product-type-simple"},"_links":{"self":[{"href":"https:\/\/cdiffprom.ch\/de\/wp-json\/wp\/v2\/product\/106255","targetHints":{"allow":["GET"]}}],"collection":[{"href":"https:\/\/cdiffprom.ch\/de\/wp-json\/wp\/v2\/product"}],"about":[{"href":"https:\/\/cdiffprom.ch\/de\/wp-json\/wp\/v2\/types\/product"}],"wp:featuredmedia":[{"embeddable":true,"href":"https:\/\/cdiffprom.ch\/de\/wp-json\/wp\/v2\/media\/101966"}],"wp:attachment":[{"href":"https:\/\/cdiffprom.ch\/de\/wp-json\/wp\/v2\/media?parent=106255"}],"wp:term":[{"taxonomy":"product_brand","embeddable":true,"href":"https:\/\/cdiffprom.ch\/de\/wp-json\/wp\/v2\/product_brand?post=106255"},{"taxonomy":"product_cat","embeddable":true,"href":"https:\/\/cdiffprom.ch\/de\/wp-json\/wp\/v2\/product_cat?post=106255"},{"taxonomy":"product_tag","embeddable":true,"href":"https:\/\/cdiffprom.ch\/de\/wp-json\/wp\/v2\/product_tag?post=106255"}],"curies":[{"name":"wp","href":"https:\/\/api.w.org\/{rel}","templated":true}]}}