{"id":106259,"date":"2019-07-26T06:59:27","date_gmt":"2019-07-26T04:59:27","guid":{"rendered":"https:\/\/cdiffprom.ch\/produit\/broschuerenstaender-a4-mit-visual\/"},"modified":"2019-07-26T06:59:27","modified_gmt":"2019-07-26T04:59:27","slug":"broschuerenstaender-a4-mit-visual","status":"publish","type":"product","link":"https:\/\/cdiffprom.ch\/de\/produit\/broschuerenstaender-a4-mit-visual\/","title":{"rendered":"Brosch\u00fcrenst\u00e4nder a4 mit Visual"},"content":{"rendered":"<h3><span style=\"color: #800000;\"><strong>Brosch\u00fcrenst\u00e4nder A4 mit Bild<\/strong><\/span><\/h3>\n<p>Dieser Brosch\u00fcrenst\u00e4nder mit Bild wird Ihnen gute Dienste leisten, wenn er vor Ihrer T\u00fcr aufgestellt wird.<\/p>\n<p>Um Passanten dazu zu bewegen, Ihr Gesch\u00e4ft zu betreten, k\u00f6nnen Sie Ihren Prospekt mit einem oder mehreren Ihrer aktuellen Angebote auslegen, um alle Ihre potenziellen Kunden zu sensibilisieren und dazu zu bringen, Ihr Gesch\u00e4ft zu betreten.<\/p>\n<p>Stellen Sie diesen A4-Brosch\u00fcrenst\u00e4nder mit Sichtfenster in Ihrem Verkaufsraum auf, damit Ihre Kunden Ihre Dokumentation, Zeitungen und Publikationen, die Sie dort auslegen k\u00f6nnen, leicht finden k\u00f6nnen.<\/p>\n<p>Der Visitenkartenhalter ist im A4-Format im Hoch- oder Querformat erh\u00e4ltlich und erh\u00f6ht die Sichtbarkeit.<\/p>\n<h4><strong><span style=\"color: #800000;\">Technische Spezifikationen<\/span><\/strong><\/h4>\n<p>Im Hochformat 126 cm hoch und 25 cm breit und im Querformat 120 cm hoch und 33 cm breit<br \/>\nDer Sockel ist beschwert und wiegt leer 3 kg.<\/p>\n<ul>\n<li>Geneigtes A4-Fach mit 10 cm Fassungsverm\u00f6gen f\u00fcr Dokumente aus starrem, transparentem, unzerbrechlichem Polycarbonat<\/li>\n<li>Zentrales Fu\u00dfkreuz aus eloxiertem Alu, naturfarben<\/li>\n<li>Sockel 33 x 25 cm, beschwert 3 kg 2 Modelle: A4 Querformat ( H 26 x B 32 cm) A4 Hochformat ( H 32 x B 22,5 cm)<\/li>\n<\/ul>\n<h4><span style=\"color: #800000;\"><strong>Lieferbedingungen<\/strong><\/span><\/h4>\n<p>Alle unsere Produkte sind innerhalb von 10 Tagen nach Eingang Ihrer Bestellung lieferbar. Bitte z\u00f6gern Sie nicht, uns zu kontaktieren. <span style=\"color: #800000;\"><strong><a style=\"color: #800000;\" href=\"https:\/\/cdiffprom.ch\/elements\/contactez-nous\/\">uns zu kontaktieren.<\/a><\/strong><\/span> Wenn Sie einen dringenderen Bedarf haben, k\u00f6nnen wir Ihnen immer eine schnellere L\u00f6sung anbieten. <\/p>\n<p>Einige Artikel k\u00f6nnen eine l\u00e4ngere Lieferzeit in Anspruch nehmen, da sie nicht auf Lager unseres Lieferanten sind. In diesem Fall werden Sie nach Eingang Ihrer Bestellung benachrichtigt. <\/p>\n<p>Wir liefern versandkostenfrei ab einem Bestellwert von CHF. 500.-. Unterhalb dieses Betrags wird eine Pauschale von CHF. 15,90 zu entrichten. <\/p>\n<p>Bei allen Online-Bestellungen f\u00fchren wir immer einen Telefonanruf durch, um sicherzustellen, dass Sie das richtige Produkt f\u00fcr Ihre Bed\u00fcrfnisse ausgew\u00e4hlt haben. So k\u00f6nnen Sie sicher sein, dass Sie die richtige Wahl treffen. <\/p>\n","protected":false},"excerpt":{"rendered":"<p>Nutzen Sie diesen St\u00e4nder zum halben Preis, wir verf\u00fcgen \u00fcber einen Vorrat an St\u00e4ndern, die bereits einmal benutzt wurden.<br \/>\nBitte beachten Sie, dass f\u00fcr dieses Sonderangebot nur das Modell im Hochformat verf\u00fcgbar ist.<\/p>\n<p>Bitte informieren Sie sich, indem Sie uns eine Nachricht hinterlassen. <strong><span style=\"color: #800000;\"><a style=\"color: #800000;\" href=\"https:\/\/cdiffprom.ch\/elements\/contactez-nous\/\">eine Nachricht<\/a><\/span><\/strong><\/p>\n<p>Antwort innerhalb von 24 Stunden garantiert<\/p>\n","protected":false},"featured_media":101972,"template":"","meta":{"slim_seo":{"title":"Brosch\u00fcrenst\u00e4nder a4 mit Visual - Suisse - C.Diff-Prom","description":"Nutzen Sie diesen St\u00e4nder zum halben Preis, wir verf\u00fcgen \u00fcber einen Vorrat an St\u00e4ndern, die bereits einmal benutzt wurden. Bitte beachten Sie, dass f\u00fcr dieses S"}},"product_brand":[],"product_cat":[6583,6346,6388],"product_tag":[6584,6364],"class_list":{"0":"post-106259","1":"product","2":"type-product","3":"status-publish","4":"has-post-thumbnail","6":"product_cat-bodendisplays","7":"product_cat-mobile-displays","8":"product_cat-presentoirs","9":"product_tag-bodendisplays","10":"product_tag-pos-materialien","11":"pa_dimensions-a4-21-x-297-cm-de","12":"pa_orientation-landschaft","13":"pa_orientation-portrat","15":"first","16":"instock","17":"taxable","18":"shipping-taxable","19":"purchasable","20":"product-type-variable"},"_links":{"self":[{"href":"https:\/\/cdiffprom.ch\/de\/wp-json\/wp\/v2\/product\/106259","targetHints":{"allow":["GET"]}}],"collection":[{"href":"https:\/\/cdiffprom.ch\/de\/wp-json\/wp\/v2\/product"}],"about":[{"href":"https:\/\/cdiffprom.ch\/de\/wp-json\/wp\/v2\/types\/product"}],"wp:featuredmedia":[{"embeddable":true,"href":"https:\/\/cdiffprom.ch\/de\/wp-json\/wp\/v2\/media\/101972"}],"wp:attachment":[{"href":"https:\/\/cdiffprom.ch\/de\/wp-json\/wp\/v2\/media?parent=106259"}],"wp:term":[{"taxonomy":"product_brand","embeddable":true,"href":"https:\/\/cdiffprom.ch\/de\/wp-json\/wp\/v2\/product_brand?post=106259"},{"taxonomy":"product_cat","embeddable":true,"href":"https:\/\/cdiffprom.ch\/de\/wp-json\/wp\/v2\/product_cat?post=106259"},{"taxonomy":"product_tag","embeddable":true,"href":"https:\/\/cdiffprom.ch\/de\/wp-json\/wp\/v2\/product_tag?post=106259"}],"curies":[{"name":"wp","href":"https:\/\/api.w.org\/{rel}","templated":true}]}}