{"id":106264,"date":"2019-03-16T17:06:34","date_gmt":"2019-03-16T16:06:34","guid":{"rendered":"https:\/\/cdiffprom.ch\/produit\/anti-diebstahl-tablet-halterung\/"},"modified":"2019-03-16T17:06:34","modified_gmt":"2019-03-16T16:06:34","slug":"anti-diebstahl-tablet-halterung","status":"publish","type":"product","link":"https:\/\/cdiffprom.ch\/de\/produit\/anti-diebstahl-tablet-halterung\/","title":{"rendered":"Anti-Diebstahl-Tablet-Halterung"},"content":{"rendered":"<h3><span style=\"color: #993300;\"><span style=\"color: #800000;\"><strong>Anti-Diebstahl-Tablet-Halterung<\/strong><\/span><br \/>\n<\/span><\/h3>\n<p>Dieser diebstahlsichere Schr\u00e4gfu\u00df-Tablethalter verf\u00fcgt \u00fcber ein abschlie\u00dfbares Geh\u00e4use mit Sicherheitsschloss (2 Schl\u00fcssel). Da der Home-Button des Tablets f\u00fcr die \u00d6ffentlichkeit unsichtbar ist, k\u00f6nnen die Personen nur auf der zuvor geladenen Seite surfen. <\/p>\n<p>Dar\u00fcber hinaus k\u00f6nnen Sie mit den M\u00f6glichkeiten &#8222;Hochformat&#8220; oder &#8222;Querformat&#8220; durch Drehen die Ausrichtung des Tablets einfach nach Ihren W\u00fcnschen w\u00e4hlen. Der Neigungswinkel betr\u00e4gt 20 Grad. <\/p>\n<p>Der Fu\u00df ist aus Aluminium und hat eine Metallbasis mit Gewichten.<\/p>\n<p>Dieser diebstahlsichere Tablet-Halter ist f\u00fcr alle digitalen Tablets geeignet, die nicht gr\u00f6\u00dfer als 255 x 188 x 10 mm sind, aber mindestens 225 x 165 x 5 mm gro\u00df sind, z.B. iPad, Samsung, Asus und viele andere.<\/p>\n<p>Die Verkabelung ist im Mast m\u00f6glich, aber das Kabel ist nicht im Lieferumfang enthalten.<\/p>\n<h4><strong><span style=\"color: #800000;\">Technische Spezifikationen :<br \/>\n<\/span><\/strong><\/h4>\n<p>Gesamtgewicht mit Tablet: 6,5 kg<br \/>\nGesamth\u00f6he: 100 \/ 110 cm, quadratische Basis mit 36 cm Seitenl\u00e4nge<br \/>\nNeigung des Regalbretts: 20\u00b0.<br \/>\nSicht auf den Bildschirm: 220 x 160 mm<\/p>\n<p><span style=\"color: #800000;\"><a style=\"color: #800000;\" href=\"https:\/\/cdiffprom.ch\/elements\/contactez-nous\/\">Kontaktieren Sie uns <\/a><\/span>F\u00fcr gr\u00f6\u00dfere Mengen: ab 3 bestellten Werbetr\u00e4gern reduzierter Preis.<\/p>\n<h4><strong><span style=\"color: #800000;\">Vorschl\u00e4ge f\u00fcr die Verwendung :<\/span><\/strong><\/h4>\n<p>In der Automobilbranche, um Ihren Gebrauchtwagenbestand beim ersten Kontakt mit einem potenziellen Kunden zu pr\u00e4sentieren, und in der Immobilienbranche, um Ihre verschiedenen Angebote zu pr\u00e4sentieren, damit Ihre Kunden bei gro\u00dfem Andrang warten k\u00f6nnen.Dieser Tablet-St\u00e4nder ist auch ideal f\u00fcr Messen und Ausstellungen, um die Aufmerksamkeit der Besucher zu gewinnen. Auch f\u00fcr Reiseb\u00fcros ist er gut geeignet, um Ihren Kunden Ihre verschiedenen Werbeangebote zu pr\u00e4sentieren. <\/p>\n<p>Alle unsere Materialien sind in der Regel innerhalb von 10 Tagen nach Eingang Ihrer Bestellung verf\u00fcgbar.<\/p>\n<p>Um das richtige Modell zu w\u00e4hlen, empfehlen wir Ihnen, sich auch unsere Thekenst\u00e4nder anzusehen. <span style=\"color: #800000;\"><a style=\"color: #800000;\" href=\"https:\/\/cdiffprom.ch\/produit\/support-de-tablette\/\">Thekenablage.<\/a><\/span><\/p>\n","protected":false},"excerpt":{"rendered":"<p>Tablet-St\u00e4nder auf einem schr\u00e4gen Fu\u00df. Geeignet f\u00fcr alle Arten von Tablets. <\/p>\n","protected":false},"featured_media":103724,"template":"","meta":{"slim_seo":{"title":"Anti-Diebstahl-Tablet-Halterung - Suisse - C.Diff-Prom","description":"Tablet-St\u00e4nder auf einem schr\u00e4gen Fu\u00df. Geeignet f\u00fcr alle Arten von Tablets."}},"product_brand":[],"product_cat":[6359,6376],"product_tag":[6378],"class_list":{"0":"post-106264","1":"product","2":"type-product","3":"status-publish","4":"has-post-thumbnail","6":"product_cat-multimedia-de","7":"product_cat-tablethalter","8":"product_tag-tablet-stander","10":"first","11":"instock","12":"taxable","13":"shipping-taxable","14":"purchasable","15":"product-type-simple"},"_links":{"self":[{"href":"https:\/\/cdiffprom.ch\/de\/wp-json\/wp\/v2\/product\/106264","targetHints":{"allow":["GET"]}}],"collection":[{"href":"https:\/\/cdiffprom.ch\/de\/wp-json\/wp\/v2\/product"}],"about":[{"href":"https:\/\/cdiffprom.ch\/de\/wp-json\/wp\/v2\/types\/product"}],"wp:featuredmedia":[{"embeddable":true,"href":"https:\/\/cdiffprom.ch\/de\/wp-json\/wp\/v2\/media\/103724"}],"wp:attachment":[{"href":"https:\/\/cdiffprom.ch\/de\/wp-json\/wp\/v2\/media?parent=106264"}],"wp:term":[{"taxonomy":"product_brand","embeddable":true,"href":"https:\/\/cdiffprom.ch\/de\/wp-json\/wp\/v2\/product_brand?post=106264"},{"taxonomy":"product_cat","embeddable":true,"href":"https:\/\/cdiffprom.ch\/de\/wp-json\/wp\/v2\/product_cat?post=106264"},{"taxonomy":"product_tag","embeddable":true,"href":"https:\/\/cdiffprom.ch\/de\/wp-json\/wp\/v2\/product_tag?post=106264"}],"curies":[{"name":"wp","href":"https:\/\/api.w.org\/{rel}","templated":true}]}}