{"id":106265,"date":"2019-07-26T06:59:27","date_gmt":"2019-07-26T04:59:27","guid":{"rendered":"https:\/\/cdiffprom.ch\/produit\/multicase-prospektstaender-auf-einem-staender\/"},"modified":"2019-07-26T06:59:27","modified_gmt":"2019-07-26T04:59:27","slug":"multicase-prospektstaender-auf-einem-staender","status":"publish","type":"product","link":"https:\/\/cdiffprom.ch\/de\/produit\/multicase-prospektstaender-auf-einem-staender\/","title":{"rendered":"Multicase Prospektst\u00e4nder auf einem St\u00e4nder"},"content":{"rendered":"<h3><span style=\"color: #800000;\"><strong>Multicase Prospektst\u00e4nder auf Standfu\u00df  <\/strong><\/span><\/h3>\n<p>Mit diesem Multi-Case Prospektst\u00e4nder auf einem St\u00e4nder k\u00f6nnen Ihre Kunden Ihre verschiedenen Dokumente leicht finden, z.B. in Empfangsbereichen oder Wartezimmern.<\/p>\n<p>Dieses Display eignet sich daher f\u00fcr viele Bereiche, wie z.B. Reiseb\u00fcros, Autowerkst\u00e4tten, Kulturzentren oder Museen.<\/p>\n<h4><span style=\"color: #800000;\"><strong>Merkmale :<\/strong><\/span><\/h4>\n<ul>\n<li>3 verschiedene Modelle verf\u00fcgbar :<\/li>\n<li>&#8211; 3 F\u00e4cher f\u00fcr A4<\/li>\n<li>&#8211; 8 F\u00e4cher f\u00fcr 1\/3 A4<\/li>\n<li>&#8211; 3 F\u00e4cher f\u00fcr A5<\/li>\n<li>Prospektst\u00e4nder aus transparentem, eingespritztem Plexiglas mit mehreren Stufen.<\/li>\n<li>Auf einem Fu\u00df aus naturfarbenem, eloxiertem Aluminium auf einem sehr stabilen, beschwerten Sockel 33 x 25 cm befestigt.<\/li>\n<li>Kapazit\u00e4t der Dokumente pro Fach 35 mm<\/li>\n<li>Das Display wird komplett geliefert und kann in wenigen Sekunden aufgestellt werden.<\/li>\n<\/ul>\n<h4><span style=\"color: #800000;\"><strong>Lieferbedingungen :<br \/>\n<\/strong><\/span><\/h4>\n<p>Zu Ihrer Information: Nach Eingang Ihres Auftrags sind unsere Produkte innerhalb von etwa zehn Tagen lieferbar.<\/p>\n<p>Z\u00f6gern Sie nicht <u><a href=\"https:\/\/cdiffprom.ch\/elements\/contactez-nous\/\"><span style=\"color: #800000;\"><strong>uns zu kontaktieren.<\/strong><\/span><\/a><\/u> Wenn Sie einen dringenderen Bedarf haben, k\u00f6nnen wir Ihnen immer eine schnellere L\u00f6sung anbieten.<\/p>\n<p>Wir sind auch gerne bereit, Ihnen Informationen \u00fcber Mengenrabatte zu geben.<\/p>\n<p>Einige Artikel k\u00f6nnen eine l\u00e4ngere Lieferzeit in Anspruch nehmen, da sie nicht auf Lager unseres Lieferanten sind. In diesem Fall werden Sie nach Eingang Ihrer Bestellung benachrichtigt. <\/p>\n<p>Wir liefern versandkostenfrei ab einem Bestellwert von CHF. 500.-. Unterhalb dieses Betrags wird eine Pauschale von CHF. 15,90 zu entrichten. <\/p>\n<p>Bei allen Online-Bestellungen f\u00fchren wir immer einen Telefonanruf durch, um sicherzustellen, dass Sie das richtige Produkt f\u00fcr Ihre Bed\u00fcrfnisse ausgew\u00e4hlt haben. So k\u00f6nnen Sie sicher sein, dass Sie die richtige Wahl treffen. <\/p>\n<p>Bitte beachten Sie, dass die Promo-Codes nicht kumulierbar sind und der Rabatt auf Ihrer Bestellung sichtbar ist.<\/p>\n<p>&nbsp;<\/p>\n","protected":false},"excerpt":{"rendered":"<p>Ihre Dokumentationen leicht zug\u00e4nglich!<\/p>\n","protected":false},"featured_media":101970,"template":"","meta":{"slim_seo":{"title":"Multicase Prospektst\u00e4nder auf einem St\u00e4nder - Suisse - C.Diff-Prom","description":"Ihre Dokumentationen leicht zug\u00e4nglich!"}},"product_brand":[],"product_cat":[6342,6583,6366,6388],"product_tag":[6584,6364],"class_list":{"0":"post-106265","1":"product","2":"type-product","3":"status-publish","4":"has-post-thumbnail","6":"product_cat-anzeige","7":"product_cat-bodendisplays","8":"product_cat-pos-supports","9":"product_cat-presentoirs","10":"product_tag-bodendisplays","11":"product_tag-pos-materialien","12":"pa_dimensions-1-3-a4-h-205-x-b-12-x-t-93-cm","13":"pa_dimensions-a4-21-x-297-cm-de","14":"pa_dimensions-a5-14-8-x-21-cm-de","16":"first","17":"instock","18":"taxable","19":"shipping-taxable","20":"purchasable","21":"product-type-variable"},"_links":{"self":[{"href":"https:\/\/cdiffprom.ch\/de\/wp-json\/wp\/v2\/product\/106265","targetHints":{"allow":["GET"]}}],"collection":[{"href":"https:\/\/cdiffprom.ch\/de\/wp-json\/wp\/v2\/product"}],"about":[{"href":"https:\/\/cdiffprom.ch\/de\/wp-json\/wp\/v2\/types\/product"}],"wp:featuredmedia":[{"embeddable":true,"href":"https:\/\/cdiffprom.ch\/de\/wp-json\/wp\/v2\/media\/101970"}],"wp:attachment":[{"href":"https:\/\/cdiffprom.ch\/de\/wp-json\/wp\/v2\/media?parent=106265"}],"wp:term":[{"taxonomy":"product_brand","embeddable":true,"href":"https:\/\/cdiffprom.ch\/de\/wp-json\/wp\/v2\/product_brand?post=106265"},{"taxonomy":"product_cat","embeddable":true,"href":"https:\/\/cdiffprom.ch\/de\/wp-json\/wp\/v2\/product_cat?post=106265"},{"taxonomy":"product_tag","embeddable":true,"href":"https:\/\/cdiffprom.ch\/de\/wp-json\/wp\/v2\/product_tag?post=106265"}],"curies":[{"name":"wp","href":"https:\/\/api.w.org\/{rel}","templated":true}]}}