{"id":106269,"date":"2019-07-26T06:59:28","date_gmt":"2019-07-26T04:59:28","guid":{"rendered":"https:\/\/cdiffprom.ch\/produit\/zickzackfoermiges-display-5-6-faecher\/"},"modified":"2019-07-26T06:59:28","modified_gmt":"2019-07-26T04:59:28","slug":"zickzackfoermiges-display-5-6-faecher","status":"publish","type":"product","link":"https:\/\/cdiffprom.ch\/de\/produit\/zickzackfoermiges-display-5-6-faecher\/","title":{"rendered":"Zickzackf\u00f6rmiges Display 5\/6 F\u00e4cher"},"content":{"rendered":"<h3><span style=\"color: #800000;\"><strong>Zickzackf\u00f6rmiges Display 5\/6 F\u00e4cher<\/strong><\/span><\/h3>\n<p>Dieses Zickzack-Display mit 5\/6 F\u00e4chern bietet Ihnen die M\u00f6glichkeit, Ihre gesamte Dokumentation auf originelle Weise auszustellen.<\/p>\n<p>Das Zickzack-Design verleiht Ihrem Visitenkartenhaltersystem einen modernen Touch.<\/p>\n<p>Au\u00dferdem ist er in zwei Modellen erh\u00e4ltlich, n\u00e4mlich :<\/p>\n<ul>\n<li>5 Regale, H\u00f6he 137 cm<\/li>\n<li>6 Regale, H\u00f6he 162 cm<\/li>\n<\/ul>\n<p>und sind auf einem Aluminiummast (50 x 25 mmm) angeordnet.<\/p>\n<p>Die Verwendung eignet sich f\u00fcr die Einrichtung von Empfangs- oder Ausstellungsbereichen mit einer einfachen Pr\u00e4sentation und Verteilung von Dokumenten oder Brosch\u00fcren.<\/p>\n<p>Es ist auch sehr praktisch f\u00fcr Reise-\/Tourismusb\u00fcros, Autowerkst\u00e4tten, Kulturzentren oder Museen.<\/p>\n<h4><span style=\"color: #800000;\"><strong>Merkmale :<\/strong><\/span><\/h4>\n<ul>\n<li>Nutzbare Gr\u00f6\u00dfe 350 x 225 mm<\/li>\n<li>\u00c4sthetisch, stabil, platzsparend<\/li>\n<li>Kapazit\u00e4t 4 cm dicke Dokumente<\/li>\n<li>Regale aus transparentem Plexiglas 8 mm<\/li>\n<li>Gewichteter Sockel 420 x 300 x 15 mm<\/li>\n<\/ul>\n<h4><strong><span style=\"color: #800000;\">Lieferbedingungen :<br \/>\n<\/span><\/strong><\/h4>\n<p>Zu Ihrer Information: Nach Eingang Ihres Auftrags sind unsere Produkte innerhalb von etwa zehn Tagen lieferbar.<\/p>\n<p>Z\u00f6gern Sie nicht <u><a href=\"https:\/\/cdiffprom.ch\/elements\/contactez-nous\/\"><span style=\"color: #800000;\"><strong>kontaktieren Sie uns bitte.<\/strong><\/span><\/a><\/u> Wenn Sie einen dringenderen Bedarf haben, haben wir immer eine schnellere L\u00f6sung f\u00fcr Sie und k\u00f6nnen Sie auch \u00fcber Rabatte bei Mengenbestellungen informieren.<\/p>\n<p>Einige Artikel k\u00f6nnen eine l\u00e4ngere Lieferzeit in Anspruch nehmen, da sie nicht auf Lager unseres Lieferanten sind. In diesem Fall werden Sie nach Eingang Ihrer Bestellung benachrichtigt. <\/p>\n<p>Wir liefern versandkostenfrei ab einem Bestellwert von CHF. 500.-. Unterhalb dieses Betrags wird eine Pauschale von CHF. 15,90 zu entrichten. <\/p>\n<p>Bei allen Online-Bestellungen f\u00fchren wir immer einen Telefonanruf durch, um sicherzustellen, dass Sie das richtige Produkt f\u00fcr Ihre Bed\u00fcrfnisse ausgew\u00e4hlt haben. So k\u00f6nnen Sie sicher sein, dass Sie die richtige Wahl treffen. <\/p>\n<p>Bitte beachten Sie, dass die Promo-Codes nicht kumulierbar sind und der Rabatt auf Ihrer Bestellung sichtbar ist.<\/p>\n<p>&nbsp;<\/p>\n","protected":false},"excerpt":{"rendered":"<p>Originelles und \u00e4sthetisches Zickzack-Display mit der M\u00f6glichkeit von 5 oder 6 Plexiglasb\u00f6den.<\/p>\n","protected":false},"featured_media":101978,"template":"","meta":{"slim_seo":{"title":"Zickzackf\u00f6rmiges Display 5\/6 F\u00e4cher - Suisse - C.Diff-Prom","description":"Originelles und \u00e4sthetisches Zickzack-Display mit der M\u00f6glichkeit von 5 oder 6 Plexiglasb\u00f6den."}},"product_brand":[],"product_cat":[6583,6388],"product_tag":[6584,6364],"class_list":{"0":"post-106269","1":"product","2":"type-product","3":"status-publish","4":"has-post-thumbnail","6":"product_cat-bodendisplays","7":"product_cat-presentoirs","8":"product_tag-bodendisplays","9":"product_tag-pos-materialien","10":"pa_typologie-5xa4-de","11":"pa_typologie-6xa4-de","13":"first","14":"instock","15":"taxable","16":"shipping-taxable","17":"purchasable","18":"product-type-variable"},"_links":{"self":[{"href":"https:\/\/cdiffprom.ch\/de\/wp-json\/wp\/v2\/product\/106269","targetHints":{"allow":["GET"]}}],"collection":[{"href":"https:\/\/cdiffprom.ch\/de\/wp-json\/wp\/v2\/product"}],"about":[{"href":"https:\/\/cdiffprom.ch\/de\/wp-json\/wp\/v2\/types\/product"}],"wp:featuredmedia":[{"embeddable":true,"href":"https:\/\/cdiffprom.ch\/de\/wp-json\/wp\/v2\/media\/101978"}],"wp:attachment":[{"href":"https:\/\/cdiffprom.ch\/de\/wp-json\/wp\/v2\/media?parent=106269"}],"wp:term":[{"taxonomy":"product_brand","embeddable":true,"href":"https:\/\/cdiffprom.ch\/de\/wp-json\/wp\/v2\/product_brand?post=106269"},{"taxonomy":"product_cat","embeddable":true,"href":"https:\/\/cdiffprom.ch\/de\/wp-json\/wp\/v2\/product_cat?post=106269"},{"taxonomy":"product_tag","embeddable":true,"href":"https:\/\/cdiffprom.ch\/de\/wp-json\/wp\/v2\/product_tag?post=106269"}],"curies":[{"name":"wp","href":"https:\/\/api.w.org\/{rel}","templated":true}]}}