{"id":106281,"date":"2019-07-26T06:59:29","date_gmt":"2019-07-26T04:59:29","guid":{"rendered":"https:\/\/cdiffprom.ch\/produit\/doppelseitiges-display-fuer-mehrere-formate\/"},"modified":"2019-07-26T06:59:29","modified_gmt":"2019-07-26T04:59:29","slug":"doppelseitiges-display-fuer-mehrere-formate","status":"publish","type":"product","link":"https:\/\/cdiffprom.ch\/de\/produit\/doppelseitiges-display-fuer-mehrere-formate\/","title":{"rendered":"Doppelseitiges Display f\u00fcr mehrere Formate"},"content":{"rendered":"<h3><span style=\"color: #800000;\"><strong>Doppelseitiges Display f\u00fcr mehrere Formate<\/strong><\/span><\/h3>\n<p>Mit diesem doppelseitigen Multi-Format-Display haben Sie einen Visitenkartenhalter, der ein Maximum an Pr\u00e4sentation auf einem Minimum an Platz bietet.<\/p>\n<p>Es besteht aus schr\u00e4gen F\u00e4chern aus transparentem, eingespritztem Kristallglas, die zur Auswahl stehen:<\/p>\n<ul>\n<li>8 A4-F\u00e4cher<\/li>\n<li>10 Felder A5<\/li>\n<li>20 Felder 1\/3 A4<\/li>\n<\/ul>\n<p>Dies erm\u00f6glicht eine vollst\u00e4ndige Sichtbarkeit des Inhalts.<\/p>\n<p>Dar\u00fcber hinaus ist es im oberen Teil mit einem Rahmen im A5-Format (210 x 148 mm) ausgestattet, so dass Sie es nach Bedarf beschriften oder personalisieren k\u00f6nnen.<\/p>\n<p>Dieser St\u00e4nder eignet sich f\u00fcr Reiseb\u00fcros, Museen, Autowerkst\u00e4tten und andere Verkaufsstellen, die eine Reihe von Katalogen oder Prospekten auslegen m\u00f6chten.<\/p>\n<h4><span style=\"color: #800000;\"><strong>Merkmale :<\/strong><\/span><\/h4>\n<ul>\n<li>Die F\u00e4cher haben eine Kapazit\u00e4t von 35 mm<\/li>\n<li>Der Fu\u00df aus naturfarbenem, eloxiertem Alu auf einem Sockel ist beschwert und daher sehr stabil.<\/li>\n<li>Gesamtgr\u00f6\u00dfe 158 x 41 x 33 cm<\/li>\n<li>Gewicht 9 kg<\/li>\n<\/ul>\n<h4><strong><span style=\"color: #800000;\">Lieferbedingungen :<br \/>\n<\/span><\/strong><\/h4>\n<p>Zu Ihrer Information: Nach Eingang Ihres Auftrags sind unsere Produkte innerhalb von etwa zehn Tagen lieferbar.<\/p>\n<p>Z\u00f6gern Sie nicht <span style=\"color: #800000;\"><u><a style=\"color: #800000;\" href=\"https:\/\/cdiffprom.ch\/elements\/contactez-nous\/\"><strong>uns zu kontaktieren.<\/strong><\/a><\/u><\/span> Wenn Sie einen dringenderen Bedarf haben, k\u00f6nnen wir Ihnen immer eine schnellere L\u00f6sung anbieten.<\/p>\n<p>Wir sind auch gerne bereit, Ihnen Informationen \u00fcber Mengenrabatte zu geben.<\/p>\n<p>Einige Artikel k\u00f6nnen eine l\u00e4ngere Lieferzeit in Anspruch nehmen, da sie nicht auf Lager unseres Lieferanten sind. In diesem Fall werden Sie nach Eingang Ihrer Bestellung benachrichtigt. <\/p>\n<p>Wir liefern versandkostenfrei ab einem Bestellwert von CHF. 500.-. Unterhalb dieses Betrags wird eine Pauschale von CHF. 14,90 zu entrichten. <\/p>\n<p>Bei allen Online-Bestellungen f\u00fchren wir immer einen Telefonanruf durch, um sicherzustellen, dass Sie das richtige Produkt f\u00fcr Ihre Bed\u00fcrfnisse ausgew\u00e4hlt haben. So k\u00f6nnen Sie sicher sein, dass Sie die richtige Wahl treffen. <\/p>\n<p>Bitte beachten Sie, dass die Promo-Codes nicht kumulierbar sind und der Rabatt auf Ihrer Bestellung sichtbar ist.<\/p>\n","protected":false},"excerpt":{"rendered":"<p>Dieses doppelseitige Multi-Format-Display bietet Ihnen ein Maximum an Pr\u00e4sentation auf kleinstem Raum.<\/p>\n<p>Je nach Bedarf k\u00f6nnen 8, 10 oder 20 F\u00e4cher eingerichtet werden. Ausgestattet mit einem A5-Cadro-Klickrahmen im oberen Teil. <\/p>\n","protected":false},"featured_media":101982,"template":"","meta":{"slim_seo":{"title":"Doppelseitiges Display f\u00fcr mehrere Formate - Suisse - C.Diff-Prom","description":"Dieses doppelseitige Multi-Format-Display bietet Ihnen ein Maximum an Pr\u00e4sentation auf kleinstem Raum. Je nach Bedarf k\u00f6nnen 8, 10 oder 20 F\u00e4cher eingerichtet w"}},"product_brand":[],"product_cat":[6342,6583,6366,6388],"product_tag":[6584,6364],"class_list":{"0":"post-106281","1":"product","2":"type-product","3":"status-publish","4":"has-post-thumbnail","6":"product_cat-anzeige","7":"product_cat-bodendisplays","8":"product_cat-pos-supports","9":"product_cat-presentoirs","10":"product_tag-bodendisplays","11":"product_tag-pos-materialien","13":"first","14":"instock","15":"taxable","16":"shipping-taxable","17":"purchasable","18":"product-type-variable"},"_links":{"self":[{"href":"https:\/\/cdiffprom.ch\/de\/wp-json\/wp\/v2\/product\/106281","targetHints":{"allow":["GET"]}}],"collection":[{"href":"https:\/\/cdiffprom.ch\/de\/wp-json\/wp\/v2\/product"}],"about":[{"href":"https:\/\/cdiffprom.ch\/de\/wp-json\/wp\/v2\/types\/product"}],"wp:featuredmedia":[{"embeddable":true,"href":"https:\/\/cdiffprom.ch\/de\/wp-json\/wp\/v2\/media\/101982"}],"wp:attachment":[{"href":"https:\/\/cdiffprom.ch\/de\/wp-json\/wp\/v2\/media?parent=106281"}],"wp:term":[{"taxonomy":"product_brand","embeddable":true,"href":"https:\/\/cdiffprom.ch\/de\/wp-json\/wp\/v2\/product_brand?post=106281"},{"taxonomy":"product_cat","embeddable":true,"href":"https:\/\/cdiffprom.ch\/de\/wp-json\/wp\/v2\/product_cat?post=106281"},{"taxonomy":"product_tag","embeddable":true,"href":"https:\/\/cdiffprom.ch\/de\/wp-json\/wp\/v2\/product_tag?post=106281"}],"curies":[{"name":"wp","href":"https:\/\/api.w.org\/{rel}","templated":true}]}}