{"id":106291,"date":"2019-07-26T06:59:34","date_gmt":"2019-07-26T04:59:34","guid":{"rendered":"https:\/\/cdiffprom.ch\/produit\/doppelseitiger-plakatstaender\/"},"modified":"2019-07-26T06:59:34","modified_gmt":"2019-07-26T04:59:34","slug":"doppelseitiger-plakatstaender","status":"publish","type":"product","link":"https:\/\/cdiffprom.ch\/de\/produit\/doppelseitiger-plakatstaender\/","title":{"rendered":"Doppelseitiger Plakatst\u00e4nder"},"content":{"rendered":"<h3><span style=\"color: #800000;\"><strong>Doppelseitiger Plakatst\u00e4nder<\/strong><\/span><\/h3>\n<p>Mit diesem doppelseitigen Plakatst\u00e4nder k\u00f6nnen Sie Ihren Kunden oder potenziellen Kunden ganz einfach Ihre gesamte Dokumentation pr\u00e4sentieren.<\/p>\n<p>Dieses \u00e4sthetische doppelseitige Modell eignet sich f\u00fcr den Innenbereich und ist ideal f\u00fcr die Gestaltung Ihrer Empfangs- und\/oder Ausstellungsbereiche.<\/p>\n<p>Dar\u00fcber hinaus verf\u00fcgt es \u00fcber eine sehr gute Stabilit\u00e4t und ist platzsparend.<\/p>\n<h4><span style=\"color: #800000;\"><strong>Merkmale<\/strong><\/span> :<\/h4>\n<ul>\n<li>Doppelseitiges Modell<\/li>\n<li>4 Regale Nutzbare B 32 x H 33 cm<\/li>\n<li>H\u00f6henverstellbare Regale auf jeder Ebene<\/li>\n<li>Fu\u00dfgestell aus naturfarbenem, eloxiertem Aluminium.<\/li>\n<li>Regale aus transparentem Plexiglas<\/li>\n<li>3,5 cm Fassungsverm\u00f6gen f\u00fcr Dokumente auf dem Regalrand<\/li>\n<li>Beschwerter Sockel 6 kg<\/li>\n<\/ul>\n<p><strong><span style=\"color: #800000;\">Lieferbedingungen<\/span><\/strong><\/p>\n<p>Zu Ihrer Information: Nach Eingang Ihres Auftrags sind unsere Produkte innerhalb von etwa zehn Tagen lieferbar.<\/p>\n<p>Z\u00f6gern Sie nicht <span style=\"color: #800000;\"><strong><u><a style=\"color: #800000;\" href=\"https:\/\/cdiffprom.ch\/elements\/contactez-nous\/\">uns zu kontaktieren.<\/a><\/u><\/strong><\/span> Wenn Sie einen dringenderen Bedarf haben, k\u00f6nnen wir Ihnen immer eine schnellere L\u00f6sung anbieten.<\/p>\n<p>Wir sind auch gerne bereit, Ihnen Informationen \u00fcber Mengenrabatte zu geben.<\/p>\n<p>Einige Artikel k\u00f6nnen eine l\u00e4ngere Lieferzeit in Anspruch nehmen, da sie nicht auf Lager unseres Lieferanten sind. In diesem Fall werden Sie nach Eingang Ihrer Bestellung benachrichtigt. <\/p>\n<p>Wir liefern versandkostenfrei ab einem Bestellwert von CHF. 500.-. Unterhalb dieses Betrags wird eine Pauschale von CHF. 15,90 zu entrichten. <\/p>\n<p>Bei allen Online-Bestellungen f\u00fchren wir immer einen Telefonanruf durch, um sicherzustellen, dass Sie das richtige Produkt f\u00fcr Ihre Bed\u00fcrfnisse ausgew\u00e4hlt haben. So k\u00f6nnen Sie sicher sein, dass Sie die richtige Wahl treffen. <\/p>\n<p>Bitte beachten Sie, dass die Promo-Codes nicht kumulierbar sind und der Rabatt auf Ihrer Bestellung sichtbar ist.<\/p>\n","protected":false},"excerpt":{"rendered":"<p>Doppelseitiger, \u00e4sthetischer, stabiler und platzsparender St\u00e4nder mit verstellbaren Regalb\u00f6den.<\/p>\n","protected":false},"featured_media":102008,"template":"","meta":{"slim_seo":{"title":"Doppelseitiger Plakatst\u00e4nder - Suisse - C.Diff-Prom","description":"Doppelseitiger, \u00e4sthetischer, stabiler und platzsparender St\u00e4nder mit verstellbaren Regalb\u00f6den."}},"product_brand":[],"product_cat":[6342,6583,6366,6388],"product_tag":[6584,6364],"class_list":{"0":"post-106291","1":"product","2":"type-product","3":"status-publish","4":"has-post-thumbnail","6":"product_cat-anzeige","7":"product_cat-bodendisplays","8":"product_cat-pos-supports","9":"product_cat-presentoirs","10":"product_tag-bodendisplays","11":"product_tag-pos-materialien","13":"first","14":"instock","15":"taxable","16":"shipping-taxable","17":"purchasable","18":"product-type-simple"},"_links":{"self":[{"href":"https:\/\/cdiffprom.ch\/de\/wp-json\/wp\/v2\/product\/106291","targetHints":{"allow":["GET"]}}],"collection":[{"href":"https:\/\/cdiffprom.ch\/de\/wp-json\/wp\/v2\/product"}],"about":[{"href":"https:\/\/cdiffprom.ch\/de\/wp-json\/wp\/v2\/types\/product"}],"wp:featuredmedia":[{"embeddable":true,"href":"https:\/\/cdiffprom.ch\/de\/wp-json\/wp\/v2\/media\/102008"}],"wp:attachment":[{"href":"https:\/\/cdiffprom.ch\/de\/wp-json\/wp\/v2\/media?parent=106291"}],"wp:term":[{"taxonomy":"product_brand","embeddable":true,"href":"https:\/\/cdiffprom.ch\/de\/wp-json\/wp\/v2\/product_brand?post=106291"},{"taxonomy":"product_cat","embeddable":true,"href":"https:\/\/cdiffprom.ch\/de\/wp-json\/wp\/v2\/product_cat?post=106291"},{"taxonomy":"product_tag","embeddable":true,"href":"https:\/\/cdiffprom.ch\/de\/wp-json\/wp\/v2\/product_tag?post=106291"}],"curies":[{"name":"wp","href":"https:\/\/api.w.org\/{rel}","templated":true}]}}