{"id":106292,"date":"2019-07-26T06:59:30","date_gmt":"2019-07-26T04:59:30","guid":{"rendered":"https:\/\/cdiffprom.ch\/produit\/plexiglas-kataloghalter-a4\/"},"modified":"2019-07-26T06:59:30","modified_gmt":"2019-07-26T04:59:30","slug":"plexiglas-kataloghalter-a4","status":"publish","type":"product","link":"https:\/\/cdiffprom.ch\/de\/produit\/plexiglas-kataloghalter-a4\/","title":{"rendered":"Plexiglas-Kataloghalter a4"},"content":{"rendered":"<h3><span style=\"color: #800000;\"><strong>A4 Plexiglas-Kataloghalter<\/strong><\/span><\/h3>\n<p>Dieser A4 Plexiglas-Kataloghalter ist ein idealer und praktischer Visitenkartenhalter, der alle Ihre Kataloge oder Dokumentationen hervorhebt!<\/p>\n<p>Dank der Transparenz des hochwertigen Plexiglases und des sehr \u00e4sthetischen Designs mit &#8222;Z-Fu\u00df&#8220; ist er f\u00fcr eine Vielzahl von Bereichen geeignet.<\/p>\n<h4><span style=\"color: #800000;\"><strong>Einige Abmessungen des Produkts<\/strong> <\/span>:<\/h4>\n<ul>\n<li>die feste H\u00f6he betr\u00e4gt 100 cm<\/li>\n<li>die Dicke des Fu\u00dfes betr\u00e4gt 8 mm<\/li>\n<li>3 cm dicke Kapazit\u00e4t f\u00fcr den Tragrahmen<\/li>\n<li>geeignet f\u00fcr ein Bildformat von 30 cm H\u00f6he x 21 cm H\u00f6he<\/li>\n<li>die Basis ist 23 cm lang und 26 cm tief<\/li>\n<li>nur im Hochformat<\/li>\n<\/ul>\n<p>Der A4 Plexiglas-Katalogst\u00e4nder ist leicht und stabil und daher ideal f\u00fcr Ihre Dokumentation.<\/p>\n<h4><span style=\"color: #800000;\"><strong>Ideen f\u00fcr die Verwendung :<\/strong><\/span><\/h4>\n<p>Dieser Plexiglas-Kataloghalter kann z.B. ein ideales Hilfsmittel f\u00fcr Werkst\u00e4tten sein. Vor jedem neuen oder gebrauchten Fahrzeug aufgestellt, erm\u00f6glicht dieser Katalogst\u00e4nder jedem Besucher, einen Katalog mit allen technischen Daten des jeweiligen Modells einzusehen. <\/p>\n<p>In einer Verkaufsstelle, wie z.B. einem Fachgesch\u00e4ft f\u00fcr Kleidung oder Haushaltswaren, wird es ebenfalls eine gute Wirkung auf potentielle Kunden haben, die auf diese Weise \u00fcber Ihre verschiedenen aktuellen Angebote oder Saisonartikel informiert werden k\u00f6nnen.<\/p>\n<p>Z\u00f6gern Sie nicht, uns zu kontaktieren. <span style=\"color: #800000;\"><a style=\"color: #800000;\" href=\"https:\/\/cdiffprom.ch\/elements\/contactez-nous\/\">fragen Sie uns einfach.<\/a><\/span> Wenn Sie andere Bed\u00fcrfnisse haben, finden Sie bestimmt ein passendes Modell eines Visitenkartenhalters.<\/p>\n<p>&nbsp;<\/p>\n<p>&nbsp;<\/p>\n","protected":false},"excerpt":{"rendered":"<p>A4 Plexiglas-Kataloghalter Dieser A4 Plexiglas-Kataloghalter ist ein idealer und praktischer Visitenkartenhalter, der alle Ihre Kataloge oder Dokumentationen hervorhebt! Dank der Transparenz des hochwertigen Plexiglases und des sehr \u00e4sthetischen Designs mit &#8222;Z-Fu\u00df&#8220; ist er f\u00fcr eine Vielzahl von Bereichen geeignet. Einige Abmessungen des Produkts : die feste H\u00f6he betr\u00e4gt 100 cm die Dicke des Fu\u00dfes betr\u00e4gt&#8230;<\/p>\n","protected":false},"featured_media":101984,"template":"","meta":{"slim_seo":{"title":"Plexiglas-Kataloghalter a4 - Suisse - C.Diff-Prom","description":"A4 Plexiglas-Kataloghalter Dieser A4 Plexiglas-Kataloghalter ist ein idealer und praktischer Visitenkartenhalter, der alle Ihre Kataloge oder Dokumentationen he"}},"product_brand":[],"product_cat":[6415,6390],"product_tag":[6515,6393],"class_list":{"0":"post-106292","1":"product","2":"type-product","3":"status-publish","4":"has-post-thumbnail","6":"product_cat-beratungssysteme","7":"product_cat-ranking","8":"product_tag-beratungssysteme","9":"product_tag-pulte-und-theken","11":"first","12":"instock","13":"taxable","14":"shipping-taxable","15":"purchasable","16":"product-type-simple"},"_links":{"self":[{"href":"https:\/\/cdiffprom.ch\/de\/wp-json\/wp\/v2\/product\/106292","targetHints":{"allow":["GET"]}}],"collection":[{"href":"https:\/\/cdiffprom.ch\/de\/wp-json\/wp\/v2\/product"}],"about":[{"href":"https:\/\/cdiffprom.ch\/de\/wp-json\/wp\/v2\/types\/product"}],"wp:featuredmedia":[{"embeddable":true,"href":"https:\/\/cdiffprom.ch\/de\/wp-json\/wp\/v2\/media\/101984"}],"wp:attachment":[{"href":"https:\/\/cdiffprom.ch\/de\/wp-json\/wp\/v2\/media?parent=106292"}],"wp:term":[{"taxonomy":"product_brand","embeddable":true,"href":"https:\/\/cdiffprom.ch\/de\/wp-json\/wp\/v2\/product_brand?post=106292"},{"taxonomy":"product_cat","embeddable":true,"href":"https:\/\/cdiffprom.ch\/de\/wp-json\/wp\/v2\/product_cat?post=106292"},{"taxonomy":"product_tag","embeddable":true,"href":"https:\/\/cdiffprom.ch\/de\/wp-json\/wp\/v2\/product_tag?post=106292"}],"curies":[{"name":"wp","href":"https:\/\/api.w.org\/{rel}","templated":true}]}}