{"id":106293,"date":"2019-07-26T06:59:35","date_gmt":"2019-07-26T04:59:35","guid":{"rendered":"https:\/\/cdiffprom.ch\/produit\/prospektstaender-rahmen-a4\/"},"modified":"2019-07-26T06:59:35","modified_gmt":"2019-07-26T04:59:35","slug":"prospektstaender-rahmen-a4","status":"publish","type":"product","link":"https:\/\/cdiffprom.ch\/de\/produit\/prospektstaender-rahmen-a4\/","title":{"rendered":"Prospektst\u00e4nder Rahmen a4"},"content":{"rendered":"<h3><strong><span style=\"color: #800000;\">Brosch\u00fcrenst\u00e4nder A4 Rahmen<\/span><br \/>\n<\/strong><\/h3>\n<p>Dieser Brosch\u00fcrenst\u00e4nder mit A4-Rahmen ist ein idealer Visitenkartenhalter, um verschiedene Dokumente oder Prospekte in Ihren Ausstellungs- oder Empfangsr\u00e4umen leicht zu verteilen oder zu pr\u00e4sentieren.<\/p>\n<p>Au\u00dferdem verf\u00fcgt es \u00fcber einen A4-Klapprahmen (21 x 29,7 cm), der im Hoch- oder Querformat verwendet werden kann, so dass Sie z.B. die Veranstaltung mit dem eingef\u00fcgten Poster personalisieren k\u00f6nnen.<\/p>\n<p><strong><span style=\"color: #800000;\">Merkmale :<\/span><\/strong><\/p>\n<ul>\n<li>3 feste Regale, Nutzl\u00e4nge 44,5 cm; maximale H\u00f6he der Dokumente: 34 cm, au\u00dfer der obersten Ebene: 37 cm<\/li>\n<li>Monoblock, klappbarer Hinterfu\u00df, sehr stabil<\/li>\n<li>35\u00b0 Neigung nach hinten<\/li>\n<li>Sofort einsetzbar<\/li>\n<li>100%ige Metallkonstruktion, pulverbeschichtet in Hammerschlaggrau, Schwarz oder Alugrau.<\/li>\n<\/ul>\n<p><span style=\"color: #800000;\"><strong>Lieferbedingungen :<br \/>\n<\/strong><\/span><\/p>\n<p>Alle unsere Produkte sind innerhalb von 10 Tagen nach Eingang Ihrer Bestellung lieferbar. Bitte z\u00f6gern Sie nicht, uns zu kontaktieren. <u><a href=\"https:\/\/cdiffprom.ch\/elements\/contactez-nous\/\"><span style=\"color: #800000;\">uns zu kontaktieren.<\/span><\/a><\/u> Wenn Sie einen dringenderen Bedarf haben, k\u00f6nnen wir Ihnen immer eine schnellere L\u00f6sung anbieten. <\/p>\n<p>Einige Artikel k\u00f6nnen eine l\u00e4ngere Lieferzeit in Anspruch nehmen, da sie nicht auf Lager unseres Lieferanten sind. In diesem Fall werden Sie nach Eingang Ihrer Bestellung benachrichtigt. <\/p>\n<p>Wir liefern versandkostenfrei ab einem Bestellwert von CHF. 500.-. Unterhalb dieses Betrags wird eine Pauschale von CHF. 15,90 zu entrichten. <\/p>\n<p>Bei allen Online-Bestellungen f\u00fchren wir immer einen Telefonanruf durch, um sicherzustellen, dass Sie das richtige Produkt f\u00fcr Ihre Bed\u00fcrfnisse ausgew\u00e4hlt haben. So k\u00f6nnen Sie sicher sein, dass Sie die richtige Wahl treffen. <\/p>\n<p>Bitte beachten Sie, dass die Promo-Codes nicht kumulierbar sind und der Rabatt auf Ihrer Bestellung sichtbar ist.<\/p>\n","protected":false},"excerpt":{"rendered":"<p>F\u00fcr alle Arten von Brosch\u00fcren, Katalogen und Prospekten<\/p>\n","protected":false},"featured_media":102016,"template":"","meta":{"slim_seo":{"title":"Prospektst\u00e4nder Rahmen a4 - Suisse - C.Diff-Prom","description":"F\u00fcr alle Arten von Brosch\u00fcren, Katalogen und Prospekten"}},"product_brand":[],"product_cat":[6342,6504,6583,6366,6388,6390],"product_tag":[6584,6364,6505],"class_list":{"0":"post-106293","1":"product","2":"type-product","3":"status-publish","4":"has-post-thumbnail","6":"product_cat-anzeige","7":"product_cat-bibliotheksregale","8":"product_cat-bodendisplays","9":"product_cat-pos-supports","10":"product_cat-presentoirs","11":"product_cat-ranking","12":"product_tag-bodendisplays","13":"product_tag-pos-materialien","14":"product_tag-regale-fur-bibliotheken","15":"pa_couleurs-grauer-filz","16":"pa_couleurs-schwarz","18":"first","19":"instock","20":"taxable","21":"shipping-taxable","22":"purchasable","23":"product-type-variable"},"_links":{"self":[{"href":"https:\/\/cdiffprom.ch\/de\/wp-json\/wp\/v2\/product\/106293","targetHints":{"allow":["GET"]}}],"collection":[{"href":"https:\/\/cdiffprom.ch\/de\/wp-json\/wp\/v2\/product"}],"about":[{"href":"https:\/\/cdiffprom.ch\/de\/wp-json\/wp\/v2\/types\/product"}],"wp:featuredmedia":[{"embeddable":true,"href":"https:\/\/cdiffprom.ch\/de\/wp-json\/wp\/v2\/media\/102016"}],"wp:attachment":[{"href":"https:\/\/cdiffprom.ch\/de\/wp-json\/wp\/v2\/media?parent=106293"}],"wp:term":[{"taxonomy":"product_brand","embeddable":true,"href":"https:\/\/cdiffprom.ch\/de\/wp-json\/wp\/v2\/product_brand?post=106293"},{"taxonomy":"product_cat","embeddable":true,"href":"https:\/\/cdiffprom.ch\/de\/wp-json\/wp\/v2\/product_cat?post=106293"},{"taxonomy":"product_tag","embeddable":true,"href":"https:\/\/cdiffprom.ch\/de\/wp-json\/wp\/v2\/product_tag?post=106293"}],"curies":[{"name":"wp","href":"https:\/\/api.w.org\/{rel}","templated":true}]}}