{"id":106294,"date":"2019-07-26T06:59:31","date_gmt":"2019-07-26T04:59:31","guid":{"rendered":"https:\/\/cdiffprom.ch\/produit\/schraeggestelltes-display-fuer-broschueren\/"},"modified":"2019-07-26T06:59:31","modified_gmt":"2019-07-26T04:59:31","slug":"schraeggestelltes-display-fuer-broschueren","status":"publish","type":"product","link":"https:\/\/cdiffprom.ch\/de\/produit\/schraeggestelltes-display-fuer-broschueren\/","title":{"rendered":"Schr\u00e4ggestelltes Display f\u00fcr Brosch\u00fcren"},"content":{"rendered":"<h3><span style=\"color: #800000;\"><strong>Schr\u00e4ger Standfu\u00df f\u00fcr Brosch\u00fcren<\/strong><\/span><\/h3>\n<p>Dieser schr\u00e4ge Standfu\u00df f\u00fcr Brosch\u00fcren ist der ideale St\u00e4nder, um mehrere Medien gleichzeitig zu pr\u00e4sentieren.<\/p>\n<p>Dank der 4 A4-F\u00e4cher k\u00f6nnen Sie viele Kataloge oder Prospekte gleichzeitig f\u00fcr Ihre Kunden auslegen.<\/p>\n<h4><span style=\"color: #800000;\"><strong>Ideen f\u00fcr Einsatzorte :<\/strong><\/span><\/h4>\n<ul>\n<li>Wartezimmer von Arztpraxen z.B.<\/li>\n<li>Besucherzentren f\u00fcr Museen \/ Kulturzentren<\/li>\n<li>Messen oder Ausstellungen<\/li>\n<li>Reise- oder Tourismusagenturen<\/li>\n<\/ul>\n<h4><span style=\"color: #800000;\"><strong>Merkmale :<\/strong><\/span><\/h4>\n<ul>\n<li>Gew\u00f6lbte Struktur aus naturfarbenem eloxiertem Aluminium 4 geneigte, transparente F\u00e4cher aus unzerbrechlichem Polycarbonat<\/li>\n<li>Kapazit\u00e4t pro Feld 3 cm f\u00fcr jedes Dokument max. 22 cm breit<\/li>\n<li>Vollst\u00e4ndige Sichtbarkeit des Inhalts jedes Feldes<\/li>\n<li>Platzbedarf: H 167 x B 24 x T 35 cm<\/li>\n<li>Gesamtgewicht leer: 5 kg<\/li>\n<\/ul>\n<p><span style=\"color: #800000;\"><strong>Lieferbedingungen :<br \/>\n<\/strong><\/span><\/p>\n<p>Zu Ihrer Information: Nach Eingang Ihres Auftrags sind unsere Produkte innerhalb von etwa zehn Tagen lieferbar.<\/p>\n<p>Z\u00f6gern Sie nicht <u><a href=\"https:\/\/cdiffprom.ch\/elements\/contactez-nous\/\"><strong><span style=\"color: #800000;\">uns zu kontaktieren.<\/span><\/strong><\/a><\/u> Wenn Sie einen dringenderen Bedarf haben, k\u00f6nnen wir Ihnen immer eine schnellere L\u00f6sung anbieten.<\/p>\n<p>Wir sind auch gerne bereit, Ihnen Informationen \u00fcber Mengenrabatte zu geben.<\/p>\n<p>Einige Artikel k\u00f6nnen eine l\u00e4ngere Lieferzeit in Anspruch nehmen, da sie nicht auf Lager unseres Lieferanten sind. In diesem Fall werden Sie nach Eingang Ihrer Bestellung benachrichtigt. <\/p>\n<p>Wir liefern versandkostenfrei ab einem Bestellwert von CHF. 500.-. Unterhalb dieses Betrags wird eine Pauschale von CHF. 15,90 zu entrichten. <\/p>\n<p>Bei allen Online-Bestellungen f\u00fchren wir immer einen Telefonanruf durch, um sicherzustellen, dass Sie das richtige Produkt f\u00fcr Ihre Bed\u00fcrfnisse ausgew\u00e4hlt haben. So k\u00f6nnen Sie sicher sein, dass Sie die richtige Wahl treffen. <\/p>\n<p>Bitte beachten Sie, dass die Promo-Codes nicht kumulierbar sind und der Rabatt auf Ihrer Bestellung sichtbar ist.<\/p>\n","protected":false},"excerpt":{"rendered":"<p>Eine neue \u00c4sthetik f\u00fcr Ihren Empfang und Ihre Ausstellungen<\/p>\n","protected":false},"featured_media":101990,"template":"","meta":{"slim_seo":{"title":"Schr\u00e4ggestelltes Display f\u00fcr Brosch\u00fcren - Suisse - C.Diff-Prom","description":"Eine neue \u00c4sthetik f\u00fcr Ihren Empfang und Ihre Ausstellungen"}},"product_brand":[],"product_cat":[],"product_tag":[],"class_list":{"0":"post-106294","1":"product","2":"type-product","3":"status-publish","4":"has-post-thumbnail","7":"first","8":"instock","9":"taxable","10":"shipping-taxable","11":"purchasable","12":"product-type-simple"},"_links":{"self":[{"href":"https:\/\/cdiffprom.ch\/de\/wp-json\/wp\/v2\/product\/106294","targetHints":{"allow":["GET"]}}],"collection":[{"href":"https:\/\/cdiffprom.ch\/de\/wp-json\/wp\/v2\/product"}],"about":[{"href":"https:\/\/cdiffprom.ch\/de\/wp-json\/wp\/v2\/types\/product"}],"wp:featuredmedia":[{"embeddable":true,"href":"https:\/\/cdiffprom.ch\/de\/wp-json\/wp\/v2\/media\/101990"}],"wp:attachment":[{"href":"https:\/\/cdiffprom.ch\/de\/wp-json\/wp\/v2\/media?parent=106294"}],"wp:term":[{"taxonomy":"product_brand","embeddable":true,"href":"https:\/\/cdiffprom.ch\/de\/wp-json\/wp\/v2\/product_brand?post=106294"},{"taxonomy":"product_cat","embeddable":true,"href":"https:\/\/cdiffprom.ch\/de\/wp-json\/wp\/v2\/product_cat?post=106294"},{"taxonomy":"product_tag","embeddable":true,"href":"https:\/\/cdiffprom.ch\/de\/wp-json\/wp\/v2\/product_tag?post=106294"}],"curies":[{"name":"wp","href":"https:\/\/api.w.org\/{rel}","templated":true}]}}