{"id":106297,"date":"2019-07-26T06:59:35","date_gmt":"2019-07-26T04:59:35","guid":{"rendered":"https:\/\/cdiffprom.ch\/produit\/einseitiger-prospektstaender\/"},"modified":"2019-07-26T06:59:35","modified_gmt":"2019-07-26T04:59:35","slug":"einseitiger-prospektstaender","status":"publish","type":"product","link":"https:\/\/cdiffprom.ch\/de\/produit\/einseitiger-prospektstaender\/","title":{"rendered":"Einseitiger Prospektst\u00e4nder"},"content":{"rendered":"<h3><span style=\"color: #800000;\"><strong>Einseitiger Prospektst\u00e4nder<\/strong><\/span><\/h3>\n<p>Dieser einseitige Brosch\u00fcrenst\u00e4nder erm\u00f6glicht Ihren Kunden oder Besuchern einen leichten Zugang zu all Ihren Brosch\u00fcren, Prospekten oder Werbungen.<\/p>\n<p>Da dieses Display sehr stabil und platzsparend ist, eignet es sich sowohl f\u00fcr Empfangsbereiche, Ausstellungen, Messest\u00e4nde oder B\u00fcros.<\/p>\n<h4><span style=\"color: #800000;\"><strong>Merkmale<\/strong> <\/span>:<\/h4>\n<ul>\n<li>Verwendung in Innenr\u00e4umen<\/li>\n<li>Einseitiges Modell<\/li>\n<li>H\u00f6he 134 cm<\/li>\n<li>2 oder 3 Regale Nutzbare L\u00e4nge 32 x H 33 cm, transparentes Plexiglas<\/li>\n<li>H\u00f6henverstellbare Regale auf jeder Ebene<\/li>\n<li>Fu\u00dfgestell aus naturfarbenem, eloxiertem Aluminium.<\/li>\n<li>3,5 cm Fassungsverm\u00f6gen f\u00fcr Dokumente auf dem Regalrand<\/li>\n<li>Beschwerter Sockel 6 kg<\/li>\n<\/ul>\n<h4><span style=\"color: #800000;\"><strong>Lieferbedingungen :<br \/>\n<\/strong><\/span><\/h4>\n<p>Zu Ihrer Information: Nach Eingang Ihres Auftrags sind unsere Produkte innerhalb von etwa zehn Tagen lieferbar.<\/p>\n<p>Z\u00f6gern Sie nicht <u><a href=\"https:\/\/cdiffprom.ch\/elements\/contactez-nous\/\"><span style=\"color: #800000;\"><strong>kontaktieren Sie uns bitte.<\/strong><\/span><\/a><\/u> Wenn Sie einen dringenderen Bedarf haben, haben wir immer eine schnellere L\u00f6sung f\u00fcr Sie und k\u00f6nnen Sie auch \u00fcber Rabatte bei Mengenbestellungen informieren.<\/p>\n<p>Einige Artikel k\u00f6nnen eine l\u00e4ngere Lieferzeit in Anspruch nehmen, da sie nicht auf Lager unseres Lieferanten sind. In diesem Fall werden Sie nach Eingang Ihrer Bestellung benachrichtigt. <\/p>\n<p>Wir liefern versandkostenfrei ab einem Bestellwert von CHF. 500.-. Unterhalb dieses Betrags wird eine Pauschale von CHF. 15,90 zu entrichten. <\/p>\n<p>Bei allen Online-Bestellungen f\u00fchren wir immer einen Telefonanruf durch, um sicherzustellen, dass Sie das richtige Produkt f\u00fcr Ihre Bed\u00fcrfnisse ausgew\u00e4hlt haben. So k\u00f6nnen Sie sicher sein, dass Sie die richtige Wahl treffen. <\/p>\n<p>Bitte beachten Sie, dass die Promo-Codes nicht kumulierbar sind und der Rabatt auf Ihrer Bestellung sichtbar ist.<\/p>\n","protected":false},"excerpt":{"rendered":"<p>\u00c4sthetisch, stabil, platzsparend<\/p>\n","protected":false},"featured_media":102012,"template":"","meta":{"slim_seo":{"title":"Einseitiger Prospektst\u00e4nder - Suisse - C.Diff-Prom","description":"\u00c4sthetisch, stabil, platzsparend"}},"product_brand":[],"product_cat":[6583,6388],"product_tag":[6584,6364],"class_list":{"0":"post-106297","1":"product","2":"type-product","3":"status-publish","4":"has-post-thumbnail","6":"product_cat-bodendisplays","7":"product_cat-presentoirs","8":"product_tag-bodendisplays","9":"product_tag-pos-materialien","11":"first","12":"instock","13":"taxable","14":"shipping-taxable","15":"purchasable","16":"product-type-variable"},"_links":{"self":[{"href":"https:\/\/cdiffprom.ch\/de\/wp-json\/wp\/v2\/product\/106297","targetHints":{"allow":["GET"]}}],"collection":[{"href":"https:\/\/cdiffprom.ch\/de\/wp-json\/wp\/v2\/product"}],"about":[{"href":"https:\/\/cdiffprom.ch\/de\/wp-json\/wp\/v2\/types\/product"}],"wp:featuredmedia":[{"embeddable":true,"href":"https:\/\/cdiffprom.ch\/de\/wp-json\/wp\/v2\/media\/102012"}],"wp:attachment":[{"href":"https:\/\/cdiffprom.ch\/de\/wp-json\/wp\/v2\/media?parent=106297"}],"wp:term":[{"taxonomy":"product_brand","embeddable":true,"href":"https:\/\/cdiffprom.ch\/de\/wp-json\/wp\/v2\/product_brand?post=106297"},{"taxonomy":"product_cat","embeddable":true,"href":"https:\/\/cdiffprom.ch\/de\/wp-json\/wp\/v2\/product_cat?post=106297"},{"taxonomy":"product_tag","embeddable":true,"href":"https:\/\/cdiffprom.ch\/de\/wp-json\/wp\/v2\/product_tag?post=106297"}],"curies":[{"name":"wp","href":"https:\/\/api.w.org\/{rel}","templated":true}]}}