{"id":106300,"date":"2019-07-26T06:59:36","date_gmt":"2019-07-26T04:59:36","guid":{"rendered":"https:\/\/cdiffprom.ch\/produit\/prospektstaender-zig-zag-plexiglas\/"},"modified":"2019-07-26T06:59:36","modified_gmt":"2019-07-26T04:59:36","slug":"prospektstaender-zig-zag-plexiglas","status":"publish","type":"product","link":"https:\/\/cdiffprom.ch\/de\/produit\/prospektstaender-zig-zag-plexiglas\/","title":{"rendered":"Prospektst\u00e4nder zig-zag Plexiglas"},"content":{"rendered":"<h3><span style=\"color: #800000;\"><strong>Prospektst\u00e4nder zig-zag Plexiglas<\/strong><\/span><\/h3>\n<p>Dieser elegante Zick-Zack-Brosch\u00fcrenst\u00e4nder aus Plexiglas eignet sich hervorragend f\u00fcr die Einrichtung von Empfangs- oder Ausstellungsbereichen und sorgt daf\u00fcr, dass die ausgestellten Dokumente optimal zur Geltung kommen.<\/p>\n<p>Es ist auch ideal f\u00fcr Reiseb\u00fcros, Kulturzentren, Autowerkst\u00e4tten und andere Verkaufsstellen, die eine Reihe von Katalogen oder Prospekten auslegen m\u00f6chten.<\/p>\n<h4><span style=\"color: #800000;\"><strong>Merkmale :<\/strong><\/span><\/h4>\n<ul>\n<li>2 Modelle zur Auswahl: 4 oder 5 Regale<\/li>\n<li>Plexiglasb\u00f6den mit einer Dicke von 8 mm<\/li>\n<li>Sockel aus Plexiglas, Dicke 10 mm<\/li>\n<li>3,5 cm Fassungsverm\u00f6gen f\u00fcr Dokumente pro Regal<\/li>\n<li>einfache Pr\u00e4sentation und Verteilung von Dokumenten<\/li>\n<li>ausgezeichnete Stabilit\u00e4t<\/li>\n<\/ul>\n<h4><strong><span style=\"color: #800000;\">Lieferbedingungen :<br \/>\n<\/span><\/strong><\/h4>\n<p>Zu Ihrer Information: Nach Eingang Ihres Auftrags sind unsere Produkte innerhalb von etwa zehn Tagen lieferbar.<\/p>\n<p>Z\u00f6gern Sie nicht <u><a href=\"https:\/\/cdiffprom.ch\/elements\/contactez-nous\/\"><span style=\"color: #800000;\"><strong>uns zu kontaktieren.<\/strong><\/span><\/a><\/u> Wenn Sie einen dringenderen Bedarf haben, k\u00f6nnen wir Ihnen immer eine schnellere L\u00f6sung anbieten.<\/p>\n<p>Wir sind auch gerne bereit, Ihnen Informationen \u00fcber Mengenrabatte zu geben.<\/p>\n<p>Einige Artikel k\u00f6nnen eine l\u00e4ngere Lieferzeit in Anspruch nehmen, da sie nicht auf Lager unseres Lieferanten sind. In diesem Fall werden Sie nach Eingang Ihrer Bestellung benachrichtigt. <\/p>\n<p>Wir liefern versandkostenfrei ab einem Bestellwert von CHF. 500.-. Unterhalb dieses Betrags wird eine Pauschale von CHF. 15,90 zu entrichten. <\/p>\n<p>Bei allen Online-Bestellungen f\u00fchren wir immer einen Telefonanruf durch, um sicherzustellen, dass Sie das richtige Produkt f\u00fcr Ihre Bed\u00fcrfnisse ausgew\u00e4hlt haben. So k\u00f6nnen Sie sicher sein, dass Sie die richtige Wahl treffen. <\/p>\n<p>Bitte beachten Sie, dass die Promo-Codes nicht kumulierbar sind und der Rabatt auf Ihrer Bestellung sichtbar ist.<\/p>\n","protected":false},"excerpt":{"rendered":"<p>Zickzackf\u00f6rmiges Plexiglas-Display, 4 oder 5 transparente Regale mit einer Kapazit\u00e4t von 3,5 cm f\u00fcr A4-Dokumente pro Regal.<\/p>\n","protected":false},"featured_media":102020,"template":"","meta":{"slim_seo":{"title":"Prospektst\u00e4nder zig-zag Plexiglas - Suisse - C.Diff-Prom","description":"Zickzackf\u00f6rmiges Plexiglas-Display, 4 oder 5 transparente Regale mit einer Kapazit\u00e4t von 3,5 cm f\u00fcr A4-Dokumente pro Regal."}},"product_brand":[],"product_cat":[6583,6388],"product_tag":[6584,6364],"class_list":{"0":"post-106300","1":"product","2":"type-product","3":"status-publish","4":"has-post-thumbnail","6":"product_cat-bodendisplays","7":"product_cat-presentoirs","8":"product_tag-bodendisplays","9":"product_tag-pos-materialien","10":"pa_dimensions-100-cm-de","11":"pa_dimensions-150-cm-de","13":"first","14":"instock","15":"taxable","16":"shipping-taxable","17":"purchasable","18":"product-type-variable"},"_links":{"self":[{"href":"https:\/\/cdiffprom.ch\/de\/wp-json\/wp\/v2\/product\/106300","targetHints":{"allow":["GET"]}}],"collection":[{"href":"https:\/\/cdiffprom.ch\/de\/wp-json\/wp\/v2\/product"}],"about":[{"href":"https:\/\/cdiffprom.ch\/de\/wp-json\/wp\/v2\/types\/product"}],"wp:featuredmedia":[{"embeddable":true,"href":"https:\/\/cdiffprom.ch\/de\/wp-json\/wp\/v2\/media\/102020"}],"wp:attachment":[{"href":"https:\/\/cdiffprom.ch\/de\/wp-json\/wp\/v2\/media?parent=106300"}],"wp:term":[{"taxonomy":"product_brand","embeddable":true,"href":"https:\/\/cdiffprom.ch\/de\/wp-json\/wp\/v2\/product_brand?post=106300"},{"taxonomy":"product_cat","embeddable":true,"href":"https:\/\/cdiffprom.ch\/de\/wp-json\/wp\/v2\/product_cat?post=106300"},{"taxonomy":"product_tag","embeddable":true,"href":"https:\/\/cdiffprom.ch\/de\/wp-json\/wp\/v2\/product_tag?post=106300"}],"curies":[{"name":"wp","href":"https:\/\/api.w.org\/{rel}","templated":true}]}}