{"id":106303,"date":"2019-07-26T06:59:36","date_gmt":"2019-07-26T04:59:36","guid":{"rendered":"https:\/\/cdiffprom.ch\/produit\/broschuerenstaender-mit-display\/"},"modified":"2019-07-26T06:59:36","modified_gmt":"2019-07-26T04:59:36","slug":"broschuerenstaender-mit-display","status":"publish","type":"product","link":"https:\/\/cdiffprom.ch\/de\/produit\/broschuerenstaender-mit-display\/","title":{"rendered":"Brosch\u00fcrenst\u00e4nder mit Display"},"content":{"rendered":"<h3><span style=\"color: #800000;\">Brosch\u00fcrenst\u00e4nder mit Display<\/span><\/h3>\n<p>Ben\u00f6tigen Sie ein System, mit dem Sie Unterlagen auslegen und gleichzeitig anzeigen k\u00f6nnen? Dieser Brosch\u00fcrenst\u00e4nder mit Display ist der richtige Visitenkartenhalter f\u00fcr Sie. <\/p>\n<p>Mit diesen drei Plexiglasablagen k\u00f6nnen Ihre Kunden eine gro\u00dfe Auswahl an Katalogen finden und sich leicht bedienen.<\/p>\n<p>Dar\u00fcber hinaus besteht der Posterhalter auf der Oberseite der Regale aus einem Plexiglasschutz und einem wei\u00dfen Hintergrund. So k\u00f6nnen Sie mit einem trocken abwischbaren Filzstift zus\u00e4tzliche Informationen anbringen. <\/p>\n<h4><span style=\"color: #800000;\">Merkmale<\/span>:<\/h4>\n<ul>\n<li>Regalb\u00f6den : B 60 cm mit einer 5 cm hohen Vorderkante<\/li>\n<li>Posterhalter: H 80 x B 60 cm<\/li>\n<li>Metallstruktur, grau\/schwarz, geh\u00e4mmert<\/li>\n<\/ul>\n<p><span style=\"color: #800000;\">Ort der Nutzung :<\/span><\/p>\n<ul>\n<li>Empfangshalle<\/li>\n<li>Wartesaal<\/li>\n<li>Ausstellungen, Messen<\/li>\n<\/ul>\n<h4><span style=\"color: #800000;\">Lieferbedingungen :<br \/>\n<\/span><\/h4>\n<p>Zu Ihrer Information: Nach Eingang Ihres Auftrags sind unsere Produkte innerhalb von etwa zehn Tagen lieferbar.<\/p>\n<p>Z\u00f6gern Sie nicht <span style=\"color: #800000;\"><u><a style=\"color: #800000;\" href=\"https:\/\/cdiffprom.ch\/elements\/contactez-nous\/\">kontaktieren Sie uns bitte.<\/a><\/u><\/span> Wenn Sie einen dringenderen Bedarf haben, haben wir immer eine schnellere L\u00f6sung f\u00fcr Sie und k\u00f6nnen Sie auch \u00fcber Rabatte bei Mengenbestellungen informieren.<\/p>\n<p>Einige Artikel k\u00f6nnen eine l\u00e4ngere Lieferzeit in Anspruch nehmen, da sie nicht auf Lager unseres Lieferanten sind. In diesem Fall werden Sie nach Eingang Ihrer Bestellung benachrichtigt. <\/p>\n<p>Wir liefern versandkostenfrei ab einem Bestellwert von CHF. 500.-. Unterhalb dieses Betrags wird eine Pauschale von CHF. 15,90 zu entrichten. <\/p>\n<p>Bei allen Online-Bestellungen f\u00fchren wir immer einen Telefonanruf durch, um sicherzustellen, dass Sie das richtige Produkt f\u00fcr Ihre Bed\u00fcrfnisse ausgew\u00e4hlt haben. So k\u00f6nnen Sie sicher sein, dass Sie die richtige Wahl treffen. <\/p>\n<p>Bitte beachten Sie, dass die Promo-Codes nicht kumulierbar sind und der Rabatt auf Ihrer Bestellung sichtbar ist.<\/p>\n","protected":false},"excerpt":{"rendered":"<p>\u00c4sthetisch und elegant, gro\u00dfe Kapazit\u00e4t<\/p>\n","protected":false},"featured_media":102018,"template":"","meta":{"slim_seo":{"title":"Brosch\u00fcrenst\u00e4nder mit Display - Suisse - C.Diff-Prom","description":"\u00c4sthetisch und elegant, gro\u00dfe Kapazit\u00e4t"}},"product_brand":[],"product_cat":[6583,6388],"product_tag":[6584,6364],"class_list":{"0":"post-106303","1":"product","2":"type-product","3":"status-publish","4":"has-post-thumbnail","6":"product_cat-bodendisplays","7":"product_cat-presentoirs","8":"product_tag-bodendisplays","9":"product_tag-pos-materialien","11":"first","12":"instock","13":"taxable","14":"shipping-taxable","15":"purchasable","16":"product-type-simple"},"_links":{"self":[{"href":"https:\/\/cdiffprom.ch\/de\/wp-json\/wp\/v2\/product\/106303","targetHints":{"allow":["GET"]}}],"collection":[{"href":"https:\/\/cdiffprom.ch\/de\/wp-json\/wp\/v2\/product"}],"about":[{"href":"https:\/\/cdiffprom.ch\/de\/wp-json\/wp\/v2\/types\/product"}],"wp:featuredmedia":[{"embeddable":true,"href":"https:\/\/cdiffprom.ch\/de\/wp-json\/wp\/v2\/media\/102018"}],"wp:attachment":[{"href":"https:\/\/cdiffprom.ch\/de\/wp-json\/wp\/v2\/media?parent=106303"}],"wp:term":[{"taxonomy":"product_brand","embeddable":true,"href":"https:\/\/cdiffprom.ch\/de\/wp-json\/wp\/v2\/product_brand?post=106303"},{"taxonomy":"product_cat","embeddable":true,"href":"https:\/\/cdiffprom.ch\/de\/wp-json\/wp\/v2\/product_cat?post=106303"},{"taxonomy":"product_tag","embeddable":true,"href":"https:\/\/cdiffprom.ch\/de\/wp-json\/wp\/v2\/product_tag?post=106303"}],"curies":[{"name":"wp","href":"https:\/\/api.w.org\/{rel}","templated":true}]}}