{"id":106304,"date":"2019-07-26T07:07:14","date_gmt":"2019-07-26T05:07:14","guid":{"rendered":"https:\/\/cdiffprom.ch\/produit\/multiformat-display-kleines-modell\/"},"modified":"2019-07-26T07:07:14","modified_gmt":"2019-07-26T05:07:14","slug":"multiformat-display-kleines-modell","status":"publish","type":"product","link":"https:\/\/cdiffprom.ch\/de\/produit\/multiformat-display-kleines-modell\/","title":{"rendered":"Multiformat-Display kleines Modell"},"content":{"rendered":"<h3><strong><span style=\"color: #800000;\">Multiformat-Display kleines Modell<\/span><br \/>\n<\/strong><\/h3>\n<p>Um alle Ihre Brosch\u00fcren aufzustellen, ist dieses kleine Multiformat-Display ideal.<\/p>\n<p>Mit diesem Display k\u00f6nnen Sie Ihren Empfangsbereich neu gestalten. Er wird es Ihren Besuchern erleichtern, Ihre Brosch\u00fcren zu finden und Ihre Partnerschaft mit den wichtigsten touristischen Attraktionen in Ihrer Region zu verbessern. <\/p>\n<p>Dar\u00fcber hinaus verf\u00fcgt dieses Medium \u00fcber 24 F\u00e4cher und ist f\u00fcr die Formate 1\/3 A4 geeignet.<\/p>\n<p>Die Installation dieses St\u00e4nders ist schnell erledigt, da nur die F\u00fc\u00dfe montiert werden m\u00fcssen.<\/p>\n<p><span style=\"color: #800000;\"><strong>Merkmale :<\/strong><\/span><\/p>\n<ul>\n<li>Robuste und qualitativ hochwertige Verarbeitung<\/li>\n<li>Vollst\u00e4ndig aus Metall gefertigtes Display mit hochfester schwarzer Epoxydbeschichtung<\/li>\n<li>Kapazit\u00e4t pro Feld 5 cm Dokumente<\/li>\n<li>St\u00e4ndiger sichtbarer Rand von 15 cm pro Feld<\/li>\n<li>H\u00f6he 106 x Breite 49 x Tiefe 49 cm<\/li>\n<\/ul>\n<p><span style=\"color: #800000;\"><strong>Lieferbedingungen :<br \/>\n<\/strong><\/span><\/p>\n<p>Zu Ihrer Information: Nach Eingang Ihres Auftrags sind unsere Produkte innerhalb von etwa zehn Tagen lieferbar.<\/p>\n<p>Z\u00f6gern Sie nicht <u><a href=\"https:\/\/cdiffprom.ch\/elements\/contactez-nous\/\"><span style=\"color: #800000;\">kontaktieren Sie uns bitte.<\/span><\/a><\/u> Wenn Sie einen dringenderen Bedarf haben, haben wir immer eine schnellere L\u00f6sung f\u00fcr Sie und k\u00f6nnen Sie auch \u00fcber Rabatte bei Mengenbestellungen informieren.<\/p>\n<p>Einige Artikel k\u00f6nnen eine l\u00e4ngere Lieferzeit in Anspruch nehmen, da sie nicht auf Lager unseres Lieferanten sind. In diesem Fall werden Sie nach Eingang Ihrer Bestellung benachrichtigt. <\/p>\n<p>Wir liefern versandkostenfrei ab einem Bestellwert von CHF. 500.-. Unterhalb dieses Betrags wird eine Pauschale von CHF. 15,90 zu entrichten. <\/p>\n<p>Bei allen Online-Bestellungen f\u00fchren wir immer einen Telefonanruf durch, um sicherzustellen, dass Sie das richtige Produkt f\u00fcr Ihre Bed\u00fcrfnisse ausgew\u00e4hlt haben. So k\u00f6nnen Sie sicher sein, dass Sie die richtige Wahl treffen. <\/p>\n<p>Bitte beachten Sie, dass die Promo-Codes nicht kumulierbar sind und der Rabatt auf Ihrer Bestellung sichtbar ist.<\/p>\n","protected":false},"excerpt":{"rendered":"<p>F\u00fcr Ihren Empfang, Ihre Ausstellungen, ein Maximum an Pr\u00e4sentation auf einem Minimum an Platz!<\/p>\n","protected":false},"featured_media":102040,"template":"","meta":{"slim_seo":{"title":"Multiformat-Display kleines Modell - Suisse - C.Diff-Prom","description":"F\u00fcr Ihren Empfang, Ihre Ausstellungen, ein Maximum an Pr\u00e4sentation auf einem Minimum an Platz!"}},"product_brand":[],"product_cat":[6583,6388],"product_tag":[6590,6364],"class_list":{"0":"post-106304","1":"product","2":"type-product","3":"status-publish","4":"has-post-thumbnail","6":"product_cat-bodendisplays","7":"product_cat-presentoirs","8":"product_tag-grosraumdisplays","9":"product_tag-pos-materialien","11":"first","12":"instock","13":"taxable","14":"shipping-taxable","15":"purchasable","16":"product-type-simple"},"_links":{"self":[{"href":"https:\/\/cdiffprom.ch\/de\/wp-json\/wp\/v2\/product\/106304","targetHints":{"allow":["GET"]}}],"collection":[{"href":"https:\/\/cdiffprom.ch\/de\/wp-json\/wp\/v2\/product"}],"about":[{"href":"https:\/\/cdiffprom.ch\/de\/wp-json\/wp\/v2\/types\/product"}],"wp:featuredmedia":[{"embeddable":true,"href":"https:\/\/cdiffprom.ch\/de\/wp-json\/wp\/v2\/media\/102040"}],"wp:attachment":[{"href":"https:\/\/cdiffprom.ch\/de\/wp-json\/wp\/v2\/media?parent=106304"}],"wp:term":[{"taxonomy":"product_brand","embeddable":true,"href":"https:\/\/cdiffprom.ch\/de\/wp-json\/wp\/v2\/product_brand?post=106304"},{"taxonomy":"product_cat","embeddable":true,"href":"https:\/\/cdiffprom.ch\/de\/wp-json\/wp\/v2\/product_cat?post=106304"},{"taxonomy":"product_tag","embeddable":true,"href":"https:\/\/cdiffprom.ch\/de\/wp-json\/wp\/v2\/product_tag?post=106304"}],"curies":[{"name":"wp","href":"https:\/\/api.w.org\/{rel}","templated":true}]}}