{"id":106305,"date":"2019-07-26T07:07:15","date_gmt":"2019-07-26T05:07:15","guid":{"rendered":"https:\/\/cdiffprom.ch\/produit\/prospektstaender-mit-grosser-kapazitaet\/"},"modified":"2019-07-26T07:07:15","modified_gmt":"2019-07-26T05:07:15","slug":"prospektstaender-mit-grosser-kapazitaet","status":"publish","type":"product","link":"https:\/\/cdiffprom.ch\/de\/produit\/prospektstaender-mit-grosser-kapazitaet\/","title":{"rendered":"Prospektst\u00e4nder mit gro\u00dfer Kapazit\u00e4t"},"content":{"rendered":"<ul>\n<li>Verwendung in Gesch\u00e4ften, Agenturen, Boutiquen oder an der Rezeption zur Auslage Ihrer Kataloge, Prospekte und Brosch\u00fcren.<\/li>\n<li>Anreihbares Einzelelement bestehend aus 6 Regalen, Nutzlast 65 cm x H 35 cm mit Wangen<\/li>\n<li>Sehr stabil 100 % Metall mit hochfester wei\u00dfer Epoxidlackierung<\/li>\n<li>8 cm Fassungsverm\u00f6gen f\u00fcr Dokumente auf der Vorderkante<\/li>\n<li>H\u00f6he 200 cm x<\/li>\n<li>Tiefe 40 cm<\/li>\n<\/ul>\n","protected":false},"excerpt":{"rendered":"<p>Maximale Kapazit\u00e4t auf kleinstem Raum<\/p>\n","protected":false},"featured_media":102046,"template":"","meta":{"slim_seo":{"title":"Prospektst\u00e4nder mit gro\u00dfer Kapazit\u00e4t - Suisse - C.Diff-Prom","description":"Maximale Kapazit\u00e4t auf kleinstem Raum"}},"product_brand":[],"product_cat":[6594,6388],"product_tag":[6590],"class_list":{"0":"post-106305","1":"product","2":"type-product","3":"status-publish","4":"has-post-thumbnail","6":"product_cat-grosraumdisplays-de","7":"product_cat-presentoirs","8":"product_tag-grosraumdisplays","9":"pa_typologie-mit-wangen","10":"pa_typologie-ohne-wange","12":"first","13":"instock","14":"taxable","15":"shipping-taxable","16":"purchasable","17":"product-type-variable"},"_links":{"self":[{"href":"https:\/\/cdiffprom.ch\/de\/wp-json\/wp\/v2\/product\/106305","targetHints":{"allow":["GET"]}}],"collection":[{"href":"https:\/\/cdiffprom.ch\/de\/wp-json\/wp\/v2\/product"}],"about":[{"href":"https:\/\/cdiffprom.ch\/de\/wp-json\/wp\/v2\/types\/product"}],"wp:featuredmedia":[{"embeddable":true,"href":"https:\/\/cdiffprom.ch\/de\/wp-json\/wp\/v2\/media\/102046"}],"wp:attachment":[{"href":"https:\/\/cdiffprom.ch\/de\/wp-json\/wp\/v2\/media?parent=106305"}],"wp:term":[{"taxonomy":"product_brand","embeddable":true,"href":"https:\/\/cdiffprom.ch\/de\/wp-json\/wp\/v2\/product_brand?post=106305"},{"taxonomy":"product_cat","embeddable":true,"href":"https:\/\/cdiffprom.ch\/de\/wp-json\/wp\/v2\/product_cat?post=106305"},{"taxonomy":"product_tag","embeddable":true,"href":"https:\/\/cdiffprom.ch\/de\/wp-json\/wp\/v2\/product_tag?post=106305"}],"curies":[{"name":"wp","href":"https:\/\/api.w.org\/{rel}","templated":true}]}}