{"id":106306,"date":"2019-07-26T07:07:12","date_gmt":"2019-07-26T05:07:12","guid":{"rendered":"https:\/\/cdiffprom.ch\/produit\/auslagen-fuer-schraegablagen-und-truhe\/"},"modified":"2019-07-26T07:07:12","modified_gmt":"2019-07-26T05:07:12","slug":"auslagen-fuer-schraegablagen-und-truhe","status":"publish","type":"product","link":"https:\/\/cdiffprom.ch\/de\/produit\/auslagen-fuer-schraegablagen-und-truhe\/","title":{"rendered":"Auslagen f\u00fcr Schr\u00e4gablagen und Truhe"},"content":{"rendered":"<ul>\n<li>F\u00fcr die \u00f6ffentliche Auslage Ihrer Kataloge, Magazine, Prospekte und Brosch\u00fcren 5 geneigte Metallfachb\u00f6den<\/li>\n<li>H.32 cm x<\/li>\n<li>L. 90 cm<\/li>\n<li>Fachb\u00f6den mit gro\u00dfer Dicke: 6 cm f\u00fcr Dokumente<\/li>\n<li>Fest auf Zylindern.<\/li>\n<li>Geringer Platzbedarf.<\/li>\n<li>Sehr robuste Konstruktion aus 100 % Metall, Farbe schwarz\/grau geh\u00e4mmert.<\/li>\n<li>Sie k\u00f6nnen aneinandergereiht werden, um &#8222;Linear&#8220;-Pr\u00e4sentationen zu bilden.<\/li>\n<li>Gesamte Abmessungen: H\u00f6he 181 cm x Breite 94,5 cm x Tiefe 27 cm <\/li>\n<\/ul>\n","protected":false},"excerpt":{"rendered":"<p>Modernes und \u00e4sthetisches Design f\u00fcr eine hervorragende Pr\u00e4sentation Ihrer Magazine oder Zeitungen.<\/p>\n","protected":false},"featured_media":102032,"template":"","meta":{"slim_seo":{"title":"Auslagen f\u00fcr Schr\u00e4gablagen und Truhe - Suisse - C.Diff-Prom","description":"Modernes und \u00e4sthetisches Design f\u00fcr eine hervorragende Pr\u00e4sentation Ihrer Magazine oder Zeitungen."}},"product_brand":[],"product_cat":[6594,6388],"product_tag":[6590],"class_list":{"0":"post-106306","1":"product","2":"type-product","3":"status-publish","4":"has-post-thumbnail","6":"product_cat-grosraumdisplays-de","7":"product_cat-presentoirs","8":"product_tag-grosraumdisplays","10":"first","11":"instock","12":"taxable","13":"shipping-taxable","14":"purchasable","15":"product-type-variable"},"_links":{"self":[{"href":"https:\/\/cdiffprom.ch\/de\/wp-json\/wp\/v2\/product\/106306","targetHints":{"allow":["GET"]}}],"collection":[{"href":"https:\/\/cdiffprom.ch\/de\/wp-json\/wp\/v2\/product"}],"about":[{"href":"https:\/\/cdiffprom.ch\/de\/wp-json\/wp\/v2\/types\/product"}],"wp:featuredmedia":[{"embeddable":true,"href":"https:\/\/cdiffprom.ch\/de\/wp-json\/wp\/v2\/media\/102032"}],"wp:attachment":[{"href":"https:\/\/cdiffprom.ch\/de\/wp-json\/wp\/v2\/media?parent=106306"}],"wp:term":[{"taxonomy":"product_brand","embeddable":true,"href":"https:\/\/cdiffprom.ch\/de\/wp-json\/wp\/v2\/product_brand?post=106306"},{"taxonomy":"product_cat","embeddable":true,"href":"https:\/\/cdiffprom.ch\/de\/wp-json\/wp\/v2\/product_cat?post=106306"},{"taxonomy":"product_tag","embeddable":true,"href":"https:\/\/cdiffprom.ch\/de\/wp-json\/wp\/v2\/product_tag?post=106306"}],"curies":[{"name":"wp","href":"https:\/\/api.w.org\/{rel}","templated":true}]}}