{"id":106315,"date":"2019-07-26T07:07:13","date_gmt":"2019-07-26T05:07:13","guid":{"rendered":"https:\/\/cdiffprom.ch\/produit\/broschuerenstaender-mit-reserve\/"},"modified":"2019-07-26T07:07:13","modified_gmt":"2019-07-26T05:07:13","slug":"broschuerenstaender-mit-reserve","status":"publish","type":"product","link":"https:\/\/cdiffprom.ch\/de\/produit\/broschuerenstaender-mit-reserve\/","title":{"rendered":"Brosch\u00fcrenst\u00e4nder mit Reserve"},"content":{"rendered":"<ul>\n<li>Die praktische L\u00f6sung, um alle Ihre Kataloge, Prospekte und Faltbl\u00e4tter gleichzeitig im selben Volumen zu lagern und zu pr\u00e4sentieren.<\/li>\n<li>Stapelbare und aneinanderreihbare Metallboxen (Schrauben werden mitgeliefert) f\u00fcr zahlreiche Konfigurationen.<\/li>\n<li>Jeder geneigte Metallboden ist drehbar und gleitet im Kasten, um den Zugang zum inneren Lagerraum zu erm\u00f6glichen.<\/li>\n<li>Metallcontainer, pulverbeschichtet, schwarz satiniert, Au\u00dfenabmessungen H 44 x B 90 x T 43 cm Dreh- und Kippfachboden aus Metall, hellgrau, H 40 x B 85 x Rand 2 cm, mit horizontalem Prospekthalter. <\/li>\n<li>Einteilige K\u00e4sten, die montiert geliefert werden, um gestapelt und aneinandergereiht zu werden.<\/li>\n<\/ul>\n","protected":false},"excerpt":{"rendered":"<p>Lagerung und Pr\u00e4sentation in einem einzigen Display<\/p>\n","protected":false},"featured_media":102038,"template":"","meta":{"slim_seo":{"title":"Brosch\u00fcrenst\u00e4nder mit Reserve - Suisse - C.Diff-Prom","description":"Lagerung und Pr\u00e4sentation in einem einzigen Display"}},"product_brand":[],"product_cat":[6594,6388],"product_tag":[6590],"class_list":{"0":"post-106315","1":"product","2":"type-product","3":"status-publish","4":"has-post-thumbnail","6":"product_cat-grosraumdisplays-de","7":"product_cat-presentoirs","8":"product_tag-grosraumdisplays","9":"pa_specifications-2-ebenen","10":"pa_specifications-3-ebenen","11":"pa_specifications-4-ebenen","12":"pa_specifications-5-ebenen","14":"first","15":"instock","16":"taxable","17":"shipping-taxable","18":"purchasable","19":"product-type-variable"},"_links":{"self":[{"href":"https:\/\/cdiffprom.ch\/de\/wp-json\/wp\/v2\/product\/106315","targetHints":{"allow":["GET"]}}],"collection":[{"href":"https:\/\/cdiffprom.ch\/de\/wp-json\/wp\/v2\/product"}],"about":[{"href":"https:\/\/cdiffprom.ch\/de\/wp-json\/wp\/v2\/types\/product"}],"wp:featuredmedia":[{"embeddable":true,"href":"https:\/\/cdiffprom.ch\/de\/wp-json\/wp\/v2\/media\/102038"}],"wp:attachment":[{"href":"https:\/\/cdiffprom.ch\/de\/wp-json\/wp\/v2\/media?parent=106315"}],"wp:term":[{"taxonomy":"product_brand","embeddable":true,"href":"https:\/\/cdiffprom.ch\/de\/wp-json\/wp\/v2\/product_brand?post=106315"},{"taxonomy":"product_cat","embeddable":true,"href":"https:\/\/cdiffprom.ch\/de\/wp-json\/wp\/v2\/product_cat?post=106315"},{"taxonomy":"product_tag","embeddable":true,"href":"https:\/\/cdiffprom.ch\/de\/wp-json\/wp\/v2\/product_tag?post=106315"}],"curies":[{"name":"wp","href":"https:\/\/api.w.org\/{rel}","templated":true}]}}