{"id":106320,"date":"2019-07-26T07:07:13","date_gmt":"2019-07-26T05:07:13","guid":{"rendered":"https:\/\/cdiffprom.ch\/produit\/multiformat-display-grosses-modell\/"},"modified":"2019-07-26T07:07:13","modified_gmt":"2019-07-26T05:07:13","slug":"multiformat-display-grosses-modell","status":"publish","type":"product","link":"https:\/\/cdiffprom.ch\/de\/produit\/multiformat-display-grosses-modell\/","title":{"rendered":"Multiformat-Display gro\u00dfes Modell"},"content":{"rendered":"<h3><strong><span style=\"color: #800000;\">Multiformat-Display gro\u00dfes Modell<\/span><br \/>\n<\/strong><\/h3>\n<p>Um Ihre gesamten Brosch\u00fcren aufzustellen, ist dieses gro\u00dfe Multiformat-Display ideal.<\/p>\n<p>Mit diesem Display k\u00f6nnen Sie Ihren Empfangsbereich neu gestalten. Er wird es Ihren Besuchern erleichtern, Ihre Brosch\u00fcren zu finden und Ihre Partnerschaft mit den wichtigsten touristischen Attraktionen in Ihrer Region zu verbessern. <\/p>\n<p>Dieser St\u00e4nder mit 21 F\u00e4chern eignet sich f\u00fcr die Formate A4-A5-1\/3 A4, die am h\u00e4ufigsten von Ihren Gesch\u00e4ftsanbietern verwendet werden, und wird eine gute Sichtbarkeit der darin enthaltenen Brosch\u00fcren hinterlassen.<\/p>\n<p>Der permanente sichtbare Rand von 15 cm bietet Ihren Besuchern gen\u00fcgend Sichtbarkeit, um die Attraktivit\u00e4t der Brosch\u00fcre zu steigern.<\/p>\n<p>Wenn Sie nicht genug Platz haben, k\u00f6nnen Sie den <span style=\"color: #800000;\"><a style=\"color: #800000;\" href=\"https:\/\/cdiffprom.ch\/produit\/presentoir-mutiformats-petit-modele\/\">kleineres Modell<\/a><\/span> besser geeignet.<\/p>\n<h4><strong><span style=\"color: #800000;\">Merkmale :<\/span><\/strong><\/h4>\n<ul>\n<li>F\u00fcr alle Arten und Formate von Prospekten, Katalogen, Zeitungen&#8230;<\/li>\n<li>Robuste und qualitativ hochwertige Verarbeitung<\/li>\n<li>Vollmetall-Display, schwarz epoxidbeschichtet, hochfest, 7 Ebenen, Nutzbreite max. 68 cm<\/li>\n<li>Kapazit\u00e4t pro Feld 5 cm Dokumente<\/li>\n<li>H\u00f6he 119 cm x Breite 72 cm x Tiefe 57 cm<\/li>\n<\/ul>\n<p><span style=\"color: #800000;\"><strong>Lieferbedingungen :<br \/>\n<\/strong><\/span><\/p>\n<p>Zu Ihrer Information: Nach Eingang Ihres Auftrags sind unsere Produkte innerhalb von etwa zehn Tagen lieferbar.<\/p>\n<p>Z\u00f6gern Sie nicht <u><a href=\"https:\/\/cdiffprom.ch\/elements\/contactez-nous\/\"><span style=\"color: #800000;\">kontaktieren Sie uns bitte.<\/span><\/a><\/u> Wenn Sie einen dringenderen Bedarf haben, haben wir immer eine schnellere L\u00f6sung f\u00fcr Sie und k\u00f6nnen Sie auch \u00fcber Rabatte bei Mengenbestellungen informieren.<\/p>\n<p>Einige Artikel k\u00f6nnen eine l\u00e4ngere Lieferzeit in Anspruch nehmen, da sie nicht auf Lager unseres Lieferanten sind. In diesem Fall werden Sie nach Eingang Ihrer Bestellung benachrichtigt. <\/p>\n<p>Wir liefern versandkostenfrei ab einem Bestellwert von CHF. 500.-. Unterhalb dieses Betrags wird eine Pauschale von CHF. 15,90 zu entrichten. <\/p>\n<p>Bei allen Online-Bestellungen f\u00fchren wir immer einen Telefonanruf durch, um sicherzustellen, dass Sie das richtige Produkt f\u00fcr Ihre Bed\u00fcrfnisse ausgew\u00e4hlt haben. So k\u00f6nnen Sie sicher sein, dass Sie die richtige Wahl treffen. <\/p>\n<p>Bitte beachten Sie, dass die Promo-Codes nicht kumulierbar sind und der Rabatt auf Ihrer Bestellung sichtbar ist.<\/p>\n","protected":false},"excerpt":{"rendered":"<p>F\u00fcr Ihren Empfang, Ihre Ausstellungen, ein Maximum an Pr\u00e4sentation auf einem Minimum an Platz!<\/p>\n","protected":false},"featured_media":102034,"template":"","meta":{"slim_seo":{"title":"Multiformat-Display gro\u00dfes Modell - Suisse - C.Diff-Prom","description":"F\u00fcr Ihren Empfang, Ihre Ausstellungen, ein Maximum an Pr\u00e4sentation auf einem Minimum an Platz!"}},"product_brand":[],"product_cat":[6583,6388],"product_tag":[6590,6364],"class_list":{"0":"post-106320","1":"product","2":"type-product","3":"status-publish","4":"has-post-thumbnail","6":"product_cat-bodendisplays","7":"product_cat-presentoirs","8":"product_tag-grosraumdisplays","9":"product_tag-pos-materialien","11":"first","12":"instock","13":"taxable","14":"shipping-taxable","15":"purchasable","16":"product-type-simple"},"_links":{"self":[{"href":"https:\/\/cdiffprom.ch\/de\/wp-json\/wp\/v2\/product\/106320","targetHints":{"allow":["GET"]}}],"collection":[{"href":"https:\/\/cdiffprom.ch\/de\/wp-json\/wp\/v2\/product"}],"about":[{"href":"https:\/\/cdiffprom.ch\/de\/wp-json\/wp\/v2\/types\/product"}],"wp:featuredmedia":[{"embeddable":true,"href":"https:\/\/cdiffprom.ch\/de\/wp-json\/wp\/v2\/media\/102034"}],"wp:attachment":[{"href":"https:\/\/cdiffprom.ch\/de\/wp-json\/wp\/v2\/media?parent=106320"}],"wp:term":[{"taxonomy":"product_brand","embeddable":true,"href":"https:\/\/cdiffprom.ch\/de\/wp-json\/wp\/v2\/product_brand?post=106320"},{"taxonomy":"product_cat","embeddable":true,"href":"https:\/\/cdiffprom.ch\/de\/wp-json\/wp\/v2\/product_cat?post=106320"},{"taxonomy":"product_tag","embeddable":true,"href":"https:\/\/cdiffprom.ch\/de\/wp-json\/wp\/v2\/product_tag?post=106320"}],"curies":[{"name":"wp","href":"https:\/\/api.w.org\/{rel}","templated":true}]}}