{"id":106328,"date":"2019-07-26T12:36:28","date_gmt":"2019-07-26T10:36:28","guid":{"rendered":"https:\/\/cdiffprom.ch\/produit\/kordel-mit-karabinerhaken-fuer-namensschilder\/"},"modified":"2019-07-26T12:36:28","modified_gmt":"2019-07-26T10:36:28","slug":"kordel-mit-karabinerhaken-fuer-namensschilder","status":"publish","type":"product","link":"https:\/\/cdiffprom.ch\/de\/produit\/kordel-mit-karabinerhaken-fuer-namensschilder\/","title":{"rendered":"Kordel mit Karabinerhaken f\u00fcr Namensschilder"},"content":{"rendered":"<ul>\n<li>Verwendung in B\u00fcros, Gesch\u00e4ften oder \u00f6ffentlichen Einrichtungen bei Konferenzen, Ausstellungen, Kongressen, Messen, Veranstaltungen Verwendung mit Kartenhalter<\/li>\n<li>Weiches schwarzes Polyester, 10 mm breit, 47 cm lang, zum Umh\u00e4ngen.<\/li>\n<li>Verchromter Karabinerhaken und Sicherheitsvorrichtung, die sich automatisch \u00f6ffnet, wenn die Spannung zu hoch ist.<\/li>\n<\/ul>\n","protected":false},"excerpt":{"rendered":"<p>Verwendung in B\u00fcros, Gesch\u00e4ften oder \u00f6ffentlichen Einrichtungen bei Konferenzen, Ausstellungen, Kongressen, Messen, Veranstaltungen Verwendung mit Kartenhalter Weiches schwarzes Polyester, 10 mm breit, 47 cm lang, zum Umh\u00e4ngen. Verchromter Karabinerhaken und Sicherheitsvorrichtung, die sich automatisch \u00f6ffnet, wenn die Spannung zu hoch ist.<\/p>\n","protected":false},"featured_media":102656,"template":"","meta":{"slim_seo":{"title":"Kordel mit Karabinerhaken f\u00fcr Namensschilder - Suisse - C.Diff-Prom","description":"Verwendung in B\u00fcros, Gesch\u00e4ften oder \u00f6ffentlichen Einrichtungen bei Konferenzen, Ausstellungen, Kongressen, Messen, Veranstaltungen Verwendung mit Kartenhalter"}},"product_brand":[],"product_cat":[6467,6355,6405],"product_tag":[6468,6406],"class_list":{"0":"post-106328","1":"product","2":"type-product","3":"status-publish","4":"has-post-thumbnail","6":"product_cat-empfangszubehor","7":"product_cat-konferenz","8":"product_cat-namensschilder","9":"product_tag-empfangszubehor","10":"product_tag-namensschilder","12":"first","13":"instock","14":"taxable","15":"shipping-taxable","16":"purchasable","17":"product-type-simple"},"_links":{"self":[{"href":"https:\/\/cdiffprom.ch\/de\/wp-json\/wp\/v2\/product\/106328","targetHints":{"allow":["GET"]}}],"collection":[{"href":"https:\/\/cdiffprom.ch\/de\/wp-json\/wp\/v2\/product"}],"about":[{"href":"https:\/\/cdiffprom.ch\/de\/wp-json\/wp\/v2\/types\/product"}],"wp:featuredmedia":[{"embeddable":true,"href":"https:\/\/cdiffprom.ch\/de\/wp-json\/wp\/v2\/media\/102656"}],"wp:attachment":[{"href":"https:\/\/cdiffprom.ch\/de\/wp-json\/wp\/v2\/media?parent=106328"}],"wp:term":[{"taxonomy":"product_brand","embeddable":true,"href":"https:\/\/cdiffprom.ch\/de\/wp-json\/wp\/v2\/product_brand?post=106328"},{"taxonomy":"product_cat","embeddable":true,"href":"https:\/\/cdiffprom.ch\/de\/wp-json\/wp\/v2\/product_cat?post=106328"},{"taxonomy":"product_tag","embeddable":true,"href":"https:\/\/cdiffprom.ch\/de\/wp-json\/wp\/v2\/product_tag?post=106328"}],"curies":[{"name":"wp","href":"https:\/\/api.w.org\/{rel}","templated":true}]}}