{"id":106331,"date":"2019-07-26T12:36:29","date_gmt":"2019-07-26T10:36:29","guid":{"rendered":"https:\/\/cdiffprom.ch\/produit\/valisette-zur-aufbewahrung-von-84-namensschildern\/"},"modified":"2025-04-24T16:27:33","modified_gmt":"2025-04-24T14:27:33","slug":"valisette-zur-aufbewahrung-von-84-namensschildern","status":"publish","type":"product","link":"https:\/\/cdiffprom.ch\/de\/produit\/valisette-zur-aufbewahrung-von-84-namensschildern\/","title":{"rendered":"Valisette zur Aufbewahrung von 84 Namensschildern"},"content":{"rendered":"<ul>\n<li>Kapazit\u00e4t: nutzbare Innenbreite 375 mm, 21 Rillen alle 10 mm, 4 Namensschilder nebeneinander, erm\u00f6glicht die Aufbewahrung\/Abheftung von 84 Namensschildern des Typs H.54 x B.86mm.<\/li>\n<li>Akzeptiert Ausweise in Kartenetuis, weichen oder harten Etuis.<\/li>\n<li>Transportgriff Schlie\u00dfung des Koffers.<\/li>\n<li>Harter, transparenter Kunststoff, Innenseite aus kompaktem Schaumstoff.<\/li>\n<li>Gesamtfl\u00e4che: H.80 x B.380 x T.300 mm<\/li>\n<li>Leergewicht 0.750kg<\/li>\n<\/ul>\n","protected":false},"excerpt":{"rendered":"<p>Ideal f\u00fcr die Aufbewahrung, den Transport und die Pr\u00e4sentation von Namensschildern, Ausweishaltern und Kreditkarten mit einer H\u00f6he von bis zu 65 mm und jeder Breite.<\/p>\n","protected":false},"featured_media":102660,"template":"","meta":{"slim_seo":{"title":"Valisette zur Aufbewahrung von 84 Namensschildern - Suisse - C.Diff-Prom","description":"Ideal f\u00fcr die Aufbewahrung, den Transport und die Pr\u00e4sentation von Namensschildern, Ausweishaltern und Kreditkarten mit einer H\u00f6he von bis zu 65 mm und jeder Br"}},"product_brand":[],"product_cat":[6355,6405],"product_tag":[6406],"class_list":{"0":"post-106331","1":"product","2":"type-product","3":"status-publish","4":"has-post-thumbnail","6":"product_cat-konferenz","7":"product_cat-namensschilder","8":"product_tag-namensschilder","10":"first","11":"instock","12":"taxable","13":"shipping-taxable","14":"purchasable","15":"product-type-simple"},"_links":{"self":[{"href":"https:\/\/cdiffprom.ch\/de\/wp-json\/wp\/v2\/product\/106331","targetHints":{"allow":["GET"]}}],"collection":[{"href":"https:\/\/cdiffprom.ch\/de\/wp-json\/wp\/v2\/product"}],"about":[{"href":"https:\/\/cdiffprom.ch\/de\/wp-json\/wp\/v2\/types\/product"}],"wp:featuredmedia":[{"embeddable":true,"href":"https:\/\/cdiffprom.ch\/de\/wp-json\/wp\/v2\/media\/102660"}],"wp:attachment":[{"href":"https:\/\/cdiffprom.ch\/de\/wp-json\/wp\/v2\/media?parent=106331"}],"wp:term":[{"taxonomy":"product_brand","embeddable":true,"href":"https:\/\/cdiffprom.ch\/de\/wp-json\/wp\/v2\/product_brand?post=106331"},{"taxonomy":"product_cat","embeddable":true,"href":"https:\/\/cdiffprom.ch\/de\/wp-json\/wp\/v2\/product_cat?post=106331"},{"taxonomy":"product_tag","embeddable":true,"href":"https:\/\/cdiffprom.ch\/de\/wp-json\/wp\/v2\/product_tag?post=106331"}],"curies":[{"name":"wp","href":"https:\/\/api.w.org\/{rel}","templated":true}]}}