{"id":106333,"date":"2019-07-26T12:37:36","date_gmt":"2019-07-26T10:37:36","guid":{"rendered":"https:\/\/cdiffprom.ch\/produit\/wandregal-mit-5-schluesselanhaengern\/"},"modified":"2025-04-24T16:27:34","modified_gmt":"2025-04-24T14:27:34","slug":"wandregal-mit-5-schluesselanhaengern","status":"publish","type":"product","link":"https:\/\/cdiffprom.ch\/de\/produit\/wandregal-mit-5-schluesselanhaengern\/","title":{"rendered":"Wandregal mit 5 Schl\u00fcsselanh\u00e4ngern"},"content":{"rendered":"<ul>\n<li>Praktisch und wirtschaftlich<\/li>\n<li>Geringer Platzbedarf und einfache Befestigung (Schrauben und Klebstoffe im Lieferumfang enthalten).<\/li>\n<li>Vollst\u00e4ndige Sichtbarkeit der Etiketten f\u00fcr sofortiges Auffinden.<\/li>\n<li>Indexierung aller 5 Felder des Racks m\u00f6glich<\/li>\n<li>Kunststoffhalter wird mit 5 farblich sortierten Schl\u00fcsselanh\u00e4ngern aus unzerbrechlichem Polypropylen geliefert.<\/li>\n<li>Kann an jeder Wand befestigt werden: Wand, Schrank, Schrank, Schubladeninnenseite, Fahrzeug, etc.<\/li>\n<\/ul>\n","protected":false},"excerpt":{"rendered":"<p>Alternative zum Schl\u00fcsselschrank!<\/p>\n","protected":false},"featured_media":102666,"template":"","meta":{"slim_seo":{"title":"Wandregal mit 5 Schl\u00fcsselanh\u00e4ngern - Suisse - C.Diff-Prom","description":"Alternative zum Schl\u00fcsselschrank!"}},"product_brand":[],"product_cat":[6355,6609],"product_tag":[6610],"class_list":{"0":"post-106333","1":"product","2":"type-product","3":"status-publish","4":"has-post-thumbnail","6":"product_cat-konferenz","7":"product_cat-schlusselanhanger-und-truhen","8":"product_tag-schlusselanhanger-und-schliesfacher","9":"pa_specifications-1-halter-5-schlusselanhanger","10":"pa_specifications-2-halterungen-10-schlusselanhanger","12":"first","13":"instock","14":"taxable","15":"shipping-taxable","16":"purchasable","17":"product-type-variable"},"_links":{"self":[{"href":"https:\/\/cdiffprom.ch\/de\/wp-json\/wp\/v2\/product\/106333","targetHints":{"allow":["GET"]}}],"collection":[{"href":"https:\/\/cdiffprom.ch\/de\/wp-json\/wp\/v2\/product"}],"about":[{"href":"https:\/\/cdiffprom.ch\/de\/wp-json\/wp\/v2\/types\/product"}],"wp:featuredmedia":[{"embeddable":true,"href":"https:\/\/cdiffprom.ch\/de\/wp-json\/wp\/v2\/media\/102666"}],"wp:attachment":[{"href":"https:\/\/cdiffprom.ch\/de\/wp-json\/wp\/v2\/media?parent=106333"}],"wp:term":[{"taxonomy":"product_brand","embeddable":true,"href":"https:\/\/cdiffprom.ch\/de\/wp-json\/wp\/v2\/product_brand?post=106333"},{"taxonomy":"product_cat","embeddable":true,"href":"https:\/\/cdiffprom.ch\/de\/wp-json\/wp\/v2\/product_cat?post=106333"},{"taxonomy":"product_tag","embeddable":true,"href":"https:\/\/cdiffprom.ch\/de\/wp-json\/wp\/v2\/product_tag?post=106333"}],"curies":[{"name":"wp","href":"https:\/\/api.w.org\/{rel}","templated":true}]}}