{"id":106342,"date":"2019-07-26T12:38:47","date_gmt":"2019-07-26T10:38:47","guid":{"rendered":"https:\/\/cdiffprom.ch\/produit\/wasserdichter-vertikaler-aussenposterstaender\/"},"modified":"2025-04-24T16:27:38","modified_gmt":"2025-04-24T14:27:38","slug":"wasserdichter-vertikaler-aussenposterstaender","status":"publish","type":"product","link":"https:\/\/cdiffprom.ch\/de\/produit\/wasserdichter-vertikaler-aussenposterstaender\/","title":{"rendered":"Wasserdichter vertikaler Au\u00dfenposterst\u00e4nder"},"content":{"rendered":"<h3><strong>Wasserdichter vertikaler Au\u00dfenposterst\u00e4nder<br \/>\n<\/strong><\/h3>\n<p>Dieser wasserdichte vertikale Posterst\u00e4nder f\u00fcr den Au\u00dfenbereich ist einseitig oder doppelseitig erh\u00e4ltlich, mit der M\u00f6glichkeit, das Format A4, A3 oder A2 in grau zu w\u00e4hlen.<\/p>\n<p>Pr\u00e4sentieren Sie Ihre Produkte und Werbeangebote mit diesem Posterst\u00e4nder mit Fu\u00df!<b><br \/>\n<\/b><\/p>\n<h4><strong>Technische Spezifikationen :<\/strong><\/h4>\n<ul>\n<li>H\u00f6he 133 oder 155 cm<\/li>\n<li>Metallsockel, 36 cm Durchmesser<\/li>\n<li>Alu-Fu\u00dfkreuz hellgrau, 50 x 25 mm<\/li>\n<\/ul>\n<p>Dank einer Drehvorrichtung f\u00fcr die Rahmen kann dieser Posterst\u00e4nder leicht im Hoch- oder Querformat ausgerichtet werden.<\/p>\n<p>Dieser Posterst\u00e4nder ist mit einem entspiegelten Plexiglasschutz ausgestattet, so dass er von allen Personen, die an Ihren Informationen interessiert sind, problemlos betrachtet werden kann.<\/p>\n<p>Das Einsetzen des Posters in den Plexiglasschutz ist ganz einfach. \u00d6ffnen Sie einfach die 4 Scharnierseiten des Rahmens und klappen Sie sie dann um. <\/p>\n<h4><strong>Vorschl\u00e4ge zur Nutzung :<\/strong><\/h4>\n<p>Dieser wasserdichte, vertikale Posterst\u00e4nder f\u00fcr den Au\u00dfenbereich ist ideal f\u00fcr tempor\u00e4re Beschilderungen und Informationsanzeigen, aber auch f\u00fcr die Bekanntmachung Ihrer besten Verkaufsaktionen oder neuer Produkte.<\/p>\n<p>Es ist auch f\u00fcr alle Restaurants geeignet, um Ihre verschiedenen Men\u00fcs oder Tagesangebote sowie die Spezialit\u00e4ten des Monats zu pr\u00e4sentieren.<\/p>\n<p>Dieser Posterhalter kann auch zu einem unverzichtbaren Artikel f\u00fcr Reiseb\u00fcros werden, damit Ihre Kunden Ihre besten aktuellen Reiseangebote sehen k\u00f6nnen.<\/p>\n<p>Es kann auch in einer Warteschlange erforderlich sein. Es kann z.B. bei einem einmaligen Ereignis in Ihrer Verkaufsstelle den Weg weisen. <\/p>\n<p>Dieser vertikale Posterst\u00e4nder wird mit allem Zubeh\u00f6r geliefert und kann sofort aufgebaut werden.<\/p>\n<p>M\u00f6glichkeit von Preisnachl\u00e4ssen, abh\u00e4ngig von der Anzahl der bestellten Artikel.<\/p>\n<p>Die Lieferzeit betr\u00e4gt ca. 10 Tage nach Eingang Ihrer Bestellung.<\/p>\n<p>Z\u00f6gern Sie nicht, <a href=\"https:\/\/cdiffprom.ch\/elements\/contactez-nous\/\">uns zu kontaktieren<\/a>, wenn Sie Fragen haben. Wir werden sicherlich eine L\u00f6sung f\u00fcr Ihr Modell finden. <\/p>\n","protected":false},"excerpt":{"rendered":"<p>Einfaches Wechseln von Postern im Freien &#8211; 100% wasserdicht!<\/p>\n","protected":false},"featured_media":102690,"template":"","meta":{"slim_seo":{"title":"Wasserdichter vertikaler Au\u00dfenposterst\u00e4nder - Suisse - C.Diff-Prom","description":"Einfaches Wechseln von Postern im Freien - 100% wasserdicht!"}},"product_brand":[],"product_cat":[6570,6342,6356],"product_tag":[6602,6585],"class_list":{"0":"post-106342","1":"product","2":"type-product","3":"status-publish","4":"has-post-thumbnail","6":"product_cat-100-wasserdicht","7":"product_cat-anzeige","8":"product_cat-plakatstander-auf-fuss","9":"product_tag-boden-nachrichtenhalter","10":"product_tag-bodenplakatstander","11":"pa_dimensions-a2-42-x-594-cm-de","12":"pa_dimensions-a3-297-x-42-cm-de","13":"pa_dimensions-a4-21-x-297-cm-de","14":"pa_specifications-fus-133-cm","15":"pa_specifications-fus-158-cm","16":"pa_typologie-doppelte-seite","17":"pa_typologie-simple-face-de","19":"first","20":"instock","21":"taxable","22":"shipping-taxable","23":"purchasable","24":"product-type-variable"},"_links":{"self":[{"href":"https:\/\/cdiffprom.ch\/de\/wp-json\/wp\/v2\/product\/106342","targetHints":{"allow":["GET"]}}],"collection":[{"href":"https:\/\/cdiffprom.ch\/de\/wp-json\/wp\/v2\/product"}],"about":[{"href":"https:\/\/cdiffprom.ch\/de\/wp-json\/wp\/v2\/types\/product"}],"wp:featuredmedia":[{"embeddable":true,"href":"https:\/\/cdiffprom.ch\/de\/wp-json\/wp\/v2\/media\/102690"}],"wp:attachment":[{"href":"https:\/\/cdiffprom.ch\/de\/wp-json\/wp\/v2\/media?parent=106342"}],"wp:term":[{"taxonomy":"product_brand","embeddable":true,"href":"https:\/\/cdiffprom.ch\/de\/wp-json\/wp\/v2\/product_brand?post=106342"},{"taxonomy":"product_cat","embeddable":true,"href":"https:\/\/cdiffprom.ch\/de\/wp-json\/wp\/v2\/product_cat?post=106342"},{"taxonomy":"product_tag","embeddable":true,"href":"https:\/\/cdiffprom.ch\/de\/wp-json\/wp\/v2\/product_tag?post=106342"}],"curies":[{"name":"wp","href":"https:\/\/api.w.org\/{rel}","templated":true}]}}