{"id":106347,"date":"2019-07-26T12:38:45","date_gmt":"2019-07-26T10:38:45","guid":{"rendered":"https:\/\/cdiffprom.ch\/produit\/vertikaler-posterhalter-s-fuss\/"},"modified":"2019-07-26T12:38:45","modified_gmt":"2019-07-26T10:38:45","slug":"vertikaler-posterhalter-s-fuss","status":"publish","type":"product","link":"https:\/\/cdiffprom.ch\/de\/produit\/vertikaler-posterhalter-s-fuss\/","title":{"rendered":"Vertikaler Posterhalter s\/fuss"},"content":{"rendered":"<h3><strong><span style=\"color: #800000;\">Vertikaler Posterst\u00e4nder<br \/>\n<\/span><\/strong><\/h3>\n<p>Dieser vertikale Posterst\u00e4nder ist einseitig oder doppelseitig, in den Formaten A4 oder A3, in grau oder schwarz erh\u00e4ltlich.<\/p>\n<p>Pr\u00e4sentieren Sie Ihre Produkte und Werbeangebote mit diesem Posterst\u00e4nder mit Fu\u00df!<b><br \/>\n<\/b><\/p>\n<h4><span style=\"color: #800000;\"><strong>Technische Spezifikationen :<\/strong><\/span><\/h4>\n<ul>\n<li>H\u00f6he 133 oder 158 cm<\/li>\n<li>Rechteckige Sockel 30 x 42 cm<\/li>\n<li>Alu-Fu\u00dfgestell in hellgrau oder schwarz, auf beschwertem Sockel 30&#215;42 cm<\/li>\n<\/ul>\n<p>Dank einer Drehvorrichtung f\u00fcr die Rahmen kann dieser Posterst\u00e4nder leicht im Hoch- oder Querformat ausgerichtet werden.<\/p>\n<p>Dieser Posterst\u00e4nder ist mit einem entspiegelten Plexiglasschutz ausgestattet, so dass er von allen Personen, die an Ihren Informationen interessiert sind, problemlos betrachtet werden kann.<\/p>\n<p>Das Einsetzen des Posters in den Plexiglasschutz ist ganz einfach. \u00d6ffnen Sie einfach die 4 Scharnierseiten des Rahmens und klappen Sie sie dann um. <\/p>\n<h4><strong><span style=\"color: #800000;\">Vorschl\u00e4ge zur Nutzung :<\/span><\/strong><\/h4>\n<p>Dieser vertikale Posterst\u00e4nder ist ideal f\u00fcr tempor\u00e4re Beschilderungen und Informationsdisplays, aber auch um Ihre besten Verkaufsaktionen oder neue Produkte zu pr\u00e4sentieren.<\/p>\n<p>Es ist auch f\u00fcr alle Restaurants geeignet, um Ihre verschiedenen Men\u00fcs oder Tagesangebote sowie die Spezialit\u00e4ten des Monats zu pr\u00e4sentieren.<\/p>\n<p>Dieser Posterhalter kann auch zu einem unverzichtbaren Artikel f\u00fcr Reiseb\u00fcros werden, damit Ihre Kunden Ihre besten aktuellen Reiseangebote sehen k\u00f6nnen.<\/p>\n<p>Es kann auch in einer Warteschlange erforderlich sein. Es kann z.B. bei einem einmaligen Ereignis in Ihrer Verkaufsstelle den Weg weisen. <\/p>\n<p>Dieser vertikale Posterst\u00e4nder wird mit allem Zubeh\u00f6r geliefert und kann sofort aufgebaut werden.<\/p>\n<p>M\u00f6glichkeit von Preisnachl\u00e4ssen, abh\u00e4ngig von der Anzahl der bestellten Artikel.<\/p>\n<p>Die Lieferzeit betr\u00e4gt ca. 10 Tage nach Eingang Ihrer Bestellung.<\/p>\n<p>Z\u00f6gern Sie nicht <span style=\"color: #800000;\"><a style=\"color: #800000;\" href=\"https:\/\/cdiffprom.ch\/elements\/contactez-nous\/\">kontaktieren Sie uns bitte.<\/a><\/span> wenn Sie Fragen haben. Wir werden sicherlich eine L\u00f6sung finden, die Ihren Bed\u00fcrfnissen entspricht. <\/p>\n<p>&nbsp;<\/p>\n<p>&nbsp;<\/p>\n","protected":false},"excerpt":{"rendered":"<p>Erh\u00e4ltlich in ein- und doppelseitiger Ausf\u00fchrung<\/p>\n","protected":false},"featured_media":101630,"template":"","meta":{"slim_seo":{"title":"Vertikaler Posterhalter s\/fuss - Suisse - C.Diff-Prom","description":"Erh\u00e4ltlich in ein- und doppelseitiger Ausf\u00fchrung"}},"product_brand":[],"product_cat":[6342,6356],"product_tag":[6602,6585],"class_list":{"0":"post-106347","1":"product","2":"type-product","3":"status-publish","4":"has-post-thumbnail","6":"product_cat-anzeige","7":"product_cat-plakatstander-auf-fuss","8":"product_tag-boden-nachrichtenhalter","9":"product_tag-bodenplakatstander","10":"pa_dimensions-a3-297-x-42-cm-de","11":"pa_dimensions-a4-21-x-297-cm-de","12":"pa_typologie-doppelte-seite","13":"pa_typologie-simple-face-de","15":"first","16":"instock","17":"taxable","18":"shipping-taxable","19":"purchasable","20":"product-type-variable"},"_links":{"self":[{"href":"https:\/\/cdiffprom.ch\/de\/wp-json\/wp\/v2\/product\/106347","targetHints":{"allow":["GET"]}}],"collection":[{"href":"https:\/\/cdiffprom.ch\/de\/wp-json\/wp\/v2\/product"}],"about":[{"href":"https:\/\/cdiffprom.ch\/de\/wp-json\/wp\/v2\/types\/product"}],"wp:featuredmedia":[{"embeddable":true,"href":"https:\/\/cdiffprom.ch\/de\/wp-json\/wp\/v2\/media\/101630"}],"wp:attachment":[{"href":"https:\/\/cdiffprom.ch\/de\/wp-json\/wp\/v2\/media?parent=106347"}],"wp:term":[{"taxonomy":"product_brand","embeddable":true,"href":"https:\/\/cdiffprom.ch\/de\/wp-json\/wp\/v2\/product_brand?post=106347"},{"taxonomy":"product_cat","embeddable":true,"href":"https:\/\/cdiffprom.ch\/de\/wp-json\/wp\/v2\/product_cat?post=106347"},{"taxonomy":"product_tag","embeddable":true,"href":"https:\/\/cdiffprom.ch\/de\/wp-json\/wp\/v2\/product_tag?post=106347"}],"curies":[{"name":"wp","href":"https:\/\/api.w.org\/{rel}","templated":true}]}}