{"id":106354,"date":"2019-07-26T12:37:37","date_gmt":"2019-07-26T10:37:37","guid":{"rendered":"https:\/\/cdiffprom.ch\/produit\/25-schluesselanhaenger-in-verschiedenen-farben\/"},"modified":"2025-04-24T16:27:36","modified_gmt":"2025-04-24T14:27:36","slug":"25-schluesselanhaenger-in-verschiedenen-farben","status":"publish","type":"product","link":"https:\/\/cdiffprom.ch\/de\/produit\/25-schluesselanhaenger-in-verschiedenen-farben\/","title":{"rendered":"25 Schl\u00fcsselanh\u00e4nger in verschiedenen Farben"},"content":{"rendered":"<ul>\n<li>Verwendung durch Unternehmen, Gemeinden, Gesch\u00e4fte zur einfachen Identifizierung von Schl\u00fcsseln<\/li>\n<li>Sehr einfache Indexierung.<\/li>\n<li>Steife, unzerbrechliche, transparente Qualit\u00e4tsschl\u00fcsselanh\u00e4nger<\/li>\n<li>Doppelter \u00d8 18 mm Ring f\u00fcr mehr Komfort.<\/li>\n<li>Papieretikett im Format 22 x 42 mm, beidseitig lesbar, kann ohne Demontage des Ringes entfernt werden.<\/li>\n<li>Unzerbrechliches Polypropylen<\/li>\n<\/ul>\n","protected":false},"excerpt":{"rendered":"<p>Verwendung durch Unternehmen, Gemeinden, Gesch\u00e4fte zur einfachen Identifizierung von Schl\u00fcsseln Sehr einfache Indexierung. Steife, unzerbrechliche, transparente Qualit\u00e4tsschl\u00fcsselanh\u00e4nger Doppelter \u00d8 18 mm Ring f\u00fcr mehr Komfort. Papieretikett im Format 22 x 42 mm, beidseitig lesbar, kann ohne Demontage des Ringes entfernt werden. Unzerbrechliches Polypropylen<\/p>\n","protected":false},"featured_media":102670,"template":"","meta":{"slim_seo":{"title":"25 Schl\u00fcsselanh\u00e4nger in verschiedenen Farben - Suisse - C.Diff-Prom","description":"Verwendung durch Unternehmen, Gemeinden, Gesch\u00e4fte zur einfachen Identifizierung von Schl\u00fcsseln Sehr einfache Indexierung. Steife, unzerbrechliche, transparente"}},"product_brand":[],"product_cat":[6355,6609],"product_tag":[6610],"class_list":{"0":"post-106354","1":"product","2":"type-product","3":"status-publish","4":"has-post-thumbnail","6":"product_cat-konferenz","7":"product_cat-schlusselanhanger-und-truhen","8":"product_tag-schlusselanhanger-und-schliesfacher","9":"pa_couleurs-blau","10":"pa_couleurs-gelb","11":"pa_couleurs-grune","12":"pa_couleurs-rot","13":"pa_couleurs-weis","15":"first","16":"instock","17":"taxable","18":"shipping-taxable","19":"purchasable","20":"product-type-variable"},"_links":{"self":[{"href":"https:\/\/cdiffprom.ch\/de\/wp-json\/wp\/v2\/product\/106354","targetHints":{"allow":["GET"]}}],"collection":[{"href":"https:\/\/cdiffprom.ch\/de\/wp-json\/wp\/v2\/product"}],"about":[{"href":"https:\/\/cdiffprom.ch\/de\/wp-json\/wp\/v2\/types\/product"}],"wp:featuredmedia":[{"embeddable":true,"href":"https:\/\/cdiffprom.ch\/de\/wp-json\/wp\/v2\/media\/102670"}],"wp:attachment":[{"href":"https:\/\/cdiffprom.ch\/de\/wp-json\/wp\/v2\/media?parent=106354"}],"wp:term":[{"taxonomy":"product_brand","embeddable":true,"href":"https:\/\/cdiffprom.ch\/de\/wp-json\/wp\/v2\/product_brand?post=106354"},{"taxonomy":"product_cat","embeddable":true,"href":"https:\/\/cdiffprom.ch\/de\/wp-json\/wp\/v2\/product_cat?post=106354"},{"taxonomy":"product_tag","embeddable":true,"href":"https:\/\/cdiffprom.ch\/de\/wp-json\/wp\/v2\/product_tag?post=106354"}],"curies":[{"name":"wp","href":"https:\/\/api.w.org\/{rel}","templated":true}]}}