{"id":106378,"date":"2019-07-26T12:38:45","date_gmt":"2019-07-26T10:38:45","guid":{"rendered":"https:\/\/cdiffprom.ch\/produit\/teleskopischer-nachrichtenhalter-a4a5\/"},"modified":"2019-07-26T12:38:45","modified_gmt":"2019-07-26T10:38:45","slug":"teleskopischer-nachrichtenhalter-a4a5","status":"publish","type":"product","link":"https:\/\/cdiffprom.ch\/de\/produit\/teleskopischer-nachrichtenhalter-a4a5\/","title":{"rendered":"Teleskopischer Nachrichtenhalter a4&amp;a5"},"content":{"rendered":"<h3><strong><span style=\"color: #800000;\">Teleskopischer Nachrichtenhalter A4&amp;A5<\/span><\/strong><\/h3>\n<p>Mit diesem A4&amp;A5 Teleskop-Nachrichtenst\u00e4nder haben Sie eine ideale Beschilderung, die Sie in Ihren verschiedenen R\u00e4umlichkeiten einsetzen k\u00f6nnen. Au\u00dferdem sind die Informationen f\u00fcr alle Besucher gut lesbar. <\/p>\n<p>Dieser St\u00e4nder ist ausziehbar und kann in der H\u00f6he zwischen 70 und 120 cm variiert werden. Der stabile Metallsockel hat einen Durchmesser von 23 cm, w\u00e4hrend der Pfosten einen Durchmesser von 2,2 cm hat. <\/p>\n<p>Das Poster oder die Grafik wird in einen Rahmen eingef\u00fcgt, der durch eine transparente, &#8222;gew\u00f6lbte&#8220; Abdeckung aus unzerbrechlichem Polycarbonat geschlossen wird. Au\u00dferdem k\u00f6nnen Sie das Dokument ganz einfach austauschen, indem Sie die Abdeckung \u00f6ffnen. So sind Ihre Dokumente gut gesch\u00fctzt.  <\/p>\n<p>Dieser ausziehbare Nachrichtenhalter A4&amp;A5 hat einen festen Neigungswinkel von 45 Grad.<\/p>\n<p>Sie k\u00f6nnen diesen ausziehbaren A4&amp;A5 Nachrichtenst\u00e4nder mit Hilfe der eingebauten Drehvorrichtung sowohl im Hoch- als auch im Querformat ausrichten.<\/p>\n<p>Wir liefern Ihnen diesen Artikel mit allem Zubeh\u00f6r und bereit zur Installation.<\/p>\n<p>Das Format eines A4-Posters hat ein Gewicht von 2,6 kg, w\u00e4hrend das eines A5-Posters 2,15 kg betr\u00e4gt.<\/p>\n<h4><span style=\"color: #800000;\"><strong>Orte der Nutzung<\/strong> <\/span>:<\/h4>\n<p>Dieser ausziehbare Nachrichtenhalter A4&amp;A5 mit seinem klaren Design ist ideal f\u00fcr den Einsatz in<\/p>\n<ul>\n<li>Reiseb\u00fcros, um neue Urlaubsangebote zu f\u00f6rdern<\/li>\n<li>Restaurants, um dem Gast schon beim Betreten des Restaurants einige Ideen f\u00fcr das Tagesmen\u00fc zu geben.<\/li>\n<li>Werkst\u00e4tten, um brandneue Modelle zu pr\u00e4sentieren, um einen potenziellen K\u00e4ufer anzuziehen<\/li>\n<li>verschiedene Verkaufsstellen, um z.B. bei einmaligen Ereignissen eine provisorische Richtung vorzugeben.<\/li>\n<\/ul>\n<p>und nat\u00fcrlich kann es auch bei einmaligen Ereignissen oder Warteschlangen die Menschen mit tempor\u00e4ren Informationen versorgen.<\/p>\n<p>Zu Ihrer Information: Die Preise k\u00f6nnen je nach Bestellmenge gesenkt werden. Die Lieferung wird ca. 10 Tage nach Ihrer Auftragsbest\u00e4tigung organisiert. <\/p>\n<p>Z\u00f6gern Sie nicht <span style=\"color: #800000;\"><a style=\"color: #800000;\" href=\"https:\/\/cdiffprom.ch\/elements\/contactez-nous\/\">kontaktieren Sie uns bitte.<\/a><\/span> wenn Sie Fragen haben. Wir werden sicher eine L\u00f6sung f\u00fcr Ihre verschiedenen Bed\u00fcrfnisse finden. <\/p>\n<p>&nbsp;<\/p>\n<p>&nbsp;<\/p>\n<p>&nbsp;<\/p>\n<p>&nbsp;<\/p>\n","protected":false},"excerpt":{"rendered":"<p>Schlichtes Design, h\u00f6henverstellbar von 70 bis 120 cm \u00fcber alles<\/p>\n","protected":false},"featured_media":61178,"template":"","meta":{"slim_seo":{"title":"Teleskopischer Nachrichtenhalter a4&amp;a5 - Suisse - C.Diff-Prom","description":"Schlichtes Design, h\u00f6henverstellbar von 70 bis 120 cm \u00fcber alles"}},"product_brand":[],"product_cat":[6342,6601,6355,6356],"product_tag":[6602,6585],"class_list":{"0":"post-106378","1":"product","2":"type-product","3":"status-publish","4":"has-post-thumbnail","6":"product_cat-anzeige","7":"product_cat-boden-nachrichtenhalter","8":"product_cat-konferenz","9":"product_cat-plakatstander-auf-fuss","10":"product_tag-boden-nachrichtenhalter","11":"product_tag-bodenplakatstander","12":"pa_dimensions-a4-21-x-297-cm-de","13":"pa_dimensions-a5-14-8-x-21-cm-de","15":"first","16":"instock","17":"taxable","18":"shipping-taxable","19":"purchasable","20":"product-type-variable"},"_links":{"self":[{"href":"https:\/\/cdiffprom.ch\/de\/wp-json\/wp\/v2\/product\/106378","targetHints":{"allow":["GET"]}}],"collection":[{"href":"https:\/\/cdiffprom.ch\/de\/wp-json\/wp\/v2\/product"}],"about":[{"href":"https:\/\/cdiffprom.ch\/de\/wp-json\/wp\/v2\/types\/product"}],"wp:featuredmedia":[{"embeddable":true,"href":"https:\/\/cdiffprom.ch\/de\/wp-json\/wp\/v2\/media\/61178"}],"wp:attachment":[{"href":"https:\/\/cdiffprom.ch\/de\/wp-json\/wp\/v2\/media?parent=106378"}],"wp:term":[{"taxonomy":"product_brand","embeddable":true,"href":"https:\/\/cdiffprom.ch\/de\/wp-json\/wp\/v2\/product_brand?post=106378"},{"taxonomy":"product_cat","embeddable":true,"href":"https:\/\/cdiffprom.ch\/de\/wp-json\/wp\/v2\/product_cat?post=106378"},{"taxonomy":"product_tag","embeddable":true,"href":"https:\/\/cdiffprom.ch\/de\/wp-json\/wp\/v2\/product_tag?post=106378"}],"curies":[{"name":"wp","href":"https:\/\/api.w.org\/{rel}","templated":true}]}}