{"id":106389,"date":"2019-07-26T12:45:29","date_gmt":"2019-07-26T10:45:29","guid":{"rendered":"https:\/\/cdiffprom.ch\/produit\/set-kettenpfosten-rot-weiss\/"},"modified":"2025-04-24T16:27:46","modified_gmt":"2025-04-24T14:27:46","slug":"set-kettenpfosten-rot-weiss","status":"publish","type":"product","link":"https:\/\/cdiffprom.ch\/de\/produit\/set-kettenpfosten-rot-weiss\/","title":{"rendered":"Set Ketten+Pfosten rot\/wei\u00df"},"content":{"rendered":"<h3><span style=\"color: #800000;\"><strong>Set Ketten+Pfosten rot\/wei\u00df<\/strong><\/span><\/h3>\n<p>Sie k\u00f6nnen dieses rot\/wei\u00dfe Set aus Ketten und Pfosten problemlos in den verschiedenen Arbeitsbereichen einsetzen.<\/p>\n<h4><span style=\"color: #800000;\"><strong>Merkmale<\/strong><\/span><\/h4>\n<ul>\n<li>Pfosten aus rot-wei\u00dfem Kunststoff \u00f8 4 cm x H 95 cm auf Sockel 27 x 27 cm beschwert Gewicht 3,7 kg<\/li>\n<li>Kettenglieder 5 cm, abwechselnd rot-wei\u00df, Gesamtl\u00e4nge 2,5 m, bei Bedarf zuzuschneiden<\/li>\n<li>2 S-Haken plus 2 Schnellglieder<\/li>\n<\/ul>\n<h4><strong><span style=\"color: #800000;\">Lieferbedingungen<\/span><\/strong><\/h4>\n<p>Zu Ihrer Information: Nach Eingang Ihres Auftrags sind unsere Produkte innerhalb von etwa zehn Tagen lieferbar.<\/p>\n<p>Z\u00f6gern Sie nicht <span style=\"color: #800000;\"><strong><u><a style=\"color: #800000;\" href=\"https:\/\/cdiffprom.ch\/elements\/contactez-nous\/\">uns zu kontaktieren.<\/a><\/u><\/strong><\/span> Wenn Sie einen dringenderen Bedarf haben, k\u00f6nnen wir Ihnen immer eine schnellere L\u00f6sung anbieten.<\/p>\n<p>Wir sind auch gerne bereit, Ihnen Informationen \u00fcber Mengenrabatte zu geben.<\/p>\n<p>Einige Artikel k\u00f6nnen eine l\u00e4ngere Lieferzeit in Anspruch nehmen, da sie nicht auf Lager unseres Lieferanten sind. In diesem Fall werden Sie nach Eingang Ihrer Bestellung benachrichtigt. <\/p>\n<p>Wir liefern versandkostenfrei ab einem Bestellwert von CHF. 500.-. Unterhalb dieses Betrags wird eine Pauschale von CHF. 15,90 zu entrichten. <\/p>\n<p>Bei allen Online-Bestellungen f\u00fchren wir immer einen Telefonanruf durch, um sicherzustellen, dass Sie das richtige Produkt f\u00fcr Ihre Bed\u00fcrfnisse ausgew\u00e4hlt haben. So k\u00f6nnen Sie sicher sein, dass Sie die richtige Wahl treffen. <\/p>\n<p>Bitte beachten Sie, dass die Promo-Codes nicht kumulierbar sind und der Rabatt auf Ihrer Bestellung sichtbar ist.<\/p>\n<p>&nbsp;<\/p>\n","protected":false},"excerpt":{"rendered":"<p>Ideal f\u00fcr die Markierung in der N\u00e4he!<\/p>\n","protected":false},"featured_media":102708,"template":"","meta":{"slim_seo":{"title":"Set Ketten+Pfosten rot\/wei\u00df - Suisse - C.Diff-Prom","description":"Ideal f\u00fcr die Markierung in der N\u00e4he!"}},"product_brand":[],"product_cat":[6616,6355],"product_tag":[6617],"class_list":{"0":"post-106389","1":"product","2":"type-product","3":"status-publish","4":"has-post-thumbnail","6":"product_cat-fuhrungspfosten","7":"product_cat-konferenz","8":"product_tag-fuhrungspfosten","9":"pa_typologie-ketten-und-pfostenset-anfangselement","10":"pa_typologie-kit-ketten-pfosten-nachstes-element","12":"first","13":"instock","14":"taxable","15":"shipping-taxable","16":"purchasable","17":"product-type-variable"},"_links":{"self":[{"href":"https:\/\/cdiffprom.ch\/de\/wp-json\/wp\/v2\/product\/106389","targetHints":{"allow":["GET"]}}],"collection":[{"href":"https:\/\/cdiffprom.ch\/de\/wp-json\/wp\/v2\/product"}],"about":[{"href":"https:\/\/cdiffprom.ch\/de\/wp-json\/wp\/v2\/types\/product"}],"wp:featuredmedia":[{"embeddable":true,"href":"https:\/\/cdiffprom.ch\/de\/wp-json\/wp\/v2\/media\/102708"}],"wp:attachment":[{"href":"https:\/\/cdiffprom.ch\/de\/wp-json\/wp\/v2\/media?parent=106389"}],"wp:term":[{"taxonomy":"product_brand","embeddable":true,"href":"https:\/\/cdiffprom.ch\/de\/wp-json\/wp\/v2\/product_brand?post=106389"},{"taxonomy":"product_cat","embeddable":true,"href":"https:\/\/cdiffprom.ch\/de\/wp-json\/wp\/v2\/product_cat?post=106389"},{"taxonomy":"product_tag","embeddable":true,"href":"https:\/\/cdiffprom.ch\/de\/wp-json\/wp\/v2\/product_tag?post=106389"}],"curies":[{"name":"wp","href":"https:\/\/api.w.org\/{rel}","templated":true}]}}