{"id":106399,"date":"2019-07-26T12:45:30","date_gmt":"2019-07-26T10:45:30","guid":{"rendered":"https:\/\/cdiffprom.ch\/produit\/leitpfostenseil\/"},"modified":"2025-04-24T16:27:47","modified_gmt":"2025-04-24T14:27:47","slug":"leitpfostenseil","status":"publish","type":"product","link":"https:\/\/cdiffprom.ch\/de\/produit\/leitpfostenseil\/","title":{"rendered":"Leitpfosten+Seil"},"content":{"rendered":"<h3><span style=\"color: #800000;\"><strong>Leitpfosten+Seil<\/strong><\/span><\/h3>\n<p>Mit diesen Leitpfosten+Leitseilen haben Sie viele M\u00f6glichkeiten, Ihre Kunden und Besucher zu leiten oder auch einen tempor\u00e4ren Ausstellungs- oder Verkaufsbereich zu definieren.<\/p>\n<h4><span style=\"color: #800000;\"><strong>Merkmale<\/strong><\/span><\/h4>\n<ul>\n<li>Gesamth\u00f6he 91 cm, zylindrisches Rohr 7 cm, Sockel \u00d8 36 cm, beschwert 6 kg<\/li>\n<li>Multidirektionaler Einh\u00e4ngekopf f\u00fcr alle Arten von Karabinern<\/li>\n<li>Gedrehte&#8220; F\u00fchrungsseile \u00d8 35 mm, 200 cm lang, mit Karabinerhaken aus verchromtem Stahl.<\/li>\n<li>Vollst\u00e4ndig aus korrosionsbest\u00e4ndigem Stahl hergestellt.<\/li>\n<li>Optionales A4 Hochformat-Schild (H 29,7 x B 21 cm), beidseitig bedruckbar.<\/li>\n<li>Wandhalterung mit Haken, falls Sie ein Seil an der Wand befestigen m\u00fcssen.<\/li>\n<\/ul>\n<h4><span style=\"color: #800000;\"><strong>Lieferbedingungen<\/strong><\/span><\/h4>\n<p>Zu Ihrer Information: Nach Eingang Ihres Auftrags sind unsere Produkte innerhalb von etwa zehn Tagen lieferbar.<\/p>\n<p>Z\u00f6gern Sie nicht <u><a href=\"https:\/\/cdiffprom.ch\/elements\/contactez-nous\/\"><strong><span style=\"color: #800000;\">kontaktieren Sie uns bitte.<\/span><\/strong><\/a><\/u> Wenn Sie einen dringenderen Bedarf haben, haben wir immer eine schnellere L\u00f6sung f\u00fcr Sie und k\u00f6nnen Sie auch \u00fcber Rabatte bei Mengenbestellungen informieren.<\/p>\n<p>Einige Artikel k\u00f6nnen eine l\u00e4ngere Lieferzeit in Anspruch nehmen, da sie nicht auf Lager unseres Lieferanten sind. In diesem Fall werden Sie nach Eingang Ihrer Bestellung benachrichtigt. <\/p>\n<p>Wir liefern versandkostenfrei ab einem Bestellwert von CHF. 500.-. Unterhalb dieses Betrags wird eine Pauschale von CHF. 15,90 zu entrichten. <\/p>\n<p>Bei allen Online-Bestellungen f\u00fchren wir immer einen Telefonanruf durch, um sicherzustellen, dass Sie das richtige Produkt f\u00fcr Ihre Bed\u00fcrfnisse ausgew\u00e4hlt haben. So k\u00f6nnen Sie sicher sein, dass Sie die richtige Wahl treffen. <\/p>\n<p>Bitte beachten Sie, dass die Promo-Codes nicht kumulierbar sind und der Rabatt auf Ihrer Bestellung sichtbar ist.<\/p>\n","protected":false},"excerpt":{"rendered":"<p>Eine Reihe von Qualit\u00e4tsprodukten. 3 Farben f\u00fcr die Pfosten: matt schwarz, matt hellgrau oder verchromt. Verschiedene Farben der Kordeln  <\/p>\n","protected":false},"featured_media":102716,"template":"","meta":{"slim_seo":{"title":"Leitpfosten+Seil - Suisse - C.Diff-Prom","description":"Eine Reihe von Qualit\u00e4tsprodukten. 3 Farben f\u00fcr die Pfosten: matt schwarz, matt hellgrau oder verchromt. Verschiedene Farben der Kordeln"}},"product_brand":[],"product_cat":[6616,6355],"product_tag":[6617],"class_list":{"0":"post-106399","1":"product","2":"type-product","3":"status-publish","4":"has-post-thumbnail","6":"product_cat-fuhrungspfosten","7":"product_cat-konferenz","8":"product_tag-fuhrungspfosten","10":"first","11":"instock","12":"taxable","13":"shipping-taxable","14":"purchasable","15":"product-type-variable"},"_links":{"self":[{"href":"https:\/\/cdiffprom.ch\/de\/wp-json\/wp\/v2\/product\/106399","targetHints":{"allow":["GET"]}}],"collection":[{"href":"https:\/\/cdiffprom.ch\/de\/wp-json\/wp\/v2\/product"}],"about":[{"href":"https:\/\/cdiffprom.ch\/de\/wp-json\/wp\/v2\/types\/product"}],"wp:featuredmedia":[{"embeddable":true,"href":"https:\/\/cdiffprom.ch\/de\/wp-json\/wp\/v2\/media\/102716"}],"wp:attachment":[{"href":"https:\/\/cdiffprom.ch\/de\/wp-json\/wp\/v2\/media?parent=106399"}],"wp:term":[{"taxonomy":"product_brand","embeddable":true,"href":"https:\/\/cdiffprom.ch\/de\/wp-json\/wp\/v2\/product_brand?post=106399"},{"taxonomy":"product_cat","embeddable":true,"href":"https:\/\/cdiffprom.ch\/de\/wp-json\/wp\/v2\/product_cat?post=106399"},{"taxonomy":"product_tag","embeddable":true,"href":"https:\/\/cdiffprom.ch\/de\/wp-json\/wp\/v2\/product_tag?post=106399"}],"curies":[{"name":"wp","href":"https:\/\/api.w.org\/{rel}","templated":true}]}}